{"id":96613,"date":"2026-04-15T09:27:37","date_gmt":"2026-04-15T07:27:37","guid":{"rendered":"https:\/\/smania.store\/pl\/produkt\/driftmax-elektryczny-3-kolowy-kart-driftowy\/"},"modified":"2026-04-15T09:27:45","modified_gmt":"2026-04-15T07:27:45","slug":"driftmax-elektryczny-3-kolowy-kart-driftowy","status":"publish","type":"product","link":"https:\/\/smania.store\/pl\/produkt\/driftmax-elektryczny-3-kolowy-kart-driftowy\/","title":{"rendered":"DriftMax\u2122 elektryczny 3-ko\u0142owy kart driftowy"},"content":{"rendered":"<div class=\"smania_landing_description_title\">NOWO\u015a\u0106 \u2013 P\u0142ywaj i Dryfuj Jak Nigdy Dot\u0105d!<\/div>\n<div class=\"smania_landing_description_txt\">NAJLEPSZE DO\u015aWIADCZENIE DRIFTINGOWE DLA DZIECI I DOROS\u0141YCH!<\/div>\n<div class=\"smania_landing_description_subtitle\">Po\u017cegnaj nudne przeja\u017cd\u017cki i przywitaj ekscytacj\u0119 z DriftMax\u2122! Ten pot\u0119\u017cny pojazd nie tylko przyci\u0105ga spojrzenia, ale tak\u017ce oferuje niezapomniane do\u015bwiadczenie jazdy, kt\u00f3re \u0142\u0105czy styl z bezpiecze\u0144stwem.<\/div>\n<div class=\"smania_landing_description_list\">\n<ul>\n<li>Gotowy na przygod\u0119 z trzema ustawieniami pr\u0119dko\u015bci <\/li>\n<li>Szybki silnik bezszczotkowy 36V 250W <\/li>\n<li>\u0141adowanie w zaledwie 3-5 godzin <\/li>\n<li>Zasi\u0119g jazdy od 8 do 15 KM <\/li>\n<li>B\u0105d\u017a widoczny dzi\u0119ki \u015bwiat\u0142om LED i bocznym <\/li>\n<li>Mo\u017cliwo\u015b\u0107 dostosowania ustawie\u0144 jazdy za pomoc\u0105 Bluetooth<\/li>\n<\/ul><\/div>\n","protected":false},"excerpt":{"rendered":"<p>Wskocz na niego i odjed\u017a|Stylowy i elegancki design bez wysi\u0142ku|Zestaw ochronny do\u0142\u0105czony dla bezpiecze\u0144stwa|Kontroluj pr\u0119dko\u015bci z \u0142atwo\u015bci\u0105 i precyzj\u0105|O\u015bwietlenie: przednie \u015bwiat\u0142a LED i akcentowe|Tryby pr\u0119dko\u015bci: 3 regulowane poziomy|Bateria: 36V \/ 3.6Ah litowa |Silnik: 250W bezszczotkowy |Maksymalna pr\u0119dko\u015b\u0107: do 18 km\/h |Czas \u0142adowania: 3\u20135 godzin |Zasi\u0119g: 8\u201315 km na jednym \u0142adowaniu |No\u015bno\u015b\u0107: do 100 kg<\/p>\n","protected":false},"featured_media":96594,"template":"","meta":[],"product_cat":[17],"product_tag":[1513],"acf":[],"_links":{"self":[{"href":"https:\/\/smania.store\/pl\/wp-json\/wp\/v2\/product\/96613"}],"collection":[{"href":"https:\/\/smania.store\/pl\/wp-json\/wp\/v2\/product"}],"about":[{"href":"https:\/\/smania.store\/pl\/wp-json\/wp\/v2\/types\/product"}],"wp:featuredmedia":[{"embeddable":true,"href":"https:\/\/smania.store\/pl\/wp-json\/wp\/v2\/media\/96594"}],"wp:attachment":[{"href":"https:\/\/smania.store\/pl\/wp-json\/wp\/v2\/media?parent=96613"}],"wp:term":[{"taxonomy":"product_cat","embeddable":true,"href":"https:\/\/smania.store\/pl\/wp-json\/wp\/v2\/product_cat?post=96613"},{"taxonomy":"product_tag","embeddable":true,"href":"https:\/\/smania.store\/pl\/wp-json\/wp\/v2\/product_tag?post=96613"}],"curies":[{"name":"wp","href":"https:\/\/api.w.org\/{rel}","templated":true}]}}