{"id":96568,"date":"2026-04-14T09:37:35","date_gmt":"2026-04-14T07:37:35","guid":{"rendered":"https:\/\/smania.store\/pl\/produkt\/pawbrella-regulowany-parasol-dla-psa\/"},"modified":"2026-04-14T09:37:35","modified_gmt":"2026-04-14T07:37:35","slug":"pawbrella-regulowany-parasol-dla-psa","status":"publish","type":"product","link":"https:\/\/smania.store\/pl\/produkt\/pawbrella-regulowany-parasol-dla-psa\/","title":{"rendered":"PawBrella\u2122 regulowany parasol dla psa"},"content":{"rendered":"<div class=\"smania_landing_description_title\">NOWO\u015a\u0106: Najlepsza Przygoda na Pojazdach Ridingowych<\/div>\n<div class=\"smania_landing_description_txt\">Zachowaj swojego psa w suchym, niezale\u017cnie od pogody!<\/div>\n<div class=\"smania_landing_description_subtitle\">Spaceruj z psem wygodnie w deszczu z PawBrella\u2122, regulowanym parasolem na smyczy, zaprojektowanym aby utrzyma\u0107 ma\u0142e zwierz\u0119ta w sucho\u015bci i bezpiecze\u0144stwie. Dzi\u0119ki obrotowej r\u0105czce, przezroczystemu daszkowi i regulowanej d\u0142ugo\u015bci smyczy, deszczowe spacery sta\u0142y si\u0119 \u0142atwiejsze dla Was obojga.<\/div>\n<div class=\"smania_landing_description_list\">\n<ul>\n<li>Idealne dla ma\u0142ych ps\u00f3w \u2013 Zapewnia pe\u0142n\u0105 ochron\u0119 przed deszczem, zaprojektowane dla ma\u0142ych ras <\/li>\n<li>Przezroczysty daszek = Mniejsze l\u0119ki \u2013 Przezroczysta parasolka pozwala zwierz\u0119tom widzie\u0107 otoczenie i zachowa\u0107 spok\u00f3j podczas deszczowych spacer\u00f3w <\/li>\n<li>W pe\u0142ni regulowany \u2013 Obracana r\u0105czka + regulowana d\u0142ugo\u015b\u0107 trzonka + d\u0142ugo\u015b\u0107 smyczy pozwala na wygodne spacery na dowoln\u0105 odleg\u0142o\u015b\u0107 <\/li>\n<li>\u0141atwy do samodzielnego monta\u017cu \u2013 Szybki monta\u017c w kilka minut (klik, zablokuj) <\/li>\n<li>Odporna na warunki atmosferyczne konstrukcja \u2013 Wytrzyma\u0142y daszek i mocny metalowy trzonek zapewniaj\u0105 niezawodne dzia\u0142anie w deszczu lub wietrze<\/li>\n<\/ul><\/div>\n","protected":false},"excerpt":{"rendered":"<p>Regulowany uchwyt i smycz |Przezroczysty daszek dla komfortu |Idealny dla ma\u0142ych ps\u00f3w |Wodoodporny i wiatroszczelny|\u015arednica daszka: 70 cm |Uchwyt: Uchwyt w kszta\u0142cie C, obracaj\u0105cy\/uregulowany |Smycz: Wbudowana czarna smycz |Materia\u0142: Przezroczysty wodoodporny daszek + metalowy trzon<\/p>\n","protected":false},"featured_media":96554,"template":"","meta":[],"product_cat":[20],"product_tag":[],"acf":[],"_links":{"self":[{"href":"https:\/\/smania.store\/pl\/wp-json\/wp\/v2\/product\/96568"}],"collection":[{"href":"https:\/\/smania.store\/pl\/wp-json\/wp\/v2\/product"}],"about":[{"href":"https:\/\/smania.store\/pl\/wp-json\/wp\/v2\/types\/product"}],"wp:featuredmedia":[{"embeddable":true,"href":"https:\/\/smania.store\/pl\/wp-json\/wp\/v2\/media\/96554"}],"wp:attachment":[{"href":"https:\/\/smania.store\/pl\/wp-json\/wp\/v2\/media?parent=96568"}],"wp:term":[{"taxonomy":"product_cat","embeddable":true,"href":"https:\/\/smania.store\/pl\/wp-json\/wp\/v2\/product_cat?post=96568"},{"taxonomy":"product_tag","embeddable":true,"href":"https:\/\/smania.store\/pl\/wp-json\/wp\/v2\/product_tag?post=96568"}],"curies":[{"name":"wp","href":"https:\/\/api.w.org\/{rel}","templated":true}]}}