{"id":96270,"date":"2026-04-07T09:15:21","date_gmt":"2026-04-07T07:15:21","guid":{"rendered":"https:\/\/smania.store\/pl\/produkt\/rockyslide-5-w-1-zjezdzalnia-i-hustawka-dla-maluchow\/"},"modified":"2026-04-14T17:09:28","modified_gmt":"2026-04-14T15:09:28","slug":"rockyslide-5-w-1-zjezdzalnia-i-hustawka-dla-maluchow","status":"publish","type":"product","link":"https:\/\/smania.store\/pl\/produkt\/rockyslide-5-w-1-zjezdzalnia-i-hustawka-dla-maluchow\/","title":{"rendered":"RockySlide\u2122 5-w-1 zje\u017cd\u017calnia i hu\u015btawka dla maluch\u00f3w"},"content":{"rendered":"<div class=\"smania_landing_description_title\">NOWO\u015a\u0106: Ostateczna Przygoda na Je\u017adziku<\/div>\n<div class=\"smania_landing_description_txt\">Jedna zabawka. Niesko\u0144czone przygody.<\/div>\n<div class=\"smania_landing_description_subtitle\">RockySlide\u2122 \u0142\u0105czy pi\u0119\u0107 ekscytuj\u0105cych aktywno\u015bci w jednym solidnym, przyjaznym dla maluch\u00f3w zestawie do zabawy \u2014 zje\u017cd\u017calnia, hu\u015btawka, \u015bcianka wspinaczkowa, kosz do koszyk\u00f3wki i rzut pier\u015bcieniami. Stworzony z my\u015bl\u0105 o nieprzerwanym ruchu i kreatywnej zabawie, to wszystko w jednym zabawka, kt\u00f3ra utrzymuje dzieci aktywne, szcz\u0119\u015bliwe i bezpiecznie zaj\u0119te.<\/div>\n<div class=\"smania_landing_description_list\">\n<ul>\n<li>Pi\u0119\u0107 aktywno\u015bci w jednym: zje\u017cd\u017calnia, hu\u015btawka, mini drabinka, kosz do koszyk\u00f3wki i rzut rings <\/li>\n<li>Mocna, stabilna konstrukcja z bezpieczn\u0105, odporn\u0105 na przewr\u00f3cenie podstaw\u0105, kt\u00f3ra wspiera do 50 kg <\/li>\n<li>Delikatny ruch bujania z wbudowanym ogranicznikiem bezpiecze\u0144stwa, aby zapobiec zbyt du\u017cemu bujaniu <\/li>\n<li>Zje\u017cd\u017calnia zawiera por\u0119cze, stabiln\u0105 stref\u0119 startow\u0105, g\u0142adki odcinek pr\u0119dko\u015bci oraz mi\u0119kk\u0105 stref\u0119 l\u0105dowania <\/li>\n<li>Idealna do zabawy w pomieszczeniach lub na zewn\u0105trz i \u0142atwa do przenoszenia w razie potrzeby<\/li>\n<\/ul><\/div>\n","protected":false},"excerpt":{"rendered":"<p>5-w-1 wielofunkcyjna zabawa |Bezpieczny k\u0105t bujania |Stabilna i odporna na przewr\u00f3cenie |G\u0142adka zje\u017cd\u017calnia przyjazna dla maluch\u00f3w |Do u\u017cytku wewn\u0119trznego i zewn\u0119trznego|Kolory: R\u00f3\u017cowy lub Zielony |No\u015bno\u015b\u0107: Do 50 kg |Do\u0142\u0105czone akcesoria: Kosz do koszyk\u00f3wki, dmuchana pi\u0142ka, 4 pier\u015bcienie, zdejmowany sto\u0142ek |Funkcje: Zje\u017cd\u017calnia, hu\u015btawka, \u015bcianka wspinaczkowa, rzut pier\u015bcieniami, mini koszyk\u00f3wka |Zalecany wiek: 3+ lat<\/p>\n","protected":false},"featured_media":96254,"template":"","meta":[],"product_cat":[17],"product_tag":[1622],"acf":[],"_links":{"self":[{"href":"https:\/\/smania.store\/pl\/wp-json\/wp\/v2\/product\/96270"}],"collection":[{"href":"https:\/\/smania.store\/pl\/wp-json\/wp\/v2\/product"}],"about":[{"href":"https:\/\/smania.store\/pl\/wp-json\/wp\/v2\/types\/product"}],"wp:featuredmedia":[{"embeddable":true,"href":"https:\/\/smania.store\/pl\/wp-json\/wp\/v2\/media\/96254"}],"wp:attachment":[{"href":"https:\/\/smania.store\/pl\/wp-json\/wp\/v2\/media?parent=96270"}],"wp:term":[{"taxonomy":"product_cat","embeddable":true,"href":"https:\/\/smania.store\/pl\/wp-json\/wp\/v2\/product_cat?post=96270"},{"taxonomy":"product_tag","embeddable":true,"href":"https:\/\/smania.store\/pl\/wp-json\/wp\/v2\/product_tag?post=96270"}],"curies":[{"name":"wp","href":"https:\/\/api.w.org\/{rel}","templated":true}]}}