{"id":96128,"date":"2026-04-01T11:48:11","date_gmt":"2026-04-01T09:48:11","guid":{"rendered":"https:\/\/smania.store\/pl\/produkt\/beejar-sloik-na-miod-z-wzorem-pszczol-z-lyzeczka\/"},"modified":"2026-04-10T07:58:55","modified_gmt":"2026-04-10T05:58:55","slug":"beejar-sloik-na-miod-z-wzorem-pszczol-z-lyzeczka","status":"publish","type":"product","link":"https:\/\/smania.store\/pl\/produkt\/beejar-sloik-na-miod-z-wzorem-pszczol-z-lyzeczka\/","title":{"rendered":"BeeJar\u2122 s\u0142oik na mi\u00f3d z wzorem pszcz\u00f3\u0142 z \u0142y\u017ceczk\u0105"},"content":{"rendered":"<div class=\"smania_landing_description_title\">NOWO\u015a\u0106: \u0141atwe przechowywanie but\u00f3w pod \u0142\u00f3\u017ckiem<\/div>\n<div class=\"smania_landing_description_txt\">Elegancja spotyka s\u0142odycz<\/div>\n<div class=\"smania_landing_description_subtitle\"> Podnie\u015b sw\u00f3j st\u00f3\u0142 z BeeJar\u2122, pi\u0119knie wykonanym pojemnikiem na mi\u00f3d z czarn\u0105 i z\u0142ot\u0105 pokrywk\u0105 w kszta\u0142cie pszczo\u0142y oraz dopasowan\u0105 \u0142y\u017ck\u0105. Idealny jako funkcjonalny s\u0142oik lub dekoracyjny \u015brodek, dodaje luksusu i uroku ka\u017cdej kuchni, sto\u0142owi jadalnemu lub zestawowi do herbaty.<\/div>\n<div class=\"smania_landing_description_list\">\n<ul>\n<li>Elegancki projekt pszczo\u0142y \u2013 Czarna z\u0142ota nakr\u0119tka z pszczo\u0142\u0105 dodaje natychmiastowego luksusu ka\u017cdemu sto\u0142owi <\/li>\n<li>Wysokiej jako\u015bci materia\u0142y \u2013 Przezroczysty szklany s\u0142oik w po\u0142\u0105czeniu z wypolerowanymi metalowymi akcentami dla premium wygl\u0105du <\/li>\n<li>Funkcjonalny i stylowy \u2013 Idealny do miodu, cukru lub d\u017cem\u00f3w, a jednocze\u015bnie pe\u0142ni funkcj\u0119 dekoracyjn\u0105 <\/li>\n<li>Do\u0142\u0105czona \u0142y\u017ceczka \u2013 Uzgodniona \u0142y\u017ceczka u\u0142atwia serwowanie i dodaje elegancji <\/li>\n<li>\u015awietny pomys\u0142 na prezent \u2013 Pi\u0119kny element dla mi\u0142o\u015bnik\u00f3w herbaty, fan\u00f3w dekoracji wn\u0119trz lub na wyj\u0105tkowe okazje<\/li>\n<\/ul><\/div>\n","protected":false},"excerpt":{"rendered":"<p>Eleganckie wyko\u0144czenie w czerni i z\u0142ocie |Trwa\u0142a konstrukcja ze szk\u0142a |Zawiera koordynuj\u0105c\u0105 \u0142y\u017ck\u0119 |Idealny do serwowania lub wystawiania|Materia\u0142: S\u0142oik szklany + polerowana metalowa pokrywka |Motyw: Pszczo\u0142a \/ luksusowa dekoracja zwierz\u0119ca |Kolor: Czarno-z\u0142oty |W zestawie: Pasuj\u0105ca \u0142y\u017ceczka<\/p>\n","protected":false},"featured_media":96116,"template":"","meta":[],"product_cat":[16],"product_tag":[2484],"acf":[],"_links":{"self":[{"href":"https:\/\/smania.store\/pl\/wp-json\/wp\/v2\/product\/96128"}],"collection":[{"href":"https:\/\/smania.store\/pl\/wp-json\/wp\/v2\/product"}],"about":[{"href":"https:\/\/smania.store\/pl\/wp-json\/wp\/v2\/types\/product"}],"wp:featuredmedia":[{"embeddable":true,"href":"https:\/\/smania.store\/pl\/wp-json\/wp\/v2\/media\/96116"}],"wp:attachment":[{"href":"https:\/\/smania.store\/pl\/wp-json\/wp\/v2\/media?parent=96128"}],"wp:term":[{"taxonomy":"product_cat","embeddable":true,"href":"https:\/\/smania.store\/pl\/wp-json\/wp\/v2\/product_cat?post=96128"},{"taxonomy":"product_tag","embeddable":true,"href":"https:\/\/smania.store\/pl\/wp-json\/wp\/v2\/product_tag?post=96128"}],"curies":[{"name":"wp","href":"https:\/\/api.w.org\/{rel}","templated":true}]}}