{"id":96064,"date":"2026-03-30T06:50:42","date_gmt":"2026-03-30T04:50:42","guid":{"rendered":"https:\/\/smania.store\/pl\/produkt\/rattanbloom-stojace-donice-z-rattanu\/"},"modified":"2026-04-19T15:59:24","modified_gmt":"2026-04-19T13:59:24","slug":"rattanbloom-stojace-donice-z-rattanu","status":"publish","type":"product","link":"https:\/\/smania.store\/pl\/produkt\/rattanbloom-stojace-donice-z-rattanu\/","title":{"rendered":"RattanBloom\u2122 stoj\u0105ce donice z rattanu"},"content":{"rendered":"<div class=\"smania_landing_description_title\">NOWO\u015a\u0106: Najlepsza Przygoda na Rydwanie<\/div>\n<div class=\"smania_landing_description_txt\">Naturalny styl, kt\u00f3ry si\u0119 wyr\u00f3\u017cnia<\/div>\n<div class=\"smania_landing_description_subtitle\">RattanBloom\u2122 to zestaw donic stoj\u0105cych sk\u0142adaj\u0105cy si\u0119 z 3 element\u00f3w, zaprojektowany, aby z eleganckim, naturalnym stylem wyeksponowa\u0107 Twoje ro\u015bliny. Dzi\u0119ki trzem r\u00f3\u017cnym wysoko\u015bciom, natychmiast wprowadza r\u00f3wnowag\u0119, ciep\u0142o i wizualny efekt do ka\u017cdego pomieszczenia.<\/div>\n<div class=\"smania_landing_description_list\">\n<ul>\n<li>Trzy z\u0142o\u017cone doniczki umo\u017cliwiaj\u0105 ustawienie ro\u015blin na r\u00f3\u017cnych wysoko\u015bciach, tworz\u0105c stylowy, nowoczesny wygl\u0105d <\/li>\n<li>Lekka, a jednocze\u015bnie stabilna konstrukcja zapewnia, \u017ce Twoje ro\u015bliny pozostan\u0105 bezpiecznie na swoim miejscu <\/li>\n<li>Idealnie pasuje do salon\u00f3w, korytarzy, sypialni, balkon\u00f3w, biur oraz przytulnych k\u0105cik\u00f3w do czytania <\/li>\n<li>Szybko przekszta\u0142ca ka\u017cdy pusty k\u0105t w dekoracyjn\u0105 ekspozycj\u0119 ro\u015blin <\/li>\n<li>\u0141atwy w monta\u017cu i przenoszeniu, co pozwala na od\u015bwie\u017cenie uk\u0142adu wed\u0142ug w\u0142asnych upodoba\u0144<\/li>\n<\/ul><\/div>\n","protected":false},"excerpt":{"rendered":"<p>Trzycz\u0119\u015bciowy zestaw dopasowany |Stabilna konstrukcja stoj\u0105ca |Neutralny, naturalny wygl\u0105d |Pasuje do ka\u017cdego pomieszczenia |\u0141atwy monta\u017c|Zestaw: 3 stoj\u0105ce donice |Materia\u0142: Kosz w stylu rattanowym + drewniane nogi |Zastosowanie: Wn\u0119trza lub zadaszone przestrzenie na zewn\u0105trz |Cel: Prezentacja ro\u015blin + dekoracyjne przechowywanie |Rozmiary: S= 32,5 x 21,5 cm; M= 43,5 x 24,5 cm; L= 62 x 27,5 cm<\/p>\n","protected":false},"featured_media":96049,"template":"","meta":[],"product_cat":[16],"product_tag":[2484],"acf":[],"_links":{"self":[{"href":"https:\/\/smania.store\/pl\/wp-json\/wp\/v2\/product\/96064"}],"collection":[{"href":"https:\/\/smania.store\/pl\/wp-json\/wp\/v2\/product"}],"about":[{"href":"https:\/\/smania.store\/pl\/wp-json\/wp\/v2\/types\/product"}],"wp:featuredmedia":[{"embeddable":true,"href":"https:\/\/smania.store\/pl\/wp-json\/wp\/v2\/media\/96049"}],"wp:attachment":[{"href":"https:\/\/smania.store\/pl\/wp-json\/wp\/v2\/media?parent=96064"}],"wp:term":[{"taxonomy":"product_cat","embeddable":true,"href":"https:\/\/smania.store\/pl\/wp-json\/wp\/v2\/product_cat?post=96064"},{"taxonomy":"product_tag","embeddable":true,"href":"https:\/\/smania.store\/pl\/wp-json\/wp\/v2\/product_tag?post=96064"}],"curies":[{"name":"wp","href":"https:\/\/api.w.org\/{rel}","templated":true}]}}