{"id":96044,"date":"2026-03-30T06:45:41","date_gmt":"2026-03-30T04:45:41","guid":{"rendered":"https:\/\/smania.store\/pl\/produkt\/modulrack-drewniany-modulowy-organizer-na-blaty\/"},"modified":"2026-04-12T16:40:51","modified_gmt":"2026-04-12T14:40:51","slug":"modulrack-drewniany-modulowy-organizer-na-blaty","status":"publish","type":"product","link":"https:\/\/smania.store\/pl\/produkt\/modulrack-drewniany-modulowy-organizer-na-blaty\/","title":{"rendered":"ModulRack\u2122 drewniany modu\u0142owy organizer na blaty"},"content":{"rendered":"<div class=\"smania_landing_description_title\">NOWO\u015a\u0106: Bezproblemowe przechowywanie but\u00f3w pod \u0142\u00f3\u017ckiem<\/div>\n<div class=\"smania_landing_description_txt\">Zorganizuj swoj\u0105 przestrze\u0144 z stylem i elastyczno\u015bci\u0105!<\/div>\n<div class=\"smania_landing_description_subtitle\"> Przekszta\u0142\u0107 swoje mieszkanie lub biuro z ModulRack\u2122, modu\u0142owym organizerem, kt\u00f3ry oferuje stylowe i elastyczne przechowywanie. Jego elegancka drewniana powierzchnia i regulowany design sprawiaj\u0105, \u017ce jest idealny do utrzymywania porz\u0105dku w przestrzeni, jednocze\u015bnie dodaj\u0105c odrobin\u0119 wyrafinowania.<\/div>\n<div class=\"smania_landing_description_list\">\n<ul>\n<li>Regulowany i Rozszerzalny \u2013 Zsu\u0144 dwa elementy razem lub rozsu\u0144 je, aby uzyska\u0107 idealne dopasowanie <\/li>\n<li>Wszechstronne Przechowywanie \u2013 Idealne na ksi\u0105\u017cki, artyku\u0142y biurowe, dekoracje lub nawet przedmioty kuchenne, takie jak przyprawy <\/li>\n<li>Wytrzyma\u0142y i Kompaktowy \u2013 Lekki, ale solidny, ten organizer jest stworzony, aby s\u0142u\u017cy\u0107 przez d\u0142ugi czas i zaoszcz\u0119dzi\u0107 miejsce <\/li>\n<li>Elegancki Design \u2013 Wysokiej jako\u015bci drewno dodaje szykownego akcentu ka\u017cdemu wn\u0119trzu <\/li>\n<li>\u0141atwy Monta\u017c \u2013 Szybka i prosta instalacja z do\u0142\u0105czonymi cz\u0119\u015bciami i instrukcjami<\/li>\n<\/ul><\/div>\n","protected":false},"excerpt":{"rendered":"<p>Stylowe wyko\u0144czenie z drewna |Regulowane dla elastycznego przechowywania |Idealne do biura, kuchni lub u\u017cytku domowego |\u0141atwa monta\u017c z do\u0142\u0105czonymi cz\u0119\u015bciami|Rozmiar: 40 cm x 40 cm x 16,7 cm |Materia\u0142: Wysokiej jako\u015bci drewno |Opcje wyko\u0144czenia: Drewno lub bia\u0142y |Piel\u0119gnacja: Wyciera\u0107 such\u0105 szmatk\u0105<\/p>\n","protected":false},"featured_media":96078,"template":"","meta":[],"product_cat":[16],"product_tag":[2484],"acf":[],"_links":{"self":[{"href":"https:\/\/smania.store\/pl\/wp-json\/wp\/v2\/product\/96044"}],"collection":[{"href":"https:\/\/smania.store\/pl\/wp-json\/wp\/v2\/product"}],"about":[{"href":"https:\/\/smania.store\/pl\/wp-json\/wp\/v2\/types\/product"}],"wp:featuredmedia":[{"embeddable":true,"href":"https:\/\/smania.store\/pl\/wp-json\/wp\/v2\/media\/96078"}],"wp:attachment":[{"href":"https:\/\/smania.store\/pl\/wp-json\/wp\/v2\/media?parent=96044"}],"wp:term":[{"taxonomy":"product_cat","embeddable":true,"href":"https:\/\/smania.store\/pl\/wp-json\/wp\/v2\/product_cat?post=96044"},{"taxonomy":"product_tag","embeddable":true,"href":"https:\/\/smania.store\/pl\/wp-json\/wp\/v2\/product_tag?post=96044"}],"curies":[{"name":"wp","href":"https:\/\/api.w.org\/{rel}","templated":true}]}}