{"id":95977,"date":"2026-03-26T08:40:32","date_gmt":"2026-03-26T07:40:32","guid":{"rendered":"https:\/\/smania.store\/pl\/produkt\/pianorack-drewniany-wieszak-na-ubrania-w-ksztalcie-klawiatury-pianina\/"},"modified":"2026-04-14T19:51:13","modified_gmt":"2026-04-14T17:51:13","slug":"pianorack-drewniany-wieszak-na-ubrania-w-ksztalcie-klawiatury-pianina","status":"publish","type":"product","link":"https:\/\/smania.store\/pl\/produkt\/pianorack-drewniany-wieszak-na-ubrania-w-ksztalcie-klawiatury-pianina\/","title":{"rendered":"PianoRack\u2122 drewniany wieszak na ubrania w kszta\u0142cie klawiatury pianina"},"content":{"rendered":"<div class=\"smania_landing_description_title\">NOWO\u015a\u0106: Przekszta\u0142\u0107 Przestrze\u0144 w Sekundy<\/div>\n<div class=\"smania_landing_description_txt\">Uderz w idealn\u0105 nut\u0119 stylu i przechowywania<\/div>\n<div class=\"smania_landing_description_subtitle\"> Podnie\u015b swoje wn\u0119trze dzi\u0119ki wyj\u0105tkowemu PianoRack\u2122! To nie tylko wieszak na kurtki, to hipnotyzuj\u0105ce po\u0142\u0105czenie sztuki i funkcjonalno\u015bci. Wykonany z trwa\u0142ego drewna orzechowego, jego unikalny design w kszta\u0142cie klawiszy fortepianu podwaja si\u0119 jako stylowa dekoracja. Opuszczaj hak, gdy go potrzebujesz; podnie\u015b go, gdy go nie u\u017cywasz.<\/div>\n<div class=\"smania_landing_description_list\">\n<ul>\n<li>Stylowy design klawiszy fortepianowych dodaje charakteru <\/li>\n<li>Magnetyzowane haki zapobiegaj\u0105 przypadkowemu otwarciu <\/li>\n<li>R\u0119cznie wykonane z solidnego, trwa\u0142ego orzecha w\u0142oskiego <\/li>\n<li>Uniwersalne zastosowanie do czapek, p\u0142aszczy, peruk <\/li>\n<li>Autonomiczne rozmieszczenie z chowanymi hakami <\/li>\n<li>Zestaw 10 praktycznych hak\u00f3w do codziennego, zorganizowanego u\u017cytku<\/li>\n<\/ul><\/div>\n","protected":false},"excerpt":{"rendered":"<p>Udoskonala wystr\u00f3j ka\u017cdego pomieszczenia |Os saves miejsce, maksymalizuje funkcjonalno\u015b\u0107 |\u0141atwy w monta\u017cu na ka\u017cdej \u015bcianie |Innowacyjna technologia zamka magnetycznego|Warianty kolorystyczne: ciemny lub jasny br\u0105z |Wymiary: 71 x 14,5 x 3,5 cm |Liczba hak\u00f3w: 10 |Materia\u0142: Drewno<\/p>\n","protected":false},"featured_media":95962,"template":"","meta":[],"product_cat":[16],"product_tag":[],"acf":[],"_links":{"self":[{"href":"https:\/\/smania.store\/pl\/wp-json\/wp\/v2\/product\/95977"}],"collection":[{"href":"https:\/\/smania.store\/pl\/wp-json\/wp\/v2\/product"}],"about":[{"href":"https:\/\/smania.store\/pl\/wp-json\/wp\/v2\/types\/product"}],"wp:featuredmedia":[{"embeddable":true,"href":"https:\/\/smania.store\/pl\/wp-json\/wp\/v2\/media\/95962"}],"wp:attachment":[{"href":"https:\/\/smania.store\/pl\/wp-json\/wp\/v2\/media?parent=95977"}],"wp:term":[{"taxonomy":"product_cat","embeddable":true,"href":"https:\/\/smania.store\/pl\/wp-json\/wp\/v2\/product_cat?post=95977"},{"taxonomy":"product_tag","embeddable":true,"href":"https:\/\/smania.store\/pl\/wp-json\/wp\/v2\/product_tag?post=95977"}],"curies":[{"name":"wp","href":"https:\/\/api.w.org\/{rel}","templated":true}]}}