{"id":95753,"date":"2026-03-16T05:19:25","date_gmt":"2026-03-16T04:19:25","guid":{"rendered":"https:\/\/smania.store\/pl\/produkt\/dinopop-3d-encyklopedia-dinozaurow-z-efektem-pop-up\/"},"modified":"2026-04-17T12:59:45","modified_gmt":"2026-04-17T10:59:45","slug":"dinopop-3d-encyklopedia-dinozaurow-z-efektem-pop-up","status":"publish","type":"product","link":"https:\/\/smania.store\/pl\/produkt\/dinopop-3d-encyklopedia-dinozaurow-z-efektem-pop-up\/","title":{"rendered":"DinoPop\u2122 3D encyklopedia dinozaur\u00f3w z efektem pop-up"},"content":{"rendered":"<div class=\"smania_landing_description_title\">NOWE, \u0141atwe Czyszczenie dla Ka\u017cdej Powierzchni<\/div>\n<div class=\"smania_landing_description_txt\">Ksi\u0105\u017cka, kt\u00f3ra przywraca dinozaury<\/div>\n<div class=\"smania_landing_description_subtitle\">DinoPop\u2122 o\u017cywia \u015bwiat dinozaur\u00f3w dzi\u0119ki gigantycznym 3D pop-upom, kt\u00f3re wyskakuj\u0105 z ksi\u0105\u017cki w zapieraj\u0105cych dech szczeg\u00f3\u0142ach. Pe\u0142na fascynuj\u0105cych fakt\u00f3w, humoru i spektakularnego rzemios\u0142a papierniczego, zamienia nauk\u0119 w niezapomnian\u0105 przygod\u0119.<\/div>\n<div class=\"smania_landing_description_list\">\n<ul>\n<li>Ogromne 3D pop-up, kt\u00f3re rozwijaj\u0105 si\u0119 w realistyczne dinozaury na ka\u017cdej g\u0142\u00f3wnej stronie <\/li>\n<li>Zawiera T. rexa, raptory, d\u0142ugoszyjne giganty, opancerzone dinozaury i wiele mniej znanych gatunk\u00f3w <\/li>\n<li>Ma\u0142e pop-upowe broszury ujawniaj\u0105 dodatkowe fakty, historie i zaskakuj\u0105ce szczeg\u00f3\u0142y prehistoryczne <\/li>\n<li>Mieszanka tre\u015bci edukacyjnych i zabawnego humoru anga\u017cuje zar\u00f3wno dzieci, jak i doros\u0142ych <\/li>\n<li>Zbudowane z wysokiej jako\u015bci papierowej konstrukcji, zaprojektowane, aby zadziwia\u0107, uczy\u0107 i przetrwa\u0107 przez lata<\/li>\n<\/ul><\/div>\n","protected":false},"excerpt":{"rendered":"<p>Ogromne 3D pop-upy |Edukacyjne i zabawne |\u017bywe ilustracje |Wiele gatunk\u00f3w w zestawie |Idealny prezent dla fan\u00f3w dinozaur\u00f3w|Format: Encyklopedia 3D pop-up |Strony: 6 du\u017cych stron z wieloma mini pop-upami |Zawarto\u015b\u0107: Fakty, historia prehistorii, opowie\u015bci o paleontologii |Dla wieku: 4+ (\u015bwietna tak\u017ce dla kolekcjoner\u00f3w i doros\u0142ych) |Rozmiar: 25 x 20 x 2,5 cm<\/p>\n","protected":false},"featured_media":95740,"template":"","meta":[],"product_cat":[17],"product_tag":[1625],"acf":[],"_links":{"self":[{"href":"https:\/\/smania.store\/pl\/wp-json\/wp\/v2\/product\/95753"}],"collection":[{"href":"https:\/\/smania.store\/pl\/wp-json\/wp\/v2\/product"}],"about":[{"href":"https:\/\/smania.store\/pl\/wp-json\/wp\/v2\/types\/product"}],"wp:featuredmedia":[{"embeddable":true,"href":"https:\/\/smania.store\/pl\/wp-json\/wp\/v2\/media\/95740"}],"wp:attachment":[{"href":"https:\/\/smania.store\/pl\/wp-json\/wp\/v2\/media?parent=95753"}],"wp:term":[{"taxonomy":"product_cat","embeddable":true,"href":"https:\/\/smania.store\/pl\/wp-json\/wp\/v2\/product_cat?post=95753"},{"taxonomy":"product_tag","embeddable":true,"href":"https:\/\/smania.store\/pl\/wp-json\/wp\/v2\/product_tag?post=95753"}],"curies":[{"name":"wp","href":"https:\/\/api.w.org\/{rel}","templated":true}]}}