{"id":95502,"date":"2026-02-27T09:52:55","date_gmt":"2026-02-27T08:52:55","guid":{"rendered":"https:\/\/smania.store\/pl\/produkt\/fluffhut-pluszowy-dom-dla-psa-lub-kota\/"},"modified":"2026-04-11T15:06:01","modified_gmt":"2026-04-11T13:06:01","slug":"fluffhut-pluszowy-dom-dla-psa-lub-kota","status":"publish","type":"product","link":"https:\/\/smania.store\/pl\/produkt\/fluffhut-pluszowy-dom-dla-psa-lub-kota\/","title":{"rendered":"FluffHut\u2122 pluszowy dom dla psa lub kota"},"content":{"rendered":"<div class=\"smania_landing_description_title\">NOWO\u015a\u0106, Ostateczny Komfort dla Twojego Pupila<\/div>\n<div class=\"smania_landing_description_txt\">Najprzytulniejsze Schronienie, kt\u00f3re Tw\u00f3j Pupilek Kiedykolwiek Polubi!<\/div>\n<div class=\"smania_landing_description_subtitle\">Daj swojemu zwierzakowi ciep\u0142e i bezpieczne schronienie z FluffHut\u2122, pluszowym domkiem zaprojektowanym z my\u015bl\u0105 o ca\u0142orocznym komforcie. Mi\u0119kkie, zdejmowane i nadaj\u0105ce si\u0119 do prania elementy sprawiaj\u0105, \u017ce to idealne miejsce do odpoczynku w pomieszczeniach dla kot\u00f3w i ma\u0142ych ps\u00f3w.<\/div>\n<div class=\"smania_landing_description_list\">\n<ul>\n<li>Mi\u0119kkie i Przytulne Wn\u0119trze \u2013 Pluszowy materia\u0142 zapewnia ciep\u0142\u0105, uspokajaj\u0105c\u0105 przestrze\u0144 dla zwierz\u0105t do odpoczynku <\/li>\n<li>Zdejmowany Dach \u2013 \u0141atwy do otwarcia, czyszczenia i ponownego z\u0142o\u017cenia dla zachowania \u015bwie\u017co\u015bci <\/li>\n<li>Pra\u0107 mo\u017cna Poduszk\u0119 i Materia\u0142y \u2013 Utrzymuje stref\u0119 snu w higienie z \u0142atw\u0105 konserwacj\u0105 <\/li>\n<li>Sk\u0142adana i Przeno\u015bna Konstrukcja \u2013 Sk\u0142ada si\u0119 na p\u0142asko, co umo\u017cliwia wygodne przechowywanie lub transport mi\u0119dzy pomieszczeniami <\/li>\n<li>Stabilna Podstawa Antypo\u015blizgowa \u2013 Zapewnia, \u017ce budka pozostaje na miejscu, gdy zwierz\u0119ta wchodz\u0105 lub poruszaj\u0105 si\u0119 wewn\u0105trz<\/li>\n<\/ul><\/div>\n","protected":false},"excerpt":{"rendered":"<p>Zdejmowany dach dla \u0142atwego czyszczenia |Mi\u0119kka, wszywana poduszka |Sk\u0142adana, \u0142atwa do przechowywania |Stabilna, antypo\u015blizgowa podstawa|Rozmiar: 45 \u00d7 40 \u00d7 45 cm |Konstrukcja: 3-elementowa (zewn\u0119trzna rama, zdejmowany dach, wyjmowana poduszka) |Materia\u0142: Pluszowy materia\u0142 z antypo\u015blizgowym dnem |Zastosowanie: Odpowiednie dla kot\u00f3w domowych i ma\u0142ych ras ps\u00f3w<\/p>\n","protected":false},"featured_media":95488,"template":"","meta":[],"product_cat":[20],"product_tag":[],"acf":[],"_links":{"self":[{"href":"https:\/\/smania.store\/pl\/wp-json\/wp\/v2\/product\/95502"}],"collection":[{"href":"https:\/\/smania.store\/pl\/wp-json\/wp\/v2\/product"}],"about":[{"href":"https:\/\/smania.store\/pl\/wp-json\/wp\/v2\/types\/product"}],"wp:featuredmedia":[{"embeddable":true,"href":"https:\/\/smania.store\/pl\/wp-json\/wp\/v2\/media\/95488"}],"wp:attachment":[{"href":"https:\/\/smania.store\/pl\/wp-json\/wp\/v2\/media?parent=95502"}],"wp:term":[{"taxonomy":"product_cat","embeddable":true,"href":"https:\/\/smania.store\/pl\/wp-json\/wp\/v2\/product_cat?post=95502"},{"taxonomy":"product_tag","embeddable":true,"href":"https:\/\/smania.store\/pl\/wp-json\/wp\/v2\/product_tag?post=95502"}],"curies":[{"name":"wp","href":"https:\/\/api.w.org\/{rel}","templated":true}]}}