{"id":95385,"date":"2026-02-23T13:45:52","date_gmt":"2026-02-23T12:45:52","guid":{"rendered":"https:\/\/smania.store\/pl\/produkt\/ladmax-aluminiowa-teleskopowa-drabina-skladana-220-440-cm\/"},"modified":"2026-03-22T13:09:16","modified_gmt":"2026-03-22T12:09:16","slug":"ladmax-aluminiowa-teleskopowa-drabina-skladana-220-440-cm","status":"publish","type":"product","link":"https:\/\/smania.store\/pl\/produkt\/ladmax-aluminiowa-teleskopowa-drabina-skladana-220-440-cm\/","title":{"rendered":"LadMax\u2122 aluminiowa teleskopowa drabina sk\u0142adana 220-440 cm"},"content":{"rendered":"<div class=\"smania_landing_description_title\">NOWO\u015a\u0106: Ostateczna drabina oszcz\u0119dzaj\u0105ca miejsce<\/div>\n<div class=\"smania_landing_description_txt\">Podbijaj ka\u017cd\u0105 wysoko\u015b\u0107 z \u0142atwo\u015bci\u0105!<\/div>\n<div class=\"smania_landing_description_subtitle\">Poznaj LadMax\u2122, ostateczn\u0105 teleskopow\u0105 drabin\u0119 aluminiow\u0105 o d\u0142ugo\u015bci 4,4 m, stworzon\u0105 zar\u00f3wno dla profesjonalist\u00f3w, jak i u\u017cytkownik\u00f3w domowych. Wykonana z aluminium, \u0142\u0105czy w sobie wytrzyma\u0142o\u015b\u0107, stabilno\u015b\u0107 i kompaktow\u0105 przeno\u015bno\u015b\u0107. Dzi\u0119ki blokadom bezpiecze\u0144stwa na ka\u017cdym szczeblu oraz antypo\u015blizgowym gumowym stopkom, zapewnia pewne oparcie do wszelkich zada\u0144 wewn\u0119trznych i zewn\u0119trznych \u2014 od malowania i napraw, po przycinanie drzew i prace budowlane.<\/div>\n<div class=\"smania_landing_description_list\">\n<ul>\n<li>Kompaktowy i stylowy teleskopowy design dla maksymalnej przeno\u015bno\u015bci <\/li>\n<li>Bezproblemowe przechowywanie, idealne do ciasnych przestrzeni <\/li>\n<li>Rozszerza si\u0119 do 4,4 m i wspiera do 150 kg <\/li>\n<li>Idealny zar\u00f3wno do u\u017cytku wewn\u0119trznego, jak i zewn\u0119trznego <\/li>\n<li>Profesjonalna jako\u015b\u0107, idealna do domu lub pracy <\/li>\n<li>Zwi\u0119kszona stabilno\u015b\u0107 dzi\u0119ki antypo\u015blizgowym gumowym stopkom <\/li>\n<li>Idealny do wszystkich zada\u0144 zwi\u0105zanych z konserwacj\u0105, napraw\u0105 i budow\u0105<\/li>\n<\/ul><\/div>\n","protected":false},"excerpt":{"rendered":"<p>Liczba stopni: 7 \u00d7 2 |Odleg\u0142o\u015b\u0107 mi\u0119dzy stopniami: 30 cm |Antypo\u015blizgowe nak\u0142adki dla wi\u0119kszej stabilno\u015bci |Bezpieczne zatrzaski na ka\u017cdym stopniu|Materia\u0142: Stop aluminium |Wymiary: 4,4 m (2 \u00d7 2,2 m) |No\u015bno\u015b\u0107: 150 kg |Waga: 18 kg<\/p>\n","protected":false},"featured_media":95373,"template":"","meta":[],"product_cat":[16],"product_tag":[1503],"acf":[],"_links":{"self":[{"href":"https:\/\/smania.store\/pl\/wp-json\/wp\/v2\/product\/95385"}],"collection":[{"href":"https:\/\/smania.store\/pl\/wp-json\/wp\/v2\/product"}],"about":[{"href":"https:\/\/smania.store\/pl\/wp-json\/wp\/v2\/types\/product"}],"wp:featuredmedia":[{"embeddable":true,"href":"https:\/\/smania.store\/pl\/wp-json\/wp\/v2\/media\/95373"}],"wp:attachment":[{"href":"https:\/\/smania.store\/pl\/wp-json\/wp\/v2\/media?parent=95385"}],"wp:term":[{"taxonomy":"product_cat","embeddable":true,"href":"https:\/\/smania.store\/pl\/wp-json\/wp\/v2\/product_cat?post=95385"},{"taxonomy":"product_tag","embeddable":true,"href":"https:\/\/smania.store\/pl\/wp-json\/wp\/v2\/product_tag?post=95385"}],"curies":[{"name":"wp","href":"https:\/\/api.w.org\/{rel}","templated":true}]}}