{"id":95312,"date":"2026-02-19T11:04:15","date_gmt":"2026-02-19T10:04:15","guid":{"rendered":"https:\/\/smania.store\/pl\/produkt\/woodydraw-organizer-na-blat-z-szuflada\/"},"modified":"2026-04-17T07:13:18","modified_gmt":"2026-04-17T05:13:18","slug":"woodydraw-organizer-na-blat-z-szuflada","status":"publish","type":"product","link":"https:\/\/smania.store\/pl\/produkt\/woodydraw-organizer-na-blat-z-szuflada\/","title":{"rendered":"WoodyDraw\u2122 organizer na blat z szuflad\u0105"},"content":{"rendered":"<div class=\"smania_landing_description_title\">NOWE, Tw\u00f3j Wizjer Organizatora Rog\u00f3w<\/div>\n<div class=\"smania_landing_description_txt\">Inteligentne przechowywanie, kt\u00f3re wprowadza spok\u00f3j na Twojej blacie.<\/div>\n<div class=\"smania_landing_description_subtitle\">Wprowad\u017a bezwysi\u0142kow\u0105 organizacj\u0119 i naturaln\u0105 elegancj\u0119 do swojego domu dzi\u0119ki temu stylowemu organizerowi na blacie. Wykonany z solidnych materia\u0142\u00f3w, \u0142\u0105czy w sobie pi\u0119kno i trwa\u0142o\u015b\u0107, jednocze\u015bnie utrzymuj\u0105c Twoje niezb\u0119dne rzeczy w porz\u0105dku. Przestronna szuflada zapewnia wygodny dost\u0119p i dodatkow\u0105 przestrze\u0144 na codzienne przedmioty, sprawiaj\u0105c, \u017ce Twoja przestrze\u0144 staje si\u0119 czystsza, spokojniejsza i doskonale zorganizowana.<\/div>\n<div class=\"smania_landing_description_list\">\n<ul>\n<li>Utrzymuje ma\u0142e niezb\u0119dne przedmioty w porz\u0105dku i zawsze w zasi\u0119gu r\u0119ki <\/li>\n<li>Wykonany z wytrzyma\u0142ych materia\u0142\u00f3w dla d\u0142ugotrwa\u0142ej stabilno\u015bci i si\u0142y <\/li>\n<li>\u0141\u0105czy naturalne ciep\u0142o z nowoczesnym minimalizmem, aby podnie\u015b\u0107 wystr\u00f3j ka\u017cdego pomieszczenia <\/li>\n<li>Maksymalizuje przestrze\u0144 robocz\u0105 na blacie, jednocze\u015bnie utrzymuj\u0105c dom w porz\u0105dku i elegancki <\/li>\n<li>Idealny do przechowywania codziennych przedmiot\u00f3w w kuchni, \u0142azience, biurze lub korytarzu<\/li>\n<\/ul><\/div>\n","protected":false},"excerpt":{"rendered":"<p>Szuflada: Wysuwana |Monta\u017c: Wolnostoj\u0105ca i \u0142atwa do przestawienia |Struktura: Stabilna konstrukcja|Rozmiar: 37 \u00d7 26 \u00d7 20 cm (wysoko\u015b\u0107 szuflady: 9 cm) |Materia\u0142: Drewno, Metal |Kolor: Jasnobr\u0105zowy, Czarny<\/p>\n","protected":false},"featured_media":95302,"template":"","meta":[],"product_cat":[16,223],"product_tag":[1807],"acf":[],"_links":{"self":[{"href":"https:\/\/smania.store\/pl\/wp-json\/wp\/v2\/product\/95312"}],"collection":[{"href":"https:\/\/smania.store\/pl\/wp-json\/wp\/v2\/product"}],"about":[{"href":"https:\/\/smania.store\/pl\/wp-json\/wp\/v2\/types\/product"}],"wp:featuredmedia":[{"embeddable":true,"href":"https:\/\/smania.store\/pl\/wp-json\/wp\/v2\/media\/95302"}],"wp:attachment":[{"href":"https:\/\/smania.store\/pl\/wp-json\/wp\/v2\/media?parent=95312"}],"wp:term":[{"taxonomy":"product_cat","embeddable":true,"href":"https:\/\/smania.store\/pl\/wp-json\/wp\/v2\/product_cat?post=95312"},{"taxonomy":"product_tag","embeddable":true,"href":"https:\/\/smania.store\/pl\/wp-json\/wp\/v2\/product_tag?post=95312"}],"curies":[{"name":"wp","href":"https:\/\/api.w.org\/{rel}","templated":true}]}}