{"id":95234,"date":"2026-02-13T07:21:45","date_gmt":"2026-02-13T06:21:45","guid":{"rendered":"https:\/\/smania.store\/pl\/produkt\/chopzone-wielofunkcyjny-zestaw-bambusowych-desek-do-krojenia\/"},"modified":"2026-04-16T09:39:22","modified_gmt":"2026-04-16T07:39:22","slug":"chopzone-wielofunkcyjny-zestaw-bambusowych-desek-do-krojenia","status":"publish","type":"product","link":"https:\/\/smania.store\/pl\/produkt\/chopzone-wielofunkcyjny-zestaw-bambusowych-desek-do-krojenia\/","title":{"rendered":"ChopZone\u2122 wielofunkcyjny zestaw bambusowych desek do krojenia"},"content":{"rendered":"<div class=\"smania_landing_description_title\">NOWO\u015a\u0106: Rewolucja w Przygotowywaniu Posi\u0142k\u00f3w bez Wysi\u0142ku<\/div>\n<div class=\"smania_landing_description_txt\">Praktyczny, stylowy i idealny do codziennego u\u017cytku!<\/div>\n<div class=\"smania_landing_description_subtitle\">Odkryj ostateczne rozwi\u0105zanie do przygotowywania jedzenia z zestawem ChopZone! Ten 4-cz\u0119\u015bciowy zestaw bambusowych desek, w po\u0142\u0105czeniu z eleganckim stojakiem na przechowywanie, wprowadza styl i praktyczno\u015b\u0107 do Twojej kuchni. To niezb\u0119dny zestaw do codziennego u\u017cytku lub idealny prezent, kt\u00f3ry zrobi wra\u017cenie!<\/div>\n<div class=\"smania_landing_description_list\">\n<ul>\n<li>Elegancka p\u00f3\u0142ka na przechowywanie \u2014 utrzymuje Twoj\u0105 kuchni\u0119 w porz\u0105dku i bez ba\u0142aganu <\/li>\n<li>Zestaw 4-elementowy \u2014 zawiera kilka bambusowych desek do krojenia do wszechstronnego u\u017cytku <\/li>\n<li>Trwa\u0142y materia\u0142 bambusowy \u2014 ekologiczny i d\u0142ugotrwa\u0142y do codziennego u\u017cytku <\/li>\n<li>Praktyczny i stylowy \u2014 \u0142\u0105czy funkcjonalno\u015b\u0107 z eleganckim designem <\/li>\n<li>Idealny do codziennego u\u017cytku \u2014 doskona\u0142y do przygotowywania posi\u0142k\u00f3w, krojenia i serwowania <\/li>\n<li>\u015awietny pomys\u0142 na prezent \u2014 przemy\u015blany i funkcjonalny prezent dla ka\u017cdego mi\u0142o\u015bnika kuchni<\/li>\n<\/ul><\/div>\n","protected":false},"excerpt":{"rendered":"<p>Materia\u0142: trwa\u0142e bambus, d\u0142ugotrwa\u0142e, idealne do codziennego u\u017cytku |Zastosowanie: Idealne do przygotowywania posi\u0142k\u00f3w, krojenia i serwowania |Konserwacja: Odporny na zapachy, szybko schnie |Rozwi\u0105zanie do przechowywania: Elegancka, oszcz\u0119dzaj\u0105ca miejsce p\u00f3\u0142ka do przechowywania |Design: Nowoczesny i stylowy, pasuj\u0105cy do ka\u017cdego wystroju kuchni|Wymiary: 28,5 x 20,5 x 6,5 cm |Zawiera: 4 deski (deska do ryb, 2x deska do mi\u0119sa, deska do warzyw) |Materia\u0142: Bambus |Czyszczenie: \u0141atwe do mycia: zalecane mycie r\u0119czne |Trwa\u0142o\u015b\u0107: Odporny na zarysowania i d\u0142ugotrwa\u0142y<\/p>\n","protected":false},"featured_media":95222,"template":"","meta":[],"product_cat":[16,223],"product_tag":[],"acf":[],"_links":{"self":[{"href":"https:\/\/smania.store\/pl\/wp-json\/wp\/v2\/product\/95234"}],"collection":[{"href":"https:\/\/smania.store\/pl\/wp-json\/wp\/v2\/product"}],"about":[{"href":"https:\/\/smania.store\/pl\/wp-json\/wp\/v2\/types\/product"}],"wp:featuredmedia":[{"embeddable":true,"href":"https:\/\/smania.store\/pl\/wp-json\/wp\/v2\/media\/95222"}],"wp:attachment":[{"href":"https:\/\/smania.store\/pl\/wp-json\/wp\/v2\/media?parent=95234"}],"wp:term":[{"taxonomy":"product_cat","embeddable":true,"href":"https:\/\/smania.store\/pl\/wp-json\/wp\/v2\/product_cat?post=95234"},{"taxonomy":"product_tag","embeddable":true,"href":"https:\/\/smania.store\/pl\/wp-json\/wp\/v2\/product_tag?post=95234"}],"curies":[{"name":"wp","href":"https:\/\/api.w.org\/{rel}","templated":true}]}}