{"id":94957,"date":"2026-01-27T07:52:20","date_gmt":"2026-01-27T06:52:20","guid":{"rendered":"https:\/\/smania.store\/pl\/produkt\/reflectiva-3d-panel-scienny-z-lustrem-pvc-50-x-50-cm-zestaw-8-szt\/"},"modified":"2026-02-25T22:24:09","modified_gmt":"2026-02-25T21:24:09","slug":"reflectiva-3d-panel-scienny-z-lustrem-pvc-50-x-50-cm-zestaw-8-szt","status":"publish","type":"product","link":"https:\/\/smania.store\/pl\/produkt\/reflectiva-3d-panel-scienny-z-lustrem-pvc-50-x-50-cm-zestaw-8-szt\/","title":{"rendered":"Reflectiva\u2122 3D panel \u015bcienny z lustrem PVC 50 \u00d7 50 cm \u2013 zestaw 8 szt."},"content":{"rendered":"<div class=\"smania_landing_description_title\">NOWO\u015a\u0106: Natychmiastowa Transformacja Ka\u017cdej \u015aciany Lub Sufitu<\/div>\n<div class=\"smania_landing_description_txt\">Zamie\u0144 ka\u017cd\u0105 \u015bcian\u0119 w opowie\u015b\u0107 o stylu!<\/div>\n<div class=\"smania_landing_description_subtitle\"> Przekszta\u0142\u0107 swoje \u015bciany z Reflectiva\u2122 \u2013 odwa\u017cne panele lustrzane 3D, kt\u00f3re \u0142\u0105cz\u0105 nowoczesny design z uderzaj\u0105cymi odbiciami. Lekkie, trwa\u0142e i \u0142atwe w monta\u017cu, tworz\u0105 natychmiastowy efekt w ka\u017cdym pomieszczeniu.<\/div>\n<div class=\"smania_landing_description_list\">\n<ul>\n<li>Stylowy efekt lustra dla nowoczesnych wn\u0119trz <\/li>\n<li>Idealny do domu lub biura <\/li>\n<li>Wytrzyma\u0142y i elastyczny materia\u0142 PVC <\/li>\n<li>Zwi\u0119ksza \u015bwiat\u0142o, g\u0142\u0119bi\u0119 i przestronno\u015b\u0107 pomieszczenia <\/li>\n<li>Izolacja akustyczna i dyfuzja<\/li>\n<\/ul><\/div>\n","protected":false},"excerpt":{"rendered":"<p>Powierzchnia odporna na zarysowania dla d\u0142ugotrwa\u0142ego blasku |Pow\u0142oka chroni\u0105ca przed UV zapobiega blakni\u0119ciu |Ekologiczny PVC \u2013 bezpieczny dla ka\u017cdego domu |Wyko\u0144czenie \u0142atwe w utrzymaniu \u2013 \u0142atwe do czyszczenia|Warianty: szary matowy, bia\u0142y matowy, wz\u00f3r drewna |Wymiary pojedynczej p\u0142yty: 50 x 50 cm |Pokrycie pojedynczej p\u0142yty: 0,25 m\u00b2 |Pokrycie opakowania 8 sztuk: 2 m\u00b2<\/p>\n","protected":false},"featured_media":94943,"template":"","meta":[],"product_cat":[16],"product_tag":[2484],"acf":[],"_links":{"self":[{"href":"https:\/\/smania.store\/pl\/wp-json\/wp\/v2\/product\/94957"}],"collection":[{"href":"https:\/\/smania.store\/pl\/wp-json\/wp\/v2\/product"}],"about":[{"href":"https:\/\/smania.store\/pl\/wp-json\/wp\/v2\/types\/product"}],"wp:featuredmedia":[{"embeddable":true,"href":"https:\/\/smania.store\/pl\/wp-json\/wp\/v2\/media\/94943"}],"wp:attachment":[{"href":"https:\/\/smania.store\/pl\/wp-json\/wp\/v2\/media?parent=94957"}],"wp:term":[{"taxonomy":"product_cat","embeddable":true,"href":"https:\/\/smania.store\/pl\/wp-json\/wp\/v2\/product_cat?post=94957"},{"taxonomy":"product_tag","embeddable":true,"href":"https:\/\/smania.store\/pl\/wp-json\/wp\/v2\/product_tag?post=94957"}],"curies":[{"name":"wp","href":"https:\/\/api.w.org\/{rel}","templated":true}]}}