{"id":94918,"date":"2026-01-26T05:30:22","date_gmt":"2026-01-26T04:30:22","guid":{"rendered":"https:\/\/smania.store\/pl\/produkt\/motodoctor-wysoce-skuteczny-srodek-ochrony-silnika-325-ml\/"},"modified":"2026-03-29T09:12:42","modified_gmt":"2026-03-29T07:12:42","slug":"motodoctor-wysoce-skuteczny-srodek-ochrony-silnika-325-ml","status":"publish","type":"product","link":"https:\/\/smania.store\/pl\/produkt\/motodoctor-wysoce-skuteczny-srodek-ochrony-silnika-325-ml\/","title":{"rendered":"MotoDoctor\u2122 Wysoce skuteczny \u015brodek ochrony silnika (325 ml)"},"content":{"rendered":"<div class=\"smania_landing_description_title\">NOWO\u015a\u0106: Chro\u0144 Puls Swojego Silnika<\/div>\n<div class=\"smania_landing_description_txt\">D\u0142ugoterminowa ochrona kluczowych cz\u0119\u015bci silnika<\/div>\n<div class=\"smania_landing_description_subtitle\">Odkryj prawdziwy potencja\u0142 swojego pojazdu dzi\u0119ki Anti-WearAgent\u2122. Zaprojektowany, aby otacza\u0107 kluczowe elementy silnika, ten produkt tworzy niezr\u00f3wnan\u0105 barier\u0119 przeciwko tarciu i zu\u017cyciu, zapewniaj\u0105c, \u017ce ka\u017cda podr\u00f3\u017c jest p\u0142ynniejsza i bardziej efektywna ni\u017c poprzednia.<\/div>\n<div class=\"smania_landing_description_list\">\n<ul>\n<li>Przywraca p\u0142ynn\u0105 prac\u0119 \u2013 Zmniejsza tarcie i ha\u0142as silnika<\/li>\n<li>\u0141atwa aplikacja \u2013 Wlewany bezpo\u015brednio do wlewu oleju<\/li>\n<li>Chroni przed zu\u017cyciem \u2013 Tworzy ochronn\u0105 warstw\u0119 smaruj\u0105c\u0105<\/li>\n<li>Zmniejsza zu\u017cycie oleju \u2013 Poprawia uszczelnienie element\u00f3w silnika<\/li>\n<li>Wyd\u0142u\u017ca \u017cywotno\u015b\u0107 oleju \u2013 Utrzymuje jego w\u0142a\u015bciwo\u015bci na d\u0142u\u017cej<\/li>\n<li>Proporcja dozowania \u2013 325 ml na maks. 6 L oleju silnikowego<\/li>\n<\/ul><\/div>\n","protected":false},"excerpt":{"rendered":"<p>Chroni istotne cz\u0119\u015bci silnika|Zapewnia p\u0142ynniejsz\u0105 jazd\u0119|Redukcja ciep\u0142a dla d\u0142u\u017cszej \u017cywotno\u015bci silnika|Wygl\u0105d: Czysta do lekko bursztynowej cieczy|Obj\u0119to\u015b\u0107 cieczy: 325 ml|G\u0119sto\u015b\u0107: ~0,85 g\/cm\u00b3 w 20 \u00b0C|Temperatura zap\u0142onu: &gt;200 \u00b0C|Stosunek dawkowania: 325 ml na 6 L oleju<\/p>\n","protected":false},"featured_media":94904,"template":"","meta":[],"product_cat":[18,2739],"product_tag":[2741],"acf":[],"_links":{"self":[{"href":"https:\/\/smania.store\/pl\/wp-json\/wp\/v2\/product\/94918"}],"collection":[{"href":"https:\/\/smania.store\/pl\/wp-json\/wp\/v2\/product"}],"about":[{"href":"https:\/\/smania.store\/pl\/wp-json\/wp\/v2\/types\/product"}],"wp:featuredmedia":[{"embeddable":true,"href":"https:\/\/smania.store\/pl\/wp-json\/wp\/v2\/media\/94904"}],"wp:attachment":[{"href":"https:\/\/smania.store\/pl\/wp-json\/wp\/v2\/media?parent=94918"}],"wp:term":[{"taxonomy":"product_cat","embeddable":true,"href":"https:\/\/smania.store\/pl\/wp-json\/wp\/v2\/product_cat?post=94918"},{"taxonomy":"product_tag","embeddable":true,"href":"https:\/\/smania.store\/pl\/wp-json\/wp\/v2\/product_tag?post=94918"}],"curies":[{"name":"wp","href":"https:\/\/api.w.org\/{rel}","templated":true}]}}