{"id":94880,"date":"2026-01-23T07:52:53","date_gmt":"2026-01-23T06:52:53","guid":{"rendered":"https:\/\/smania.store\/pl\/produkt\/lotionshelf-polka-prysznicowa-na-przyssawke\/"},"modified":"2026-04-05T13:14:46","modified_gmt":"2026-04-05T11:14:46","slug":"lotionshelf-polka-prysznicowa-na-przyssawke","status":"publish","type":"product","link":"https:\/\/smania.store\/pl\/produkt\/lotionshelf-polka-prysznicowa-na-przyssawke\/","title":{"rendered":"LotionShelf\u2122 p\u00f3\u0142ka prysznicowa na przyssawk\u0119"},"content":{"rendered":"<div class=\"smania_landing_description_title\">NOWO\u015a\u0106: Bezproblemowa Organizacja \u015aciany w Mgnieniu Oka<\/div>\n<div class=\"smania_landing_description_txt\">Natychmiastowe przechowywanie na \u015bcianie, bez wysi\u0142ku!<\/div>\n<div class=\"smania_landing_description_subtitle\">Po\u017cegnaj si\u0119 z narz\u0119dziami i skomplikowanymi instalacjami dzi\u0119ki LotionShelf\u2122! \u0141atwo przekszta\u0142\u0107 swoj\u0105 \u0142azienk\u0119 w zorganizowane miejsce bez wiercenia, uszkodze\u0144 i zb\u0119dnych k\u0142opot\u00f3w. Po prostu przekr\u0119\u0107, aby zablokowa\u0107, i ciesz si\u0119 mocnym wsparciem oraz nowoczesn\u0105 estetyk\u0105 w mgnieniu oka.<\/div>\n<div class=\"smania_landing_description_list\">\n<ul>\n<li>Tworzy natychmiastow\u0105 dodatkow\u0105 przestrze\u0144 <\/li>\n<li>Nie wymaga narz\u0119dzi ani wiercenia <\/li>\n<li>Dodatkowe 7 hak\u00f3w na r\u0119czniki i akcesoria <\/li>\n<li>\u0141atwa regulacja i przeno\u015bno\u015b\u0107 <\/li>\n<li>\u0141atwy do czyszczenia, odporny na plamy <\/li>\n<li>Niesamowita no\u015bno\u015b\u0107<\/li>\n<\/ul><\/div>\n","protected":false},"excerpt":{"rendered":"<p>Rewolucyjna instalacja bez otwor\u00f3w |Idealna do wilgotnych \u015brodowisk |Idealna do ma\u0142ych \u0142azienek |Brak \u015blad\u00f3w na \u015bcianach po u\u017cyciu|Kolor: Srebrny |Dodatkowe 7 hak\u00f3w |No\u015bno\u015b\u0107: do 30 kg |Wymiary: 50 x 13,8 x 10 cm<\/p>\n","protected":false},"featured_media":94868,"template":"","meta":[],"product_cat":[16],"product_tag":[1527],"acf":[],"_links":{"self":[{"href":"https:\/\/smania.store\/pl\/wp-json\/wp\/v2\/product\/94880"}],"collection":[{"href":"https:\/\/smania.store\/pl\/wp-json\/wp\/v2\/product"}],"about":[{"href":"https:\/\/smania.store\/pl\/wp-json\/wp\/v2\/types\/product"}],"wp:featuredmedia":[{"embeddable":true,"href":"https:\/\/smania.store\/pl\/wp-json\/wp\/v2\/media\/94868"}],"wp:attachment":[{"href":"https:\/\/smania.store\/pl\/wp-json\/wp\/v2\/media?parent=94880"}],"wp:term":[{"taxonomy":"product_cat","embeddable":true,"href":"https:\/\/smania.store\/pl\/wp-json\/wp\/v2\/product_cat?post=94880"},{"taxonomy":"product_tag","embeddable":true,"href":"https:\/\/smania.store\/pl\/wp-json\/wp\/v2\/product_tag?post=94880"}],"curies":[{"name":"wp","href":"https:\/\/api.w.org\/{rel}","templated":true}]}}