{"id":94867,"date":"2026-01-23T07:38:41","date_gmt":"2026-01-23T06:38:41","guid":{"rendered":"https:\/\/smania.store\/pl\/produkt\/doorfit-drazek-do-podciagania-na-drzwi\/"},"modified":"2026-04-14T18:00:57","modified_gmt":"2026-04-14T16:00:57","slug":"doorfit-drazek-do-podciagania-na-drzwi","status":"publish","type":"product","link":"https:\/\/smania.store\/pl\/produkt\/doorfit-drazek-do-podciagania-na-drzwi\/","title":{"rendered":"DoorFit\u2122 dr\u0105\u017cek do podci\u0105gania na drzwi"},"content":{"rendered":"<div class=\"smania_landing_description_title\">NOWO\u015a\u0106! Ostateczne rozwi\u0105zanie dla domowej si\u0142owni<\/div>\n<div class=\"smania_landing_description_txt\">Zyskaj form\u0119 bez wychodzenia z domu<\/div>\n<div class=\"smania_landing_description_subtitle\">Uwolnij sw\u00f3j pe\u0142ny potencja\u0142 z DoorFit\u2122! Bez wysi\u0142ku wzmocnij swoj\u0105 rutyn\u0119 treningow\u0105 i osi\u0105gnij niespotykan\u0105 si\u0142\u0119 dzi\u0119ki prostemu dodatku do ka\u017cdego standardowego framugi drzwi. Bez \u015brub, bez uszkodze\u0144, tylko czysta moc\u2014bo twoja pasja do fitnessu zas\u0142uguje na doskona\u0142o\u015b\u0107!<\/div>\n<div class=\"smania_landing_description_list\">\n<ul>\n<li>Wspiera intensywne treningi<\/li>\n<li>Nie wymaga narz\u0119dzi do monta\u017cu<\/li>\n<li>Bezpieczne, antypo\u015blizgowe uchwyty z pianki<\/li>\n<li>Podnie\u015b poziom trening\u00f3w dzi\u0119ki solidnej konstrukcji<\/li>\n<li>Przeno\u015bny, idealny do r\u00f3\u017cnorodnych \u0107wicze\u0144<\/li>\n<li>Szybki, bezuszkodzeniowy monta\u017c<\/li>\n<\/ul><\/div>\n","protected":false},"excerpt":{"rendered":"<p>Innowacyjna konstrukcja bez drga\u0144|Profesjonalna budowa mi\u0119\u015bni|Idealne do podci\u0105gni\u0119\u0107 i pompek|Wygodne, dodatkowo szerokie uchwyty|Regulowana wysoko\u015b\u0107 dr\u0105\u017cka|D\u0142ugo\u015b\u0107 dr\u0105\u017cka: 101,6 cm|Wsparcie: do 300 kg|Pasuje do drzwi: szeroko\u015b\u0107 70-90 cm, g\u0142\u0119boko\u015b\u0107 12-24 cm<\/p>\n","protected":false},"featured_media":94854,"template":"","meta":[],"product_cat":[21],"product_tag":[],"acf":[],"_links":{"self":[{"href":"https:\/\/smania.store\/pl\/wp-json\/wp\/v2\/product\/94867"}],"collection":[{"href":"https:\/\/smania.store\/pl\/wp-json\/wp\/v2\/product"}],"about":[{"href":"https:\/\/smania.store\/pl\/wp-json\/wp\/v2\/types\/product"}],"wp:featuredmedia":[{"embeddable":true,"href":"https:\/\/smania.store\/pl\/wp-json\/wp\/v2\/media\/94854"}],"wp:attachment":[{"href":"https:\/\/smania.store\/pl\/wp-json\/wp\/v2\/media?parent=94867"}],"wp:term":[{"taxonomy":"product_cat","embeddable":true,"href":"https:\/\/smania.store\/pl\/wp-json\/wp\/v2\/product_cat?post=94867"},{"taxonomy":"product_tag","embeddable":true,"href":"https:\/\/smania.store\/pl\/wp-json\/wp\/v2\/product_tag?post=94867"}],"curies":[{"name":"wp","href":"https:\/\/api.w.org\/{rel}","templated":true}]}}