{"id":94776,"date":"2026-01-20T12:12:34","date_gmt":"2026-01-20T11:12:34","guid":{"rendered":"https:\/\/smania.store\/pl\/produkt\/barmaster-regulowany-drazek-do-podciagania-na-futrynie\/"},"modified":"2026-02-02T22:47:17","modified_gmt":"2026-02-02T21:47:17","slug":"barmaster-regulowany-drazek-do-podciagania-na-futrynie","status":"publish","type":"product","link":"https:\/\/smania.store\/pl\/produkt\/barmaster-regulowany-drazek-do-podciagania-na-futrynie\/","title":{"rendered":"BarMaster\u2122 regulowany dr\u0105\u017cek do podci\u0105gania na futrynie"},"content":{"rendered":"<div class=\"smania_landing_description_title\">NOWO\u015a\u0106: Podnie\u015b poziom swojego domowego treningu<\/div>\n<div class=\"smania_landing_description_txt\">Twoje Drzwi, Twoja Si\u0142ownia \u2013 Bez Wkr\u0119t\u00f3w, Bez Ogranicze\u0144<\/div>\n<div class=\"smania_landing_description_subtitle\"> Poznaj BarMaster\u2122 \u2014 rewolucyjne narz\u0119dzie fitness, kt\u00f3re \u0142\u0105czy nowoczesn\u0105 stabilno\u015b\u0107 z eleganckim, \u0142atwym w u\u017cyciu designem. Wyposa\u017cony w solidn\u0105, tr\u00f3jk\u0105tn\u0105 struktur\u0119 4-punktow\u0105 oraz sprytny system wielopunktowego blokowania, ten dr\u0105\u017cek zapewnia niezr\u00f3wnane wsparcie podczas najbardziej intensywnych trening\u00f3w. Nie s\u0105 potrzebne \u017cadne narz\u0119dzia ani wiercenie!<\/div>\n<div class=\"smania_landing_description_list\">\n<ul>\n<li>Niezr\u00f3wnana stabilno\u015b\u0107 180 kg dla bezpiecznego u\u017cytkowania <\/li>\n<li>Szybki monta\u017c, bez potrzeby u\u017cycia narz\u0119dzi <\/li>\n<li>Dostosowywany rozmiar: 70-100 cm lub 100-135 cm <\/li>\n<li>Ekologiczna pianka dla komfortu <\/li>\n<li>System wielopunktowego zamka dla maksymalnej przyczepno\u015bci <\/li>\n<li>Idealne dla r\u00f3\u017cnych poziom\u00f3w sprawno\u015bci fizycznej<\/li>\n<\/ul><\/div>\n","protected":false},"excerpt":{"rendered":"<p>Triangularny design dla stabilno\u015bci |Szybki monta\u017c w zaledwie kilka sekund |Bez \u015brub, bez wiercenia, bez problem\u00f3w |Chwyty poch\u0142aniaj\u0105ce pot, redukuj\u0105ce zm\u0119czenie|Wariant 1: D\u0142ugo\u015b\u0107: 70-100 cm |Wariant 2: D\u0142ugo\u015b\u0107: 100-135 cm |Maksymalne obci\u0105\u017cenie (d\u0142ugo\u015b\u0107 z\u0142o\u017cona): Do 180 kg |Maksymalne obci\u0105\u017cenie (d\u0142ugo\u015b\u0107 roz\u0142o\u017cona): Do 100 kg<\/p>\n","protected":false},"featured_media":94765,"template":"","meta":[],"product_cat":[21],"product_tag":[1651],"acf":[],"_links":{"self":[{"href":"https:\/\/smania.store\/pl\/wp-json\/wp\/v2\/product\/94776"}],"collection":[{"href":"https:\/\/smania.store\/pl\/wp-json\/wp\/v2\/product"}],"about":[{"href":"https:\/\/smania.store\/pl\/wp-json\/wp\/v2\/types\/product"}],"wp:featuredmedia":[{"embeddable":true,"href":"https:\/\/smania.store\/pl\/wp-json\/wp\/v2\/media\/94765"}],"wp:attachment":[{"href":"https:\/\/smania.store\/pl\/wp-json\/wp\/v2\/media?parent=94776"}],"wp:term":[{"taxonomy":"product_cat","embeddable":true,"href":"https:\/\/smania.store\/pl\/wp-json\/wp\/v2\/product_cat?post=94776"},{"taxonomy":"product_tag","embeddable":true,"href":"https:\/\/smania.store\/pl\/wp-json\/wp\/v2\/product_tag?post=94776"}],"curies":[{"name":"wp","href":"https:\/\/api.w.org\/{rel}","templated":true}]}}