{"id":94545,"date":"2026-01-12T10:32:33","date_gmt":"2026-01-12T09:32:33","guid":{"rendered":"https:\/\/smania.store\/pl\/produkt\/racermaze-labiryntowy-tor-wyscigowy-dla-samochodzikow\/"},"modified":"2026-03-09T11:56:22","modified_gmt":"2026-03-09T10:56:22","slug":"racermaze-labiryntowy-tor-wyscigowy-dla-samochodzikow","status":"publish","type":"product","link":"https:\/\/smania.store\/pl\/produkt\/racermaze-labiryntowy-tor-wyscigowy-dla-samochodzikow\/","title":{"rendered":"RacerMaze\u2122 labiryntowy tor wy\u015bcigowy dla samochodzik\u00f3w"},"content":{"rendered":"<div class=\"smania_landing_description_title\">NOWE, Odblokuj Niesko\u0144czon\u0105 Zabaw\u0119 Teraz!<\/div>\n<div class=\"smania_landing_description_txt\">Przekszta\u0142\u0107 czas zabawy w ekscytuj\u0105c\u0105 przygod\u0119!<\/div>\n<div class=\"smania_landing_description_subtitle\"> Uwolnij wyobra\u017ani\u0119 swojego dziecka z RacerMaze\u2122! Ten fascynuj\u0105cy zabawka 2-w-1 jest wyj\u0105tkowy, \u0142\u0105cz\u0105c ekscytuj\u0105ce wy\u015bcigi samochodowe z zabawnymi wyzwaniami do rozwi\u0105zywania problem\u00f3w. Wykonany z wysokiej jako\u015bci, nietoksycznych materia\u0142\u00f3w, jest zaprojektowany z my\u015bl\u0105 o niesko\u0144czonej zabawie i bezpiecznej grze. Podnie\u015b czas zabawy swojego dziecka i obserwuj, jak rozwijaj\u0105 si\u0119 jego umiej\u0119tno\u015bci!<\/div>\n<div class=\"smania_landing_description_list\">\n<ul>\n<li>Zwi\u0119ksza umiej\u0119tno\u015bci motoryczne poprzez zabawne wyzwania <\/li>\n<li>Wzmacnia zdolno\u015bci rozwi\u0105zywania problem\u00f3w <\/li>\n<li>Ulepsza koordynacj\u0119 r\u0119ka-oko <\/li>\n<li>Zawiera 5 ekscytuj\u0105cych mini samochod\u00f3w + samolot <\/li>\n<li>Oferuje dynamiczne przyciski steruj\u0105ce <\/li>\n<li>Bezpieczna zabawa dzi\u0119ki zaokr\u0105glonym kraw\u0119dziom<\/li>\n<\/ul><\/div>\n","protected":false},"excerpt":{"rendered":"<p>Interaktywny zabawka do budowania wi\u0119zi mi\u0119dzy rodzicem a dzieckiem |Stymuluje ciekawo\u015b\u0107 i kreatywno\u015b\u0107 |Wiele \u017cywych kolor\u00f3w do rozpoznawania kolor\u00f3w|Wymiary: 24 x 25 x 17 cm |Zalecany wiek: 3+ lat |W opakowaniu: tor samochodowy, 5 samochod\u00f3w, 1 samolot<\/p>\n","protected":false},"featured_media":94531,"template":"","meta":[],"product_cat":[17],"product_tag":[1513,1622],"acf":[],"_links":{"self":[{"href":"https:\/\/smania.store\/pl\/wp-json\/wp\/v2\/product\/94545"}],"collection":[{"href":"https:\/\/smania.store\/pl\/wp-json\/wp\/v2\/product"}],"about":[{"href":"https:\/\/smania.store\/pl\/wp-json\/wp\/v2\/types\/product"}],"wp:featuredmedia":[{"embeddable":true,"href":"https:\/\/smania.store\/pl\/wp-json\/wp\/v2\/media\/94531"}],"wp:attachment":[{"href":"https:\/\/smania.store\/pl\/wp-json\/wp\/v2\/media?parent=94545"}],"wp:term":[{"taxonomy":"product_cat","embeddable":true,"href":"https:\/\/smania.store\/pl\/wp-json\/wp\/v2\/product_cat?post=94545"},{"taxonomy":"product_tag","embeddable":true,"href":"https:\/\/smania.store\/pl\/wp-json\/wp\/v2\/product_tag?post=94545"}],"curies":[{"name":"wp","href":"https:\/\/api.w.org\/{rel}","templated":true}]}}