{"id":94411,"date":"2026-01-06T12:54:47","date_gmt":"2026-01-06T11:54:47","guid":{"rendered":"https:\/\/smania.store\/pl\/produkt\/safepaws-wodoodporne-zewnetrzne-schronienie-dla-kotow\/"},"modified":"2026-04-11T15:17:15","modified_gmt":"2026-04-11T13:17:15","slug":"safepaws-wodoodporne-zewnetrzne-schronienie-dla-kotow","status":"publish","type":"product","link":"https:\/\/smania.store\/pl\/produkt\/safepaws-wodoodporne-zewnetrzne-schronienie-dla-kotow\/","title":{"rendered":"SafePaws\u2122 wodoodporne zewn\u0119trzne schronienie dla kot\u00f3w"},"content":{"rendered":"<div class=\"smania_landing_description_title\">NOWO\u015a\u0106: B\u0105d\u017a ciep\u0142y i bezpieczny w ka\u017cdej chwili<\/div>\n<div class=\"smania_landing_description_txt\">Stw\u00f3rz Ostateczne Miejsce na \u015awie\u017cym Powietrzu dla Swoich Futrzastych Przyjaci\u00f3\u0142!<\/div>\n<div class=\"smania_landing_description_subtitle\"> Przedstawiamy SafePaws\u2122, ostateczne schronienie dla Twojego ukochanego kota. Ten zewn\u0119trzny domek dla kot\u00f3w zosta\u0142 zaprojektowany z my\u015bl\u0105 o komforcie i bezpiecze\u0144stwie. Jest idealny dla ka\u017cdego w\u0142a\u015bciciela zwierz\u0119cia, kt\u00f3ry ceni sobie spok\u00f3j ducha, wiedz\u0105c, \u017ce jego futrzany towarzysz jest wygodny i chroniony przez ca\u0142\u0105 dob\u0119.<\/div>\n<div class=\"smania_landing_description_list\">\n<ul>\n<li>Odporno\u015b\u0107 na warunki atmosferyczne: Premium 6-warstwowa izolacja <\/li>\n<li>Bezpieczne i pewne: Podw\u00f3jne wyj\u015bcia dla szybkiej ucieczki <\/li>\n<li>Najwy\u017csza ciep\u0142ota: Zawiera podgrzewacz testowany przez UL <\/li>\n<li>Podniesiona konstrukcja: Pozostaje sucha na b\u0142otnistej ziemi <\/li>\n<li>\u0141atwy monta\u017c: Nie wymaga narz\u0119dzi!<\/li>\n<\/ul><\/div>\n","protected":false},"excerpt":{"rendered":"<p>Idealne do u\u017cytku na zewn\u0105trz i wewn\u0105trz |Ognioodporny, odporny na gryzienie przew\u00f3d |Odporne na warunki atmosferyczne, do u\u017cytku przez ca\u0142y rok |Projekt odporny na drapie\u017cniki z podw\u00f3jnymi wyj\u015bciami|Wymiary: 65 x 42 x 45 cm |Kolor: Czarny kamufla\u017c |Materia\u0142: Tkanina Oxford 900D |Cechy szczeg\u00f3lne: \u200e\u0141atwe do czyszczenia, \u0141atwe w u\u017cyciu, Ogrzewanie, Wodoodporne, Wiatroszczelne<\/p>\n","protected":false},"featured_media":94399,"template":"","meta":[],"product_cat":[20],"product_tag":[],"acf":[],"_links":{"self":[{"href":"https:\/\/smania.store\/pl\/wp-json\/wp\/v2\/product\/94411"}],"collection":[{"href":"https:\/\/smania.store\/pl\/wp-json\/wp\/v2\/product"}],"about":[{"href":"https:\/\/smania.store\/pl\/wp-json\/wp\/v2\/types\/product"}],"wp:featuredmedia":[{"embeddable":true,"href":"https:\/\/smania.store\/pl\/wp-json\/wp\/v2\/media\/94399"}],"wp:attachment":[{"href":"https:\/\/smania.store\/pl\/wp-json\/wp\/v2\/media?parent=94411"}],"wp:term":[{"taxonomy":"product_cat","embeddable":true,"href":"https:\/\/smania.store\/pl\/wp-json\/wp\/v2\/product_cat?post=94411"},{"taxonomy":"product_tag","embeddable":true,"href":"https:\/\/smania.store\/pl\/wp-json\/wp\/v2\/product_tag?post=94411"}],"curies":[{"name":"wp","href":"https:\/\/api.w.org\/{rel}","templated":true}]}}