{"id":94216,"date":"2025-12-18T10:23:14","date_gmt":"2025-12-18T09:23:14","guid":{"rendered":"https:\/\/smania.store\/pl\/produkt\/magicrackpro-3-poziomowy-wysuwany-stojak-do-kuchenek-mikrofalowych\/"},"modified":"2026-04-11T12:53:11","modified_gmt":"2026-04-11T10:53:11","slug":"magicrackpro-3-poziomowy-wysuwany-stojak-do-kuchenek-mikrofalowych","status":"publish","type":"product","link":"https:\/\/smania.store\/pl\/produkt\/magicrackpro-3-poziomowy-wysuwany-stojak-do-kuchenek-mikrofalowych\/","title":{"rendered":"MagicRackPro\u2122 3-poziomowy, wysuwany stojak do kuchenek mikrofalowych"},"content":{"rendered":"<div class=\"smania_landing_description_title\">NOWO\u015a\u0106: Zwi\u0119ksza przestrze\u0144 w kuchni<\/div>\n<div class=\"smania_landing_description_txt\">Mn\u00f3stwo dodatkowego miejsca na blacie kuchennym!<\/div>\n<div class=\"smania_landing_description_subtitle\">Przekszta\u0142\u0107 swoj\u0105 przestrze\u0144 kuchenn\u0105 dzi\u0119ki 3-poziomowemu, wysuwanemu stojakowi na kuchenk\u0119 mikrofalow\u0105 MagicRackPro\u2122. Wykonana z wytrzyma\u0142ej stali w\u0119glowej, ta praktyczna 3-poziomowa p\u00f3\u0142ka oferuje wyj\u0105tkow\u0105 stabilno\u015b\u0107 i wytrzyma\u0142o\u015b\u0107. Jego rozszerzalna konstrukcja idealnie dopasowuje si\u0119 do Twoich potrzeb, sprawiaj\u0105c, \u017ce Twoja kuchnia wygl\u0105da schludniej i jest bardziej funkcjonalna.<\/div>\n<div class=\"smania_landing_description_list\">\n<ul>\n<li>Wi\u0119cej miejsca na blacie kuchennym<\/li>\n<li>Rozszerzalna konstrukcja pasuj\u0105ca do ka\u017cdej powierzchni<\/li>\n<li>Idealny do mikrofal\u00f3wek i innych urz\u0105dze\u0144 kuchennych<\/li>\n<li>Wytrzyma\u0142y metal zapewnia stabilno\u015b\u0107 i d\u0142ug\u0105 \u017cywotno\u015b\u0107<\/li>\n<li>Idealny do kuchni, biura lub innych pomieszcze\u0144<\/li>\n<li>Zawiera 6 haczyk\u00f3w na przybory kuchenne<\/li>\n<\/ul><\/div>\n","protected":false},"excerpt":{"rendered":"<p>Trwa\u0142y i mocny materia\u0142|Podw\u00f3jna przestrze\u0144 do przechowywania|Wszechstronny do r\u00f3\u017cnych zastosowa\u0144|Zawiera stojak na przyprawy i foli\u0119|Design odpowiedni do ka\u017cdej kuchni|Kolory: czarny lub bia\u0142y|Waga: 3.6 kg|Materia\u0142: Wytrzyma\u0142y metal|D\u0142ugo\u015b\u0107: Mo\u017cliwo\u015b\u0107 rozszerzenia od 40 do 64 cm|Wymiary ca\u0142kowite: 79 x 36,5 x 40-64 cm|Solidna i stabilna konstrukcja|Zawiera 6 haczyk\u00f3w na przybory kuchenne<\/p>\n","protected":false},"featured_media":94205,"template":"","meta":[],"product_cat":[16,223],"product_tag":[2484,1812],"acf":[],"_links":{"self":[{"href":"https:\/\/smania.store\/pl\/wp-json\/wp\/v2\/product\/94216"}],"collection":[{"href":"https:\/\/smania.store\/pl\/wp-json\/wp\/v2\/product"}],"about":[{"href":"https:\/\/smania.store\/pl\/wp-json\/wp\/v2\/types\/product"}],"wp:featuredmedia":[{"embeddable":true,"href":"https:\/\/smania.store\/pl\/wp-json\/wp\/v2\/media\/94205"}],"wp:attachment":[{"href":"https:\/\/smania.store\/pl\/wp-json\/wp\/v2\/media?parent=94216"}],"wp:term":[{"taxonomy":"product_cat","embeddable":true,"href":"https:\/\/smania.store\/pl\/wp-json\/wp\/v2\/product_cat?post=94216"},{"taxonomy":"product_tag","embeddable":true,"href":"https:\/\/smania.store\/pl\/wp-json\/wp\/v2\/product_tag?post=94216"}],"curies":[{"name":"wp","href":"https:\/\/api.w.org\/{rel}","templated":true}]}}