{"id":94188,"date":"2025-12-17T13:45:19","date_gmt":"2025-12-17T12:45:19","guid":{"rendered":"https:\/\/smania.store\/pl\/produkt\/sinkslide-2-poziomowa-wysuwana-szuflada\/"},"modified":"2026-04-15T16:07:11","modified_gmt":"2026-04-15T14:07:11","slug":"sinkslide-2-poziomowa-wysuwana-szuflada","status":"publish","type":"product","link":"https:\/\/smania.store\/pl\/produkt\/sinkslide-2-poziomowa-wysuwana-szuflada\/","title":{"rendered":"SinkSlide\u2122 2-poziomowa wysuwana szuflada"},"content":{"rendered":"<div class=\"smania_landing_description_title\">NOWO\u015a\u0106: Inteligentna organizacja zlewozmywaka<\/div>\n<div class=\"smania_landing_description_txt\">Maksymalna wygoda w kuchni bez wysi\u0142ku!<\/div>\n<div class=\"smania_landing_description_subtitle\"> Odkryj wydajno\u015b\u0107 i styl dzi\u0119ki SinkSlide\u2122, kt\u00f3ry maksymalizuje przestrze\u0144 pod zlewem. Zaprojektowany z my\u015bl\u0105 o osobach poszukuj\u0105cych porz\u0105dku i dost\u0119pno\u015bci, ten organizer pozwala na wygodne przechowywanie \u015brodk\u00f3w czyszcz\u0105cych, g\u0105bek i akcesori\u00f3w zawsze w zasi\u0119gu r\u0119ki. Solidna, nowoczesna konstrukcja idealnie pasuje do ka\u017cdej kuchni, bez potrzeby skomplikowanej instalacji lub zasilania.<\/div>\n<div class=\"smania_landing_description_list\">\n<ul>\n<li>Idealny porz\u0105dek &#8211; porz\u0105dkuje \u015brodki czysto\u015bci i akcesoria na ma\u0142ej przestrzeni<\/li>\n<li>Idealny do ma\u0142ych kuchni &#8211; optymalizuje przestrze\u0144 pod zlewem<\/li>\n<li>Oszcz\u0119dno\u015b\u0107 miejsca &#8211; 2-poziomowa konstrukcja zapewniaj\u0105ca dodatkow\u0105 przestrze\u0144 do przechowywania<\/li>\n<li>\u0141atwy monta\u017c &#8211; nie wymaga narz\u0119dzi ani wiercenia<\/li>\n<li>P\u0142ynne przesuwanie &#8211; wysuwane szuflady zapewniaj\u0105 szybki dost\u0119p<\/li>\n<li>Mocny i trwa\u0142y &#8211; wysokiej jako\u015bci materia\u0142y<\/li>\n<li>Nowoczesny styl &#8211; pasuje do ka\u017cdej kuchni<\/li>\n<li>\u0141atwo\u015b\u0107 czyszczenia &#8211; powierzchnie odporne na plamy i wilgo\u0107<\/li>\n<\/ul><\/div>\n","protected":false},"excerpt":{"rendered":"<p>Solidna i trwa\u0142a konstrukcja|Wysokiej jako\u015bci materia\u0142y|Nadaje si\u0119 do ka\u017cdej kuchni|P\u0142ynnie wysuwane szuflady|Niewielkie rozmiary, maksymalna pojemno\u015b\u0107|Kolor: czarny lub bia\u0142y|Materia\u0142: Plastik i wytrzyma\u0142y metal|Wymiary: Regulowany od 41 do 48,5 cm x 26,5 cm x 38 cm<\/p>\n","protected":false},"featured_media":94179,"template":"","meta":[],"product_cat":[223],"product_tag":[1807],"acf":[],"_links":{"self":[{"href":"https:\/\/smania.store\/pl\/wp-json\/wp\/v2\/product\/94188"}],"collection":[{"href":"https:\/\/smania.store\/pl\/wp-json\/wp\/v2\/product"}],"about":[{"href":"https:\/\/smania.store\/pl\/wp-json\/wp\/v2\/types\/product"}],"wp:featuredmedia":[{"embeddable":true,"href":"https:\/\/smania.store\/pl\/wp-json\/wp\/v2\/media\/94179"}],"wp:attachment":[{"href":"https:\/\/smania.store\/pl\/wp-json\/wp\/v2\/media?parent=94188"}],"wp:term":[{"taxonomy":"product_cat","embeddable":true,"href":"https:\/\/smania.store\/pl\/wp-json\/wp\/v2\/product_cat?post=94188"},{"taxonomy":"product_tag","embeddable":true,"href":"https:\/\/smania.store\/pl\/wp-json\/wp\/v2\/product_tag?post=94188"}],"curies":[{"name":"wp","href":"https:\/\/api.w.org\/{rel}","templated":true}]}}