{"id":94156,"date":"2025-12-16T12:49:52","date_gmt":"2025-12-16T11:49:52","guid":{"rendered":"https:\/\/smania.store\/pl\/produkt\/skihip-wielofunkcyjna-deska-do-treningu-narciarskiego\/"},"modified":"2025-12-29T14:40:11","modified_gmt":"2025-12-29T13:40:11","slug":"skihip-wielofunkcyjna-deska-do-treningu-narciarskiego","status":"publish","type":"product","link":"https:\/\/smania.store\/pl\/produkt\/skihip-wielofunkcyjna-deska-do-treningu-narciarskiego\/","title":{"rendered":"SkiHip\u2122 wielofunkcyjna deska do treningu narciarskiego"},"content":{"rendered":"<div class=\"smania_landing_description_title\">NOWO\u015a\u0106: Do\u015bwiadcz jazd\u0119 na nartach w pomieszczeniach<\/div>\n<div class=\"smania_landing_description_txt\">Symuluj i doskonal sztuk\u0119 jazdy na nartach w domu!<\/div>\n<div class=\"smania_landing_description_subtitle\">Przenie\u015b rado\u015b\u0107 i kondycj\u0119 narciarstwa do swojego domu dzi\u0119ki wielofunkcyjnej desce treningowej SkiHip\u2122. Lekka i \u0142atwa do przechowywania, ta maszyna jest kluczem do ekscytuj\u0105cego treningu i silniejszego cia\u0142a.<\/div>\n<div class=\"smania_landing_description_list\">\n<ul>\n<li>Symuluje prawdziwe narciarstwo, aby poprawi\u0107 kondycj\u0119<\/li>\n<li>Zwi\u0119ksza si\u0142\u0119 n\u00f3g i bioder<\/li>\n<li>Wspomaga powr\u00f3t do zdrowia po porodzie<\/li>\n<li>Wzmacnia mi\u0119\u015bnie dna miednicy<\/li>\n<li>Antypo\u015blizgowe peda\u0142y i p\u0142ynny ruch komory<\/li>\n<li>Kompaktowy i \u0142atwy do przechowywania<\/li>\n<\/ul><\/div>\n","protected":false},"excerpt":{"rendered":"<p>Trenuj w dowolnym czasie i miejscu: \u0142atwy monta\u017c i przechowywanie |Bezpieczny do u\u017cytku w domu lub w akademiku, mocno trzyma si\u0119 powierzchni |Cichy podczas u\u017cytkowania, aby nie przeszkadza\u0107 innym |Poprawia r\u00f3wnowag\u0119 i koordynacj\u0119|Roz\u0142o\u017cone wymiary: 124 x 27 x 8 cm |Z\u0142o\u017cone wymiary: 63 x 27 x 16 cm |Wysoko\u015b\u0107 pod\u0142okietnika: 61 cm |Maksymalna waga: 150 kg<\/p>\n","protected":false},"featured_media":94132,"template":"","meta":[],"product_cat":[16,21],"product_tag":[1651],"acf":[],"_links":{"self":[{"href":"https:\/\/smania.store\/pl\/wp-json\/wp\/v2\/product\/94156"}],"collection":[{"href":"https:\/\/smania.store\/pl\/wp-json\/wp\/v2\/product"}],"about":[{"href":"https:\/\/smania.store\/pl\/wp-json\/wp\/v2\/types\/product"}],"wp:featuredmedia":[{"embeddable":true,"href":"https:\/\/smania.store\/pl\/wp-json\/wp\/v2\/media\/94132"}],"wp:attachment":[{"href":"https:\/\/smania.store\/pl\/wp-json\/wp\/v2\/media?parent=94156"}],"wp:term":[{"taxonomy":"product_cat","embeddable":true,"href":"https:\/\/smania.store\/pl\/wp-json\/wp\/v2\/product_cat?post=94156"},{"taxonomy":"product_tag","embeddable":true,"href":"https:\/\/smania.store\/pl\/wp-json\/wp\/v2\/product_tag?post=94156"}],"curies":[{"name":"wp","href":"https:\/\/api.w.org\/{rel}","templated":true}]}}