{"id":94131,"date":"2025-12-16T12:47:19","date_gmt":"2025-12-16T11:47:19","guid":{"rendered":"https:\/\/smania.store\/pl\/produkt\/starlume-projektor-led-w-ksztalcie-rozgwiazdy-z-pilotem\/"},"modified":"2025-12-16T12:47:19","modified_gmt":"2025-12-16T11:47:19","slug":"starlume-projektor-led-w-ksztalcie-rozgwiazdy-z-pilotem","status":"publish","type":"product","link":"https:\/\/smania.store\/pl\/produkt\/starlume-projektor-led-w-ksztalcie-rozgwiazdy-z-pilotem\/","title":{"rendered":"StarLume\u2122 projektor LED w kszta\u0142cie rozgwiazdy z pilotem"},"content":{"rendered":"<div class=\"smania_landing_description_title\">NOWO\u015a\u0106: Roz\u015bwietl swoje wn\u0119trze<\/div>\n<div class=\"smania_landing_description_txt\">Przekszta\u0142\u0107 ka\u017cde pomieszczenie w wymarzon\u0105 podwodn\u0105 galaktyk\u0119!<\/div>\n<div class=\"smania_landing_description_subtitle\">Projektor gwiazd StarLume\u2122 LED w kszta\u0142cie rozgwiazdy z pilotem zdalnego sterowania tworzy magiczne niebo aurory z 7 trybami o\u015bwietlenia, kt\u00f3re uspokajaj\u0105 zmys\u0142y i roz\u015bwietlaj\u0105 przestrze\u0144. Idealny zar\u00f3wno dla dzieci, jak i doros\u0142ych, zamienia ka\u017cde pomieszczenie w spokojn\u0105 oaz\u0119 do snu, relaksu lub czystej wizualnej przyjemno\u015bci.<\/div>\n<div class=\"smania_landing_description_list\">\n<ul>\n<li>Przekszta\u0142ca ka\u017cde pomieszczenie w uspokajaj\u0105ce, gwia\u017adziste niebo <\/li>\n<li>7 tryb\u00f3w o\u015bwietlenia z regulowan\u0105 jasno\u015bci\u0105 <\/li>\n<li>D\u0142ugi czas pracy na baterii \u2013 do 80 godzin w trybie niskim <\/li>\n<li>Szybkie \u0142adowanie przez USB-C <\/li>\n<li>\u015awietny prezent zar\u00f3wno dla dzieci, jak i doros\u0142ych<\/li>\n<\/ul><\/div>\n","protected":false},"excerpt":{"rendered":"<p>Natychmiastowe poprawienie atmosfery |Idealne do u\u017cytku wewn\u0119trznego i zewn\u0119trznego |Regulowane poziomy jasno\u015bci |Kompaktowy rozmiar do \u0142atwego przechowywania |7 kolor\u00f3w do wyboru|Bateria: wbudowana bateria 1200mAh |Czas \u0142adowania: oko\u0142o 2,5 godziny |Czas pracy przy wysokiej jasno\u015bci: 7\u20138 godzin |Czas pracy przy niskiej jasno\u015bci: do 80 godzin |\u0141adowanie: USB Type-C (kabel w zestawie)<\/p>\n","protected":false},"featured_media":94120,"template":"","meta":[],"product_cat":[16],"product_tag":[2484,1528],"acf":[],"_links":{"self":[{"href":"https:\/\/smania.store\/pl\/wp-json\/wp\/v2\/product\/94131"}],"collection":[{"href":"https:\/\/smania.store\/pl\/wp-json\/wp\/v2\/product"}],"about":[{"href":"https:\/\/smania.store\/pl\/wp-json\/wp\/v2\/types\/product"}],"wp:featuredmedia":[{"embeddable":true,"href":"https:\/\/smania.store\/pl\/wp-json\/wp\/v2\/media\/94120"}],"wp:attachment":[{"href":"https:\/\/smania.store\/pl\/wp-json\/wp\/v2\/media?parent=94131"}],"wp:term":[{"taxonomy":"product_cat","embeddable":true,"href":"https:\/\/smania.store\/pl\/wp-json\/wp\/v2\/product_cat?post=94131"},{"taxonomy":"product_tag","embeddable":true,"href":"https:\/\/smania.store\/pl\/wp-json\/wp\/v2\/product_tag?post=94131"}],"curies":[{"name":"wp","href":"https:\/\/api.w.org\/{rel}","templated":true}]}}