{"id":94119,"date":"2025-12-16T12:45:13","date_gmt":"2025-12-16T11:45:13","guid":{"rendered":"https:\/\/smania.store\/pl\/produkt\/torsomax-urzadzenie-do-wzmacniania-ramion-i-klatki-piersiowej\/"},"modified":"2026-04-11T12:11:56","modified_gmt":"2026-04-11T10:11:56","slug":"torsomax-urzadzenie-do-wzmacniania-ramion-i-klatki-piersiowej","status":"publish","type":"product","link":"https:\/\/smania.store\/pl\/produkt\/torsomax-urzadzenie-do-wzmacniania-ramion-i-klatki-piersiowej\/","title":{"rendered":"TorsoMax\u2122 urz\u0105dzenie do wzmacniania ramion i klatki piersiowej"},"content":{"rendered":"<div class=\"smania_landing_description_title\">NOWO\u015a\u0106: Szybka Transformacja Cia\u0142a<\/div>\n<div class=\"smania_landing_description_txt\">Trener do klatki piersiowej, plec\u00f3w i n\u00f3g zawsze pod r\u0119k\u0105<\/div>\n<div class=\"smania_landing_description_subtitle\"> Ulepsz sw\u00f3j trening z TorsoMax\u2122 power twister! To kompaktowe i przeno\u015bne urz\u0105dzenie oferuje regulowany op\u00f3r od 27 do 45 kg, dzi\u0119ki czemu mo\u017cesz wyzwa\u0107 swoje mi\u0119\u015bnie ramion, klatki piersiowej i n\u00f3g wsz\u0119dzie i o ka\u017cdej porze. Zyskaj intensywny trening, kt\u00f3ry pasuje do twojego stylu \u017cycia i poziomu sprawno\u015bci.<\/div>\n<div class=\"smania_landing_description_list\">\n<ul>\n<li>Regulowane obci\u0105\u017cenie od 27 do 45 kg <\/li>\n<li>Bezpieczny, antypo\u015blizgowy uchwyt ergonomiczny dla maksymalnego komfortu <\/li>\n<li>Celuje w wiele grup mi\u0119\u015bniowych i oferuje r\u00f3\u017cnorodne \u0107wiczenia <\/li>\n<li>Kompaktowy rozmiar 3,5 kg, 25 cm (po z\u0142o\u017ceniu) <\/li>\n<li>Szybki monta\u017c w 30 sekund <\/li>\n<li>Testowane pod k\u0105tem wytrzyma\u0142o\u015bci, spr\u0119\u017cyny ze stali w\u0119glowej wysokiej jako\u015bci<\/li>\n<\/ul><\/div>\n","protected":false},"excerpt":{"rendered":"<p>Idealne dla wszystkich poziom\u00f3w zaawansowania w fitnessie: oferuje regulowan\u0105 intensywno\u015b\u0107 |Wysokiej jako\u015bci design z \u0142atwymi, p\u0142ynnymi ruchami spr\u0119\u017cynowymi |Treningi na poziomie si\u0142owni w podr\u00f3\u017cy: sk\u0142adane dla \u0142atwego przechowywania |Idealne do u\u017cytku w domu, na \u015bwie\u017cym powietrzu i w podr\u00f3\u017cy|Wymiary produktu: 67 cm x 17 cm (po z\u0142o\u017ceniu) |Materia\u0142: Stal stopowa |Wysokiej jako\u015bci stal oraz spr\u0119\u017cyny stabilizuj\u0105ce |Sk\u0142adany dla \u0142atwiejszego przechowywania<\/p>\n","protected":false},"featured_media":94106,"template":"","meta":[],"product_cat":[16,21],"product_tag":[1651],"acf":[],"_links":{"self":[{"href":"https:\/\/smania.store\/pl\/wp-json\/wp\/v2\/product\/94119"}],"collection":[{"href":"https:\/\/smania.store\/pl\/wp-json\/wp\/v2\/product"}],"about":[{"href":"https:\/\/smania.store\/pl\/wp-json\/wp\/v2\/types\/product"}],"wp:featuredmedia":[{"embeddable":true,"href":"https:\/\/smania.store\/pl\/wp-json\/wp\/v2\/media\/94106"}],"wp:attachment":[{"href":"https:\/\/smania.store\/pl\/wp-json\/wp\/v2\/media?parent=94119"}],"wp:term":[{"taxonomy":"product_cat","embeddable":true,"href":"https:\/\/smania.store\/pl\/wp-json\/wp\/v2\/product_cat?post=94119"},{"taxonomy":"product_tag","embeddable":true,"href":"https:\/\/smania.store\/pl\/wp-json\/wp\/v2\/product_tag?post=94119"}],"curies":[{"name":"wp","href":"https:\/\/api.w.org\/{rel}","templated":true}]}}