{"id":93932,"date":"2025-12-09T07:48:36","date_gmt":"2025-12-09T06:48:36","guid":{"rendered":"https:\/\/smania.store\/pl\/produkt\/powertwist-twister-do-rak-z-podwojna-sprezyna\/"},"modified":"2026-04-16T09:53:01","modified_gmt":"2026-04-16T07:53:01","slug":"powertwist-twister-do-rak-z-podwojna-sprezyna","status":"publish","type":"product","link":"https:\/\/smania.store\/pl\/produkt\/powertwist-twister-do-rak-z-podwojna-sprezyna\/","title":{"rendered":"PowerTwist\u2122 twister do r\u0105k z podw\u00f3jn\u0105 spr\u0119\u017cyn\u0105"},"content":{"rendered":"<div class=\"smania_landing_description_title\"> NOWO\u015a\u0106! Rewolucja w Treningu Ca\u0142ego Cia\u0142a <\/div>\n<div class=\"smania_landing_description_txt\"> PowerTwist oznacza niesamowicie skuteczny trening g\u00f3rnej cz\u0119\u015bci cia\u0142a! <\/div>\n<div class=\"smania_landing_description_subtitle\"> Uwolnij potencja\u0142 swojej g\u00f3rnej cz\u0119\u015bci cia\u0142a z PowerTwist! Zaledwie 10-30 minut dziennie mo\u017ce zwi\u0119kszy\u0107 twoj\u0105 si\u0142\u0119 i kondycj\u0119. Wykonany z wysokiej jako\u015bci materia\u0142\u00f3w zapewniaj\u0105cych bezpiecze\u0144stwo, dla pewnego i zdrowszego treningu. <\/div>\n<div class=\"smania_landing_description_list\">\n<ul>\n<li>Jednocze\u015bnie trenuje nadgarstki, ramiona, barki <\/li>\n<li>Ergonomiczny, antypo\u015blizgowy design dla zwi\u0119kszonego bezpiecze\u0144stwa <\/li>\n<li>Regulowany op\u00f3r od 10 do 200 kg <\/li>\n<li>Idealnie przeno\u015bny i bezpiecznie przechowywany z zapi\u0119ciem do przechowywania <\/li>\n<li>Zwi\u0119ksza efektywno\u015b\u0107 trening\u00f3w g\u00f3rnej cz\u0119\u015bci cia\u0142a <\/li>\n<li>Wykonany z trwa\u0142ych spr\u0119\u017cyn ze stali w\u0119glowej<\/li>\n<\/ul><\/div>\n","protected":false},"excerpt":{"rendered":"<p>Szybko dostosuj intensywno\u015b\u0107 treningu, obracaj\u0105c centralny cylinder |\u0141atwe do z\u0142o\u017cenia i bezpiecznego przechowywania |Wysokiej jako\u015bci konstrukcja zapewniaj\u0105ca trwa\u0142o\u015b\u0107 |Idealne dla wszystkich poziom\u00f3w sprawno\u015bci|Wymiary produktu: 43 cm x 16 cm (sk\u0142adany), 60 cm szeroko\u015bci po roz\u0142o\u017ceniu |Materia\u0142y produktu: Stal w\u0119glowa, mi\u0119kka guma PU, plastik |Zakres oporu: 10 &#8211; 200 kg |Cz\u0119\u015bci cia\u0142a do \u0107wicze\u0144: mi\u0119\u015bnie przedramion, biceps, triceps, mi\u0119sie\u0144 piersiowy wi\u0119kszy, mi\u0119sie\u0144 czworoboczny, najszerszy grzbietu<\/p>\n","protected":false},"featured_media":93917,"template":"","meta":[],"product_cat":[21],"product_tag":[1651],"acf":[],"_links":{"self":[{"href":"https:\/\/smania.store\/pl\/wp-json\/wp\/v2\/product\/93932"}],"collection":[{"href":"https:\/\/smania.store\/pl\/wp-json\/wp\/v2\/product"}],"about":[{"href":"https:\/\/smania.store\/pl\/wp-json\/wp\/v2\/types\/product"}],"wp:featuredmedia":[{"embeddable":true,"href":"https:\/\/smania.store\/pl\/wp-json\/wp\/v2\/media\/93917"}],"wp:attachment":[{"href":"https:\/\/smania.store\/pl\/wp-json\/wp\/v2\/media?parent=93932"}],"wp:term":[{"taxonomy":"product_cat","embeddable":true,"href":"https:\/\/smania.store\/pl\/wp-json\/wp\/v2\/product_cat?post=93932"},{"taxonomy":"product_tag","embeddable":true,"href":"https:\/\/smania.store\/pl\/wp-json\/wp\/v2\/product_tag?post=93932"}],"curies":[{"name":"wp","href":"https:\/\/api.w.org\/{rel}","templated":true}]}}