{"id":93916,"date":"2025-12-09T07:47:20","date_gmt":"2025-12-09T06:47:20","guid":{"rendered":"https:\/\/smania.store\/pl\/produkt\/littlefarmer-ksiazka-farmy-montessori-dla-dzieci\/"},"modified":"2026-03-26T18:14:14","modified_gmt":"2026-03-26T17:14:14","slug":"littlefarmer-ksiazka-farmy-montessori-dla-dzieci","status":"publish","type":"product","link":"https:\/\/smania.store\/pl\/produkt\/littlefarmer-ksiazka-farmy-montessori-dla-dzieci\/","title":{"rendered":"LittleFarmer\u2122 ksi\u0105\u017cka farmy Montessori dla dzieci"},"content":{"rendered":"<div class=\"smania_landing_description_title\">NOWO\u015a\u0106: Rozpal wyobra\u017ani\u0119 i kreatywno\u015b\u0107<\/div>\n<div class=\"smania_landing_description_txt\">Nauka, zabawa i przygoda na ka\u017cdej stronie!<\/div>\n<div class=\"smania_landing_description_subtitle\"> Odkryj magi\u0119 \u017cycia na farmie z ksi\u0105\u017ck\u0105 Montessori LittleFarmer\u2122 dla dzieci. Z 20 anga\u017cuj\u0105cymi aktywno\u015bciami, ten inspirowany Montessori zabawka zach\u0119ca do kreatywno\u015bci, rozwija umiej\u0119tno\u015bci motoryczne i uczy poprzez interaktywne sceny zwi\u0105zane z farm\u0105. Idealna dla dzieci w wieku od 1 roku wzwy\u017c, to zabawny spos\u00f3b na rozwijanie wa\u017cnych umiej\u0119tno\u015bci wczesnej nauki!<\/div>\n<div class=\"smania_landing_description_list\">\n<ul>\n<li>Interaktywna zabawa: 20 aktywno\u015bci tematycznych zwi\u0105zanych z farm\u0105 dla kreatywnej nauki <\/li>\n<li>Zainspirowane Montessori: Wspiera umiej\u0119tno\u015bci motoryczne i koordynacj\u0119 <\/li>\n<li>Przeno\u015bne: Kompaktowe i idealne do podr\u00f3\u017cy <\/li>\n<li>Bezpieczne i trwa\u0142e: Nietoksyczny materia\u0142 z podw\u00f3jnym szwem <\/li>\n<li>Zajmuj\u0105ce: Utrzymuje dzieci w zabawie przez godziny dzi\u0119ki interaktywnemu dzia\u0142aniu<\/li>\n<\/ul><\/div>\n","protected":false},"excerpt":{"rendered":"<p>Podw\u00f3jne szwy dla dodatkowej trwa\u0142o\u015bci |Materia\u0142y nietoksyczne, bezwonne |Stymuluje wyobra\u017ani\u0119 i ciekawo\u015b\u0107 |Zajmuje dzieci na d\u0142ugie godziny|Wiek: Dla dzieci 1-3 lata |Ksi\u0105\u017cka zawiera: 10 stron, 20 aktywno\u015bci |Rozmiar: 23,5 cm x 18,5 cm |Materia\u0142: Nietoksyczny materia\u0142, podw\u00f3jnie szyty<\/p>\n","protected":false},"featured_media":93904,"template":"","meta":[],"product_cat":[17],"product_tag":[1622,1625],"acf":[],"_links":{"self":[{"href":"https:\/\/smania.store\/pl\/wp-json\/wp\/v2\/product\/93916"}],"collection":[{"href":"https:\/\/smania.store\/pl\/wp-json\/wp\/v2\/product"}],"about":[{"href":"https:\/\/smania.store\/pl\/wp-json\/wp\/v2\/types\/product"}],"wp:featuredmedia":[{"embeddable":true,"href":"https:\/\/smania.store\/pl\/wp-json\/wp\/v2\/media\/93904"}],"wp:attachment":[{"href":"https:\/\/smania.store\/pl\/wp-json\/wp\/v2\/media?parent=93916"}],"wp:term":[{"taxonomy":"product_cat","embeddable":true,"href":"https:\/\/smania.store\/pl\/wp-json\/wp\/v2\/product_cat?post=93916"},{"taxonomy":"product_tag","embeddable":true,"href":"https:\/\/smania.store\/pl\/wp-json\/wp\/v2\/product_tag?post=93916"}],"curies":[{"name":"wp","href":"https:\/\/api.w.org\/{rel}","templated":true}]}}