{"id":93826,"date":"2025-12-04T06:58:09","date_gmt":"2025-12-04T05:58:09","guid":{"rendered":"https:\/\/smania.store\/pl\/produkt\/superkart-elektryczny-skladany-gokart-dla-dzieci\/"},"modified":"2026-04-25T21:22:35","modified_gmt":"2026-04-25T19:22:35","slug":"superkart-elektryczny-skladany-gokart-dla-dzieci","status":"publish","type":"product","link":"https:\/\/smania.store\/pl\/produkt\/superkart-elektryczny-skladany-gokart-dla-dzieci\/","title":{"rendered":"SuperKart\u2122 elektryczny sk\u0142adany gokart dla dzieci"},"content":{"rendered":"<div class=\"smania_landing_description_title\">NOWO\u015a\u0106: Elektryzuj\u0105ca Zabawa dla Dzieci<\/div>\n<div class=\"smania_landing_description_txt\">Zabawa, pr\u0119dko\u015b\u0107 i \u015bwiat\u0142a w jednym fajnym gokarcie!<\/div>\n<div class=\"smania_landing_description_subtitle\"> Przygotuj si\u0119 na nieprzerwan\u0105 zabaw\u0119 z SuperKart\u2122! Wyposa\u017cony w interaktywne sterowanie, d\u0142ugotrwa\u0142\u0105 bateri\u0119 i fajne \u015bwiat\u0142a LED, ten gokart zosta\u0142 zaprojektowany, aby ka\u017cda jazda by\u0142a przygod\u0105. \u0141atwy do przechowywania, \u0142atwy do jazdy i stworzony, aby s\u0142u\u017cy\u0107 przez d\u0142ugi czas.<\/div>\n<div class=\"smania_landing_description_list\">\n<ul>\n<li>2 Tryby Jazdy: Jazda samodzielna lub zdalnie<\/li>\n<li>Do przodu i do ty\u0142u: Porusza si\u0119 w prz\u00f3d i w ty\u0142 dla lepszej kontroli<\/li>\n<li>Ol\u015bniewaj\u0105ce \u015awiat\u0142a LED: Jasne, ekscytuj\u0105ce \u015bwiat\u0142a dla zabawy, nawet w nocy<\/li>\n<li>Kompaktowy i Sk\u0142adany: \u0141atwy do przechowywania i zabrania wsz\u0119dzie<\/li>\n<li>Regulowane Siedzenie: Pasuje wygodnie dla dzieci w wieku 2-8 lat<\/li>\n<li>Idealny do jazdy w pomieszczeniach i na zewn\u0105trz<\/li>\n<\/ul><\/div>\n","protected":false},"excerpt":{"rendered":"<p>Idealne dla dzieci w wieku 2-8 lat |Bezpieczne i zabawne |Zabawa noc\u0105 |W zestawie z pilotem|Wymiary: 85 x 56 x 51 cm |Akumulator: 6V\/7A |Silnik: 2 x 390W |Pr\u0119dko\u015b\u0107: 4.8-6.4 km\/h<\/p>\n","protected":false},"featured_media":93815,"template":"","meta":[],"product_cat":[17],"product_tag":[1513,1622],"acf":[],"_links":{"self":[{"href":"https:\/\/smania.store\/pl\/wp-json\/wp\/v2\/product\/93826"}],"collection":[{"href":"https:\/\/smania.store\/pl\/wp-json\/wp\/v2\/product"}],"about":[{"href":"https:\/\/smania.store\/pl\/wp-json\/wp\/v2\/types\/product"}],"wp:featuredmedia":[{"embeddable":true,"href":"https:\/\/smania.store\/pl\/wp-json\/wp\/v2\/media\/93815"}],"wp:attachment":[{"href":"https:\/\/smania.store\/pl\/wp-json\/wp\/v2\/media?parent=93826"}],"wp:term":[{"taxonomy":"product_cat","embeddable":true,"href":"https:\/\/smania.store\/pl\/wp-json\/wp\/v2\/product_cat?post=93826"},{"taxonomy":"product_tag","embeddable":true,"href":"https:\/\/smania.store\/pl\/wp-json\/wp\/v2\/product_tag?post=93826"}],"curies":[{"name":"wp","href":"https:\/\/api.w.org\/{rel}","templated":true}]}}