{"id":93805,"date":"2025-12-03T12:41:12","date_gmt":"2025-12-03T11:41:12","guid":{"rendered":"https:\/\/smania.store\/pl\/produkt\/spintower-wielopoziomowa-drewniana-obracajaca-sie-polka\/"},"modified":"2025-12-29T21:35:21","modified_gmt":"2025-12-29T20:35:21","slug":"spintower-wielopoziomowa-drewniana-obracajaca-sie-polka","status":"publish","type":"product","link":"https:\/\/smania.store\/pl\/produkt\/spintower-wielopoziomowa-drewniana-obracajaca-sie-polka\/","title":{"rendered":"SpinTower\u2122 wielopoziomowa drewniana obracaj\u0105ca si\u0119 p\u00f3\u0142ka"},"content":{"rendered":"<div class=\"smania_landing_description_title\">NOWO\u015a\u0106: Uwolnij Wi\u0119cej Mocy Przechowywania<\/div>\n<div class=\"smania_landing_description_txt\">Przekszta\u0142\u0107 swoj\u0105 przestrze\u0144 w kilka minut!<\/div>\n<div class=\"smania_landing_description_subtitle\">Zm\u0119czony ba\u0142aganem zajmuj\u0105cym twoj\u0105 przestrze\u0144? Poznaj SpinTower\u2122\u2014twoje idealne rozwi\u0105zanie do maksymalizacji przechowywania w stylu! Ten wszechstronny cud dostosowuje si\u0119 do twoich potrzeb bez wysi\u0142ku, oferuj\u0105c przestronn\u0105 konstrukcj\u0119 z 5 p\u00f3\u0142kami, kt\u00f3ra powi\u0119ksza twoj\u0105 przestrze\u0144 bez zb\u0119dnego wysi\u0142ku. Zainwestuj w \u017cycie bez ba\u0142aganu ju\u017c dzi\u015b!<\/div>\n<div class=\"smania_landing_description_list\">\n<ul>\n<li>Bez wysi\u0142ku organizuj bez ba\u0142aganu <\/li>\n<li>Natychmiastowy monta\u017c bez narz\u0119dzi <\/li>\n<li>Mo\u017cliwo\u015b\u0107 dostosowania i uk\u0142adania w stosy <\/li>\n<li>Kompaktowy design maksymalizuje przestrze\u0144 <\/li>\n<li>Solidny i elegancki, pasuje do ka\u017cdego wystroju <\/li>\n<li>Du\u017ca pojemno\u015b\u0107: 46 x 160 cm<\/li>\n<\/ul><\/div>\n","protected":false},"excerpt":{"rendered":"<p>Bezproblemowy monta\u017c: nie s\u0105 potrzebne \u017cadne narz\u0119dzia |Idealne do ma\u0142ych mieszka\u0144 |\u015awietne do ka\u017cdego pomieszczenia lub biura |Szybkie dodawanie lub usuwanie warstw |Trwa\u0142e, niezawodne i solidne|Liczba p\u00f3\u0142ek: 5 |Wysoko\u015b\u0107 p\u00f3\u0142ki: 30 cm |Grubo\u015b\u0107 p\u00f3\u0142ki: 1,2 cm |Wymiary: 160 x 46 cm |Materia\u0142: Drewno lite<\/p>\n","protected":false},"featured_media":93793,"template":"","meta":[],"product_cat":[16],"product_tag":[1528],"acf":[],"_links":{"self":[{"href":"https:\/\/smania.store\/pl\/wp-json\/wp\/v2\/product\/93805"}],"collection":[{"href":"https:\/\/smania.store\/pl\/wp-json\/wp\/v2\/product"}],"about":[{"href":"https:\/\/smania.store\/pl\/wp-json\/wp\/v2\/types\/product"}],"wp:featuredmedia":[{"embeddable":true,"href":"https:\/\/smania.store\/pl\/wp-json\/wp\/v2\/media\/93793"}],"wp:attachment":[{"href":"https:\/\/smania.store\/pl\/wp-json\/wp\/v2\/media?parent=93805"}],"wp:term":[{"taxonomy":"product_cat","embeddable":true,"href":"https:\/\/smania.store\/pl\/wp-json\/wp\/v2\/product_cat?post=93805"},{"taxonomy":"product_tag","embeddable":true,"href":"https:\/\/smania.store\/pl\/wp-json\/wp\/v2\/product_tag?post=93805"}],"curies":[{"name":"wp","href":"https:\/\/api.w.org\/{rel}","templated":true}]}}