{"id":93597,"date":"2025-11-21T10:14:31","date_gmt":"2025-11-21T09:14:31","guid":{"rendered":"https:\/\/smania.store\/pl\/produkt\/mistscape-nawilzacz-i-dyfuzor-led-z-mini-krajobrazem\/"},"modified":"2026-01-17T10:52:16","modified_gmt":"2026-01-17T09:52:16","slug":"mistscape-nawilzacz-i-dyfuzor-led-z-mini-krajobrazem","status":"publish","type":"product","link":"https:\/\/smania.store\/pl\/produkt\/mistscape-nawilzacz-i-dyfuzor-led-z-mini-krajobrazem\/","title":{"rendered":"MistScape\u2122 nawil\u017cacz i dyfuzor LED z mini krajobrazem"},"content":{"rendered":"<div class=\"smania_landing_description_title\">NOWO\u015a\u0106: Popraw nastr\u00f3j delikatnym deszczem<\/div>\n<div class=\"smania_landing_description_txt\">Miniaturowa oaza, wielki relaks<\/div>\n<div class=\"smania_landing_description_subtitle\"> Wnie\u015b spok\u00f3j i natur\u0119 do wn\u0119trza dzi\u0119ki MistScape\u2122. Jego delikatna mgie\u0142ka i mi\u0119kkie \u015bwiat\u0142o LED tworz\u0105 koj\u0105c\u0105 atmosfer\u0119, idealn\u0105 do sypialni, biur lub k\u0105cik\u00f3w medytacyjnych. Dodaj olejki eteryczne do aromaterapii i ciesz si\u0119 spokojn\u0105, od\u015bwie\u017con\u0105 przestrzeni\u0105. <\/div>\n<div class=\"smania_landing_description_list\">\n<ul>\n<li>Tworzy koj\u0105c\u0105 atmosfer\u0119 dzi\u0119ki delikatnemu o\u015bwietleniu LED<\/li>\n<li>Dodaje wilgoci do suchego powietrza, zapewniaj\u0105c zdrowsze \u015brodowisko<\/li>\n<li>Mo\u017ce by\u0107 u\u017cywany z olejkami eterycznymi do relaksuj\u0105cej aromaterapii<\/li>\n<li>Kompaktowa konstrukcja pasuje do ka\u017cdego biurka, szafki nocnej lub p\u00f3\u0142ki<\/li>\n<li>Cicha praca idealna do snu lub pracy<\/li>\n<\/ul><\/div>\n","protected":false},"excerpt":{"rendered":"<p>Na\u015bladuje d\u017awi\u0119k spadaj\u0105cych kropel deszczu|Delikatne o\u015bwietlenie otoczenia|Automatyczne wy\u0142\u0105czanie dla bezpiecze\u0144stwa|Idealny do domu lub biura|\u0141atwy do nape\u0142niania i czyszczenia|Wymiary: 21 \u00d7 16 \u00d7 12 cm|Materia\u0142: Akryl|Pojemno\u015b\u0107 zbiornika na wod\u0119: 250 ml|O\u015bwietlenie LED w zestawie|Do\u0142\u0105czony kabel zasilaj\u0105cy<\/p>\n","protected":false},"featured_media":93593,"template":"","meta":[],"product_cat":[16],"product_tag":[2484],"acf":[],"_links":{"self":[{"href":"https:\/\/smania.store\/pl\/wp-json\/wp\/v2\/product\/93597"}],"collection":[{"href":"https:\/\/smania.store\/pl\/wp-json\/wp\/v2\/product"}],"about":[{"href":"https:\/\/smania.store\/pl\/wp-json\/wp\/v2\/types\/product"}],"wp:featuredmedia":[{"embeddable":true,"href":"https:\/\/smania.store\/pl\/wp-json\/wp\/v2\/media\/93593"}],"wp:attachment":[{"href":"https:\/\/smania.store\/pl\/wp-json\/wp\/v2\/media?parent=93597"}],"wp:term":[{"taxonomy":"product_cat","embeddable":true,"href":"https:\/\/smania.store\/pl\/wp-json\/wp\/v2\/product_cat?post=93597"},{"taxonomy":"product_tag","embeddable":true,"href":"https:\/\/smania.store\/pl\/wp-json\/wp\/v2\/product_tag?post=93597"}],"curies":[{"name":"wp","href":"https:\/\/api.w.org\/{rel}","templated":true}]}}