{"id":93583,"date":"2025-11-21T10:02:10","date_gmt":"2025-11-21T09:02:10","guid":{"rendered":"https:\/\/smania.store\/pl\/produkt\/driftracer-mini-zdalnie-sterowany-samochod-driftujacy-zabawka\/"},"modified":"2026-01-02T13:26:35","modified_gmt":"2026-01-02T12:26:35","slug":"driftracer-mini-zdalnie-sterowany-samochod-driftujacy-zabawka","status":"publish","type":"product","link":"https:\/\/smania.store\/pl\/produkt\/driftracer-mini-zdalnie-sterowany-samochod-driftujacy-zabawka\/","title":{"rendered":"DriftRacer\u2122 mini zdalnie sterowany samoch\u00f3d driftuj\u0105cy zabawka"},"content":{"rendered":"<div class=\"smania_landing_description_title\">NOWO\u015a\u0106: Zafascynuj miniaturow\u0105 pr\u0119dko\u015bci\u0105<\/div>\n<div class=\"smania_landing_description_txt\">Uwolnij swojego wewn\u0119trznego demona pr\u0119dko\u015bci natychmiast<\/div>\n<div class=\"smania_landing_description_subtitle\">Poznaj DriftRacer\u2122, Twoj\u0105 kieszonkow\u0105 pot\u0119g\u0119 stworzon\u0105 dla czystej adrenaliny! Z eleganck\u0105 sylwetk\u0105 i prze\u0142omowymi umiej\u0119tno\u015bciami driftu, ten mini potw\u00f3r jest idealny zar\u00f3wno do wy\u015bcig\u00f3w na biurku, jak i na zewn\u0105trz. Dzia\u0142aj teraz, aby zdoby\u0107 ostateczne do\u015bwiadczenie wy\u015bcigowe, kt\u00f3re zmie\u015bci si\u0119 w Twojej d\u0142oni!<\/div>\n<div class=\"smania_landing_description_list\">\n<ul>\n<li>Mikroskopijne Rozmiary, Makro Emocje: Tylko 7,8 cm!<\/li>\n<li>B\u0142yskawiczne Tempo: Pr\u0119dko\u015bci do 15 km\/h<\/li>\n<li>Silnik Magnetyczny: P\u0142ynne Przyspieszenie<\/li>\n<li>Bezprzewodowa Mistrzowska Kontrola: Zasi\u0119g 2,4 GHz<\/li>\n<li>Szybkie \u0141adowanie: 20 Minut Czasu Gry<\/li>\n<li>Kompletny Zestaw: Zawiera Wszystkie Akcesoria<\/li>\n<\/ul><\/div>\n","protected":false},"excerpt":{"rendered":"<p>Kompaktowy, a zarazem pot\u0119\u017cny design|Wyj\u0105tkowa wydajno\u015b\u0107 driftu|Dynamiczne efekty \u015bwietlne LED|Proste szybkie \u0142adowanie przez USB|Dwie opcje: Niebieski lub bia\u0142y|Zasi\u0119g pilota: 20-30 metr\u00f3w|Czas pracy: oko\u0142o 25 minut|Wymiary samochodu: 3,5 x 7,8 x 2,5 cm|Metoda \u0142adowania: port \u0142adowania typu C|W zestawie: 1x samoch\u00f3d, 1x pilot 2.4G, 1x kabel \u0142aduj\u0105cy, 4x przeszkody, 1x \u015brubokr\u0119t<\/p>\n","protected":false},"featured_media":93572,"template":"","meta":[],"product_cat":[17],"product_tag":[1513,1622],"acf":[],"_links":{"self":[{"href":"https:\/\/smania.store\/pl\/wp-json\/wp\/v2\/product\/93583"}],"collection":[{"href":"https:\/\/smania.store\/pl\/wp-json\/wp\/v2\/product"}],"about":[{"href":"https:\/\/smania.store\/pl\/wp-json\/wp\/v2\/types\/product"}],"wp:featuredmedia":[{"embeddable":true,"href":"https:\/\/smania.store\/pl\/wp-json\/wp\/v2\/media\/93572"}],"wp:attachment":[{"href":"https:\/\/smania.store\/pl\/wp-json\/wp\/v2\/media?parent=93583"}],"wp:term":[{"taxonomy":"product_cat","embeddable":true,"href":"https:\/\/smania.store\/pl\/wp-json\/wp\/v2\/product_cat?post=93583"},{"taxonomy":"product_tag","embeddable":true,"href":"https:\/\/smania.store\/pl\/wp-json\/wp\/v2\/product_tag?post=93583"}],"curies":[{"name":"wp","href":"https:\/\/api.w.org\/{rel}","templated":true}]}}