{"id":93505,"date":"2025-11-17T07:55:28","date_gmt":"2025-11-17T06:55:28","guid":{"rendered":"https:\/\/smania.store\/pl\/produkt\/merryrail-swiateczny-tor-ukladanka-z-pociagiem-elektrycznym-25-elementow\/"},"modified":"2025-12-29T14:20:53","modified_gmt":"2025-12-29T13:20:53","slug":"merryrail-swiateczny-tor-ukladanka-z-pociagiem-elektrycznym-25-elementow","status":"publish","type":"product","link":"https:\/\/smania.store\/pl\/produkt\/merryrail-swiateczny-tor-ukladanka-z-pociagiem-elektrycznym-25-elementow\/","title":{"rendered":"MerryRail\u2122 \u015bwi\u0105teczny tor uk\u0142adanka z poci\u0105giem elektrycznym \u2013 25 element\u00f3w"},"content":{"rendered":"<div class=\"smania_landing_description_title\"> NOWO\u015a\u0106: Uwolnij kreatywno\u015b\u0107 poprzez zabaw\u0119! <\/div>\n<div class=\"smania_landing_description_txt\"> Uwolnij wakacyjn\u0105 kreatywno\u015b\u0107, dostosowan\u0105 do pory roku! <\/div>\n<div class=\"smania_landing_description_subtitle\"> Przygotuj si\u0119 na \u015bwi\u0105teczn\u0105 zabaw\u0119 z 25-elementowym \u015bwi\u0105tecznym zestawem MerryRail\u2122! Ta interaktywna zabawka pozwala dzieciom budowa\u0107 w\u0142asne tory dla \u015bwi\u0105tecznego poci\u0105gu elektrycznego. To \u015bwietny spos\u00f3b dla ma\u0142ych in\u017cynier\u00f3w na rozwijanie kreatywno\u015bci i umiej\u0119tno\u015bci logicznego my\u015blenia podczas nieko\u0144cz\u0105cej si\u0119 zabawy. <\/div>\n<div class=\"smania_landing_description_list\">\n<ul>\n<li>Za ka\u017cdym razem mo\u017cna z\u0142o\u017cy\u0107 r\u00f3\u017cne tory kolejowe<\/li>\n<li>Poci\u0105g elektryczny, kt\u00f3ry sam je\u017adzi<\/li>\n<li>Pobudza kreatywno\u015b\u0107 i wyobra\u017ani\u0119<\/li>\n<li>Poprawia umiej\u0119tno\u015bci logicznego my\u015blenia i wspiera rozw\u00f3j zdolno\u015bci motorycznych<\/li>\n<li>Doskona\u0142y \u015bwi\u0105teczny design<\/li>\n<li>Kompaktowy i \u0142atwy do przechowywania<\/li>\n<\/ul><\/div>\n","protected":false},"excerpt":{"rendered":"<p>Zabawa dla dzieci w wieku od 3 lat|Anga\u017cuje wiele dzieci jednocze\u015bnie i oferuje mo\u017cliwo\u015b\u0107 budowania wi\u0119zi rodzinnych|\u0141atwe do z\u0142o\u017cenia puzzle|Realistyczne kszta\u0142ty pojazd\u00f3w|Zawiera 1\u00d7 elektryczny poci\u0105g na bateri\u0119 AAA (bateria nie jest do\u0142\u0105czona)|Zawiera 25 element\u00f3w (12 tor\u00f3w + 12 znak\u00f3w drogowych + zabawkowy poci\u0105g)|Wymiary produktu: 49.6 cm x 37,7 cm|Elementy tor\u00f3w mo\u017cna sk\u0142ada\u0107 na r\u00f3\u017cne sposoby<\/p>\n","protected":false},"featured_media":93493,"template":"","meta":[],"product_cat":[17],"product_tag":[1513,1625],"acf":[],"_links":{"self":[{"href":"https:\/\/smania.store\/pl\/wp-json\/wp\/v2\/product\/93505"}],"collection":[{"href":"https:\/\/smania.store\/pl\/wp-json\/wp\/v2\/product"}],"about":[{"href":"https:\/\/smania.store\/pl\/wp-json\/wp\/v2\/types\/product"}],"wp:featuredmedia":[{"embeddable":true,"href":"https:\/\/smania.store\/pl\/wp-json\/wp\/v2\/media\/93493"}],"wp:attachment":[{"href":"https:\/\/smania.store\/pl\/wp-json\/wp\/v2\/media?parent=93505"}],"wp:term":[{"taxonomy":"product_cat","embeddable":true,"href":"https:\/\/smania.store\/pl\/wp-json\/wp\/v2\/product_cat?post=93505"},{"taxonomy":"product_tag","embeddable":true,"href":"https:\/\/smania.store\/pl\/wp-json\/wp\/v2\/product_tag?post=93505"}],"curies":[{"name":"wp","href":"https:\/\/api.w.org\/{rel}","templated":true}]}}