{"id":93486,"date":"2025-11-17T07:33:33","date_gmt":"2025-11-17T06:33:33","guid":{"rendered":"https:\/\/smania.store\/pl\/produkt\/powercrew-elektryczna-maszyna-budowlana-zdalnie-sterowana\/"},"modified":"2026-04-25T14:59:52","modified_gmt":"2026-04-25T12:59:52","slug":"powercrew-elektryczna-maszyna-budowlana-zdalnie-sterowana","status":"publish","type":"product","link":"https:\/\/smania.store\/pl\/produkt\/powercrew-elektryczna-maszyna-budowlana-zdalnie-sterowana\/","title":{"rendered":"PowerCrew\u2122 elektryczna maszyna budowlana zdalnie sterowana"},"content":{"rendered":"<div class=\"smania_landing_description_title\">NOWO\u015a\u0106: Opanuj teren w dowolnym miejscu<\/div>\n<div class=\"smania_landing_description_txt\">Wywrotka. Buldo\u017cer. Koparka. Zbuduj zabaw\u0119!<\/div>\n<div class=\"smania_landing_description_subtitle\">Przejmij kontrol\u0119 nad akcj\u0105 z PowerCrew\u2122 &#8211; najlepsz\u0105 zdalnie sterowan\u0105 flot\u0105 budowlan\u0105! Wybierz mi\u0119dzy pot\u0119\u017cn\u0105 wywrotk\u0105, niepowstrzymanym buldo\u017cerem lub pot\u0119\u017cn\u0105 kopark\u0105 i wnie\u015b prawdziw\u0105 energi\u0119 placu budowy do swojej zabawy. Idealny do zabawy w piasku, b\u0142ocie lub na podw\u00f3rku.<\/div>\n<div class=\"smania_landing_description_list\">\n<ul>\n<li>Wytrzyma\u0142a konstrukcja na ka\u017cdy teren<\/li>\n<li>Ultra responsywny pilot zdalnego sterowania<\/li>\n<li>3 unikalne modele do zebrania<\/li>\n<li>D\u0142ugotrwa\u0142e zasilanie akumulatorowe<\/li>\n<li>Zwi\u0119ksza kreatywno\u015b\u0107 i koordynacj\u0119<\/li>\n<\/ul><\/div>\n","protected":false},"excerpt":{"rendered":"<p>Stworzony do jazdy po piasku i glebie|Szczeg\u00f3\u0142owy realizm w ka\u017cdym modelu|Bezpieczny i trwa\u0142y dla nieko\u0144cz\u0105cej si\u0119 zabawy|Idealny rozmiar do przyg\u00f3d w pomieszczeniach|Bezproblemowa wymiana baterii|Odpowiednie dla wieku: 3+|Czas \u0142adowania: 1-2 godziny|Odleg\u0142o\u015b\u0107 zdalna: oko\u0142o 30-40 metr\u00f3w|Akumulator samochodowy: 3,7 V, akumulator litowy 500 mAh|Pakiet zawiera: 1 \u00d7 pojazd RC, 1 \u00d7 pilot 2,4 GHz (potrzebne 2x baterie AA), 1 \u00d7 kabel \u0142aduj\u0105cy USB 3,7 V, 1 \u00d7 akumulator 500 mAh, 1 \u00d7 instrukcja obs\u0142ugi, 1 \u00d7 \u015brubokr\u0119t<\/p>\n","protected":false},"featured_media":93475,"template":"","meta":[],"product_cat":[17],"product_tag":[1513,1622],"acf":[],"_links":{"self":[{"href":"https:\/\/smania.store\/pl\/wp-json\/wp\/v2\/product\/93486"}],"collection":[{"href":"https:\/\/smania.store\/pl\/wp-json\/wp\/v2\/product"}],"about":[{"href":"https:\/\/smania.store\/pl\/wp-json\/wp\/v2\/types\/product"}],"wp:featuredmedia":[{"embeddable":true,"href":"https:\/\/smania.store\/pl\/wp-json\/wp\/v2\/media\/93475"}],"wp:attachment":[{"href":"https:\/\/smania.store\/pl\/wp-json\/wp\/v2\/media?parent=93486"}],"wp:term":[{"taxonomy":"product_cat","embeddable":true,"href":"https:\/\/smania.store\/pl\/wp-json\/wp\/v2\/product_cat?post=93486"},{"taxonomy":"product_tag","embeddable":true,"href":"https:\/\/smania.store\/pl\/wp-json\/wp\/v2\/product_tag?post=93486"}],"curies":[{"name":"wp","href":"https:\/\/api.w.org\/{rel}","templated":true}]}}