{"id":93473,"date":"2025-11-17T07:28:58","date_gmt":"2025-11-17T06:28:58","guid":{"rendered":"https:\/\/smania.store\/pl\/produkt\/buggyspin-zabawka-3-w-1-obrotowa-w-ksztalcie-biedronki\/"},"modified":"2026-03-28T17:55:52","modified_gmt":"2026-03-28T16:55:52","slug":"buggyspin-zabawka-3-w-1-obrotowa-w-ksztalcie-biedronki","status":"publish","type":"product","link":"https:\/\/smania.store\/pl\/produkt\/buggyspin-zabawka-3-w-1-obrotowa-w-ksztalcie-biedronki\/","title":{"rendered":"BuggySpin\u2122 zabawka 3 w 1 obrotowa w kszta\u0142cie biedronki"},"content":{"rendered":"<div class=\"smania_landing_description_title\">NOWO\u015a\u0106: Zestaw do zabawy &#8222;wszystko w jednym<\/div>\n<div class=\"smania_landing_description_txt\">Spin, Launch, Laugh &#8211; nieko\u0144cz\u0105ca si\u0119 zabawa w jednej zabawce <\/div>\n<div class=\"smania_landing_description_subtitle\">BuggySpin\u2122 to zabawka 3 w 1, kt\u00f3ra na nowo definiuje zabaw\u0119! Od wystrzeliwania rakiet i podrzucania pier\u015bcieni po podskakuj\u0105ce wyzwania &#8211; ten wszechstronny zestaw zapewnia rado\u015b\u0107 i \u015bmiech zar\u00f3wno dzieciom, jak i doros\u0142ym. \u0141atwy w monta\u017cu, bez u\u017cycia narz\u0119dzi, jest przeznaczony do spontanicznej zabawy zar\u00f3wno w domu, jak i na zewn\u0105trz.<\/div>\n<div class=\"smania_landing_description_list\">\n<ul>\n<li>Natychmiast przekszta\u0142ca si\u0119 w 3 gry<\/li>\n<li>Interaktywna i wci\u0105gaj\u0105ca zabawa<\/li>\n<li>Poprawia umiej\u0119tno\u015bci motoryczne poprzez zabaw\u0119<\/li>\n<li>Idealny prezent na ka\u017cd\u0105 okazj\u0119<\/li>\n<li>Rakiety z mi\u0119kkiej pianki, bezpieczne dla dzieci<\/li>\n<\/ul><\/div>\n","protected":false},"excerpt":{"rendered":"<p>Gra 1: Wyrzutnia rakiet &#8211; rakiety wznosz\u0105 si\u0119 na wysoko\u015b\u0107 do 60 st\u00f3p, nie wymagaj\u0105 baterii|Gra 2: Rzut pier\u015bcieniem &#8211; w zestawie 12 kolorowych pier\u015bcieni|Gra 3: Gra w skoki &#8211; obracaj\u0105cy si\u0119 dr\u0105\u017cek z muzyk\u0105 i regulowan\u0105 pr\u0119dko\u015bci\u0105|Odpowiednia grupa wiekowa: 3 lata+|Waga: 1,10 kg|Wymaga 3 \u00d7 baterii AA (brak w zestawie)<\/p>\n","protected":false},"featured_media":93469,"template":"","meta":[],"product_cat":[17],"product_tag":[1513,1622],"acf":[],"_links":{"self":[{"href":"https:\/\/smania.store\/pl\/wp-json\/wp\/v2\/product\/93473"}],"collection":[{"href":"https:\/\/smania.store\/pl\/wp-json\/wp\/v2\/product"}],"about":[{"href":"https:\/\/smania.store\/pl\/wp-json\/wp\/v2\/types\/product"}],"wp:featuredmedia":[{"embeddable":true,"href":"https:\/\/smania.store\/pl\/wp-json\/wp\/v2\/media\/93469"}],"wp:attachment":[{"href":"https:\/\/smania.store\/pl\/wp-json\/wp\/v2\/media?parent=93473"}],"wp:term":[{"taxonomy":"product_cat","embeddable":true,"href":"https:\/\/smania.store\/pl\/wp-json\/wp\/v2\/product_cat?post=93473"},{"taxonomy":"product_tag","embeddable":true,"href":"https:\/\/smania.store\/pl\/wp-json\/wp\/v2\/product_tag?post=93473"}],"curies":[{"name":"wp","href":"https:\/\/api.w.org\/{rel}","templated":true}]}}