{"id":93355,"date":"2025-11-11T14:10:07","date_gmt":"2025-11-11T13:10:07","guid":{"rendered":"https:\/\/smania.store\/pl\/produkt\/cornerpantry-dwuwarstwowy-narozny-chlebak\/"},"modified":"2026-04-17T13:58:59","modified_gmt":"2026-04-17T11:58:59","slug":"cornerpantry-dwuwarstwowy-narozny-chlebak","status":"publish","type":"product","link":"https:\/\/smania.store\/pl\/produkt\/cornerpantry-dwuwarstwowy-narozny-chlebak\/","title":{"rendered":"CornerPantry\u2122 dwuwarstwowy naro\u017cny chlebak"},"content":{"rendered":"<div class=\"smania_landing_description_title\">NOWO\u015a\u0106: Dwuwarstwowy pojemnik na pieczywo CornerPantry<\/div>\n<div class=\"smania_landing_description_txt\">\u015awie\u017co\u015b\u0107, kt\u00f3ra pasuje do Twojego k\u0105cika kuchennego<\/div>\n<div class=\"smania_landing_description_subtitle\">Masz do\u015b\u0107 suchych, zgniecionych bochenk\u00f3w? CornerPantry\u2122 zosta\u0142 zaprojektowany tak, aby utrzyma\u0107 \u015bwie\u017co\u015b\u0107 chleba przez wiele dni &#8211; bez marnowania miejsca na blacie. Inteligentna konstrukcja naro\u017cna, oddychaj\u0105ce wn\u0119trze i przezroczyste okienko umo\u017cliwiaj\u0105 przechowywanie wielu bochenk\u00f3w, chroni\u0105c je przed powietrzem i ba\u0142aganem.<\/div>\n<div class=\"smania_landing_description_list\">\n<ul>\n<li>Utrzymuje \u015bwie\u017co\u015b\u0107 pieczywa do 4 dni<\/li>\n<li>Inteligentna konstrukcja naro\u017cna oszcz\u0119dza miejsce na blacie<\/li>\n<li>Dwuwarstwowy pojemnik mie\u015bci ponad 2 bochenki<\/li>\n<li>Przezroczyste okienko do sprawdzania zawarto\u015bci bez otwierania<\/li>\n<li>Stylowe, trwa\u0142e wyko\u0144czenie pasuj\u0105ce do ka\u017cdej kuchni<\/li>\n<\/ul><\/div>\n","protected":false},"excerpt":{"rendered":"<p>G\u00f3rna powierzchnia mo\u017ce s\u0142u\u017cy\u0107 jako dodatkowe miejsce do przechowywania|Tylny otw\u00f3r wentylacyjny zapewnia prawid\u0142owy przep\u0142yw powietrza|Pasuje do wszystkich rodzaj\u00f3w wypiek\u00f3w|Zawiera narz\u0119dzie do \u0142atwego monta\u017cu|Wymiary: 32 \u00d7 34 \u00d7 34 cm|Materia\u0142: drewno paulownia + pleksi|Kolor: czarny matowy|Pojemno\u015b\u0107: 2 du\u017ce bochenki<\/p>\n","protected":false},"featured_media":93344,"template":"","meta":[],"product_cat":[16,223],"product_tag":[1496],"acf":[],"_links":{"self":[{"href":"https:\/\/smania.store\/pl\/wp-json\/wp\/v2\/product\/93355"}],"collection":[{"href":"https:\/\/smania.store\/pl\/wp-json\/wp\/v2\/product"}],"about":[{"href":"https:\/\/smania.store\/pl\/wp-json\/wp\/v2\/types\/product"}],"wp:featuredmedia":[{"embeddable":true,"href":"https:\/\/smania.store\/pl\/wp-json\/wp\/v2\/media\/93344"}],"wp:attachment":[{"href":"https:\/\/smania.store\/pl\/wp-json\/wp\/v2\/media?parent=93355"}],"wp:term":[{"taxonomy":"product_cat","embeddable":true,"href":"https:\/\/smania.store\/pl\/wp-json\/wp\/v2\/product_cat?post=93355"},{"taxonomy":"product_tag","embeddable":true,"href":"https:\/\/smania.store\/pl\/wp-json\/wp\/v2\/product_tag?post=93355"}],"curies":[{"name":"wp","href":"https:\/\/api.w.org\/{rel}","templated":true}]}}