{"id":93219,"date":"2025-11-06T14:04:49","date_gmt":"2025-11-06T13:04:49","guid":{"rendered":"https:\/\/smania.store\/pl\/produkt\/montekiddo-drewniany-stolik-i-krzeselko-dla-maluchow\/"},"modified":"2026-04-17T15:58:48","modified_gmt":"2026-04-17T13:58:48","slug":"montekiddo-drewniany-stolik-i-krzeselko-dla-maluchow","status":"publish","type":"product","link":"https:\/\/smania.store\/pl\/produkt\/montekiddo-drewniany-stolik-i-krzeselko-dla-maluchow\/","title":{"rendered":"MonteKiddo\u2122 drewniany stolik i krzese\u0142ko dla maluch\u00f3w"},"content":{"rendered":"<div class=\"smania_landing_description_title\">NOWO\u015a\u0106! Zestaw mebli dzieci\u0119cych 3 w 1<\/div>\n<div class=\"smania_landing_description_txt\">Stworzony dla ma\u0142ych r\u0105czek, wielkich marze\u0144!<\/div>\n<div class=\"smania_landing_description_subtitle\"> Zapewnij swojemu dziecku idealne miejsce do siedzenia, zabawy, rysowania i rozwoju. Zestaw drewnianych stolik\u00f3w MonteKiddo\u2122 zosta\u0142 stworzony z my\u015bl\u0105 o ciekawskich maluchach i zaprojektowany tak, aby rozwija\u0142 si\u0119 wraz z ka\u017cdym etapem &#8211; od chwiejnych pierwszych krok\u00f3w po pewn\u0105 siebie kreatywno\u015b\u0107. Zawiera ma\u0142e tacki do przechowywania &#8211; idealne na o\u0142\u00f3wki, kredki i inne ma\u0142e skarby.<\/div>\n<div class=\"smania_landing_description_list\">\n<ul>\n<li>Przekszta\u0142ca si\u0119 w krzes\u0142o, st\u00f3\u0142, sto\u0142ek i nie tylko<\/li>\n<li>Zach\u0119ca do samodzielno\u015bci i nauki<\/li>\n<li>W zestawie mini tacki na kredki, o\u0142\u00f3wki i drobne przedmioty<\/li>\n<li>Ro\u015bnie wraz z dzieckiem (9 miesi\u0119cy &#8211; 6 lat)<\/li>\n<li>Bezpieczny, trwa\u0142y i inspirowany metod\u0105 Montessori<\/li>\n<li>Prosty monta\u017c, bez u\u017cycia narz\u0119dzi<\/li>\n<\/ul><\/div>\n","protected":false},"excerpt":{"rendered":"<p>\u0141atwa do obracania i przerzucania konstrukcja|Idealny do ma\u0142ych przestrzeni|Dodaje stylu do pokoju dziecka|Zach\u0119ca do samodzielnej zabawy|St\u00f3\u0142: 36 \u00d7 33 \u00d7 38 cm|Taboret: 30 \u00d7 28 \u00d7 31 cm|Materia\u0142: 100% naturalne drewno kauczukowe|Zalecany wiek: 9 miesi\u0119cy &#8211; 6 lat<\/p>\n","protected":false},"featured_media":93209,"template":"","meta":[],"product_cat":[17],"product_tag":[1622],"acf":[],"_links":{"self":[{"href":"https:\/\/smania.store\/pl\/wp-json\/wp\/v2\/product\/93219"}],"collection":[{"href":"https:\/\/smania.store\/pl\/wp-json\/wp\/v2\/product"}],"about":[{"href":"https:\/\/smania.store\/pl\/wp-json\/wp\/v2\/types\/product"}],"wp:featuredmedia":[{"embeddable":true,"href":"https:\/\/smania.store\/pl\/wp-json\/wp\/v2\/media\/93209"}],"wp:attachment":[{"href":"https:\/\/smania.store\/pl\/wp-json\/wp\/v2\/media?parent=93219"}],"wp:term":[{"taxonomy":"product_cat","embeddable":true,"href":"https:\/\/smania.store\/pl\/wp-json\/wp\/v2\/product_cat?post=93219"},{"taxonomy":"product_tag","embeddable":true,"href":"https:\/\/smania.store\/pl\/wp-json\/wp\/v2\/product_tag?post=93219"}],"curies":[{"name":"wp","href":"https:\/\/api.w.org\/{rel}","templated":true}]}}