{"id":93196,"date":"2025-11-06T07:29:47","date_gmt":"2025-11-06T06:29:47","guid":{"rendered":"https:\/\/smania.store\/pl\/produkt\/merrypine-skladane-udekorowane-drzewko-swiateczne\/"},"modified":"2025-11-19T10:25:41","modified_gmt":"2025-11-19T09:25:41","slug":"merrypine-skladane-udekorowane-drzewko-swiateczne","status":"publish","type":"product","link":"https:\/\/smania.store\/pl\/produkt\/merrypine-skladane-udekorowane-drzewko-swiateczne\/","title":{"rendered":"MerryPine\u2122 sk\u0142adane udekorowane drzewko \u015bwi\u0105teczne"},"content":{"rendered":"<div class=\"smania_landing_description_title\">NOWO\u015a\u0106! Natychmiastowa magia \u015bwi\u0105t w kilka minut<\/div>\n<div class=\"smania_landing_description_txt\">Magia \u015bwi\u0105t w minut\u0119 &#8211; bez k\u0142opot\u00f3w, tylko rado\u015b\u0107<\/div>\n<div class=\"smania_landing_description_subtitle\">Ciesz si\u0119 pi\u0119knie udekorowan\u0105 choink\u0105 bez kiwni\u0119cia palcem. MerryPine\u2122 otwiera si\u0119 w kilka sekund, wraz z pi\u0119knymi ozdobami, wst\u0105\u017ckami, kokardami, li\u015b\u0107mi, poinsecj\u0105 i \u015bwiate\u0142kami LED, dzi\u0119ki czemu \u015bwi\u0105teczne dekorowanie jest \u0142atwe i bezstresowe.<\/div>\n<div class=\"smania_landing_description_list\">\n<ul>\n<li>Szybka konstrukcja pop-up &#8211; monta\u017c w mniej ni\u017c minut\u0119<\/li>\n<li>Zdalnie sterowane \u015bwiat\u0142a LED &#8211; nie trzeba si\u0119 schyla\u0107 ani si\u0119ga\u0107<\/li>\n<li>Wst\u0119pnie udekorowany ozdobami, wst\u0105\u017ckami, kokardami &#8211; oszcz\u0119dno\u015b\u0107 czasu na dekorowanie<\/li>\n<li>Trwa\u0142y, bezwonny PVC &#8211; bezpieczny dla dzieci i zwierz\u0105t domowych<\/li>\n<li>Idealny do u\u017cytku wewn\u0105trz i na zewn\u0105trz &#8211; w salonie, na werandzie, w biurze lub na patio<\/li>\n<li>Idealny dla senior\u00f3w &#8211; eliminuje skomplikowany monta\u017c<\/li>\n<\/ul><\/div>\n","protected":false},"excerpt":{"rendered":"<p>Szybka konfiguracja|Zdalne sterowanie|Wst\u0119pnie udekorowany|Trwa\u0142y i bezpieczny|Kolory: Czerwony\/Z\u0142oty, Srebrny|Wysoko\u015b\u0107: 180 cm|\u015awiat\u0142a LED: ciep\u0142y bia\u0142y|Materia\u0142: PVC, nietoksyczny i trwa\u0142y<\/p>\n","protected":false},"featured_media":93185,"template":"","meta":[],"product_cat":[16,21],"product_tag":[2484,1528],"acf":[],"_links":{"self":[{"href":"https:\/\/smania.store\/pl\/wp-json\/wp\/v2\/product\/93196"}],"collection":[{"href":"https:\/\/smania.store\/pl\/wp-json\/wp\/v2\/product"}],"about":[{"href":"https:\/\/smania.store\/pl\/wp-json\/wp\/v2\/types\/product"}],"wp:featuredmedia":[{"embeddable":true,"href":"https:\/\/smania.store\/pl\/wp-json\/wp\/v2\/media\/93185"}],"wp:attachment":[{"href":"https:\/\/smania.store\/pl\/wp-json\/wp\/v2\/media?parent=93196"}],"wp:term":[{"taxonomy":"product_cat","embeddable":true,"href":"https:\/\/smania.store\/pl\/wp-json\/wp\/v2\/product_cat?post=93196"},{"taxonomy":"product_tag","embeddable":true,"href":"https:\/\/smania.store\/pl\/wp-json\/wp\/v2\/product_tag?post=93196"}],"curies":[{"name":"wp","href":"https:\/\/api.w.org\/{rel}","templated":true}]}}