{"id":93112,"date":"2025-11-04T08:51:21","date_gmt":"2025-11-04T07:51:21","guid":{"rendered":"https:\/\/smania.store\/pl\/produkt\/taprack-uchwyt-scienny-z-przyssawka-do-kranu\/"},"modified":"2026-02-01T08:35:23","modified_gmt":"2026-02-01T07:35:23","slug":"taprack-uchwyt-scienny-z-przyssawka-do-kranu","status":"publish","type":"product","link":"https:\/\/smania.store\/pl\/produkt\/taprack-uchwyt-scienny-z-przyssawka-do-kranu\/","title":{"rendered":"TapRack\u2122 uchwyt \u015bcienny z przyssawk\u0105 do kranu"},"content":{"rendered":"<div class=\"smania_landing_description_title\">NOWO\u015a\u0106: Dodaje przestrzeni, nie wymaga wiercenia<\/div>\n<div class=\"smania_landing_description_txt\">Zyskaj miejsce za kranem i dodaj odrobin\u0119 luksusu &#8211; bez wiercenia!<\/div>\n<div class=\"smania_landing_description_subtitle\">Zainstaluj go na \u015bcianie za pomoc\u0105 mocnych przyssawek, aby cieszy\u0107 si\u0119 dodatkow\u0105 przestrzeni\u0105 bez wysi\u0142ku, w po\u0142\u0105czeniu z luksusem!<\/div>\n<div class=\"smania_landing_description_list\">\n<ul>\n<li>Maksymalne wykorzystanie miejsca przy zlewozmywaku<\/li>\n<li>Kompatybilny ze wszystkimi bateriami<\/li>\n<li>Bezpieczny monta\u017c za pomoc\u0105 przyssawki<\/li>\n<li>Mo\u017cliwo\u015b\u0107 bezstopniowego od\u0142\u0105czania i pod\u0142\u0105czania<\/li>\n<li>Wodoodporna konstrukcja z systemem odprowadzania wody<\/li>\n<\/ul><\/div>\n","protected":false},"excerpt":{"rendered":"<p>Mocne przyssawki mocno trzymaj\u0105|Bez wiercenia, bez ba\u0142aganu|Dodaje odrobin\u0119 luksusu|Zdejmowana i zmywalna taca|Idealny do ma\u0142ych \u0142azienek|Kolor: orzechowy i czarny|Materia\u0142y: stop aluminium, silikon|Wymiary p\u00f3\u0142ki: 40 x 12 x 4 cm|Obci\u0105\u017cenie: 3 kg|Zastosowanie: wszystkie g\u0142adkie, p\u0142askie powierzchnie<\/p>\n","protected":false},"featured_media":93099,"template":"","meta":[],"product_cat":[16],"product_tag":[2484,1528],"acf":[],"_links":{"self":[{"href":"https:\/\/smania.store\/pl\/wp-json\/wp\/v2\/product\/93112"}],"collection":[{"href":"https:\/\/smania.store\/pl\/wp-json\/wp\/v2\/product"}],"about":[{"href":"https:\/\/smania.store\/pl\/wp-json\/wp\/v2\/types\/product"}],"wp:featuredmedia":[{"embeddable":true,"href":"https:\/\/smania.store\/pl\/wp-json\/wp\/v2\/media\/93099"}],"wp:attachment":[{"href":"https:\/\/smania.store\/pl\/wp-json\/wp\/v2\/media?parent=93112"}],"wp:term":[{"taxonomy":"product_cat","embeddable":true,"href":"https:\/\/smania.store\/pl\/wp-json\/wp\/v2\/product_cat?post=93112"},{"taxonomy":"product_tag","embeddable":true,"href":"https:\/\/smania.store\/pl\/wp-json\/wp\/v2\/product_tag?post=93112"}],"curies":[{"name":"wp","href":"https:\/\/api.w.org\/{rel}","templated":true}]}}