{"id":92968,"date":"2025-10-28T12:02:19","date_gmt":"2025-10-28T11:02:19","guid":{"rendered":"https:\/\/smania.store\/pl\/produkt\/foldtub-skladana-przenosna-izolowana-wanna\/"},"modified":"2026-04-21T17:44:50","modified_gmt":"2026-04-21T15:44:50","slug":"foldtub-skladana-przenosna-izolowana-wanna","status":"publish","type":"product","link":"https:\/\/smania.store\/pl\/produkt\/foldtub-skladana-przenosna-izolowana-wanna\/","title":{"rendered":"FoldTub\u2122 sk\u0142adana przeno\u015bna izolowana wanna"},"content":{"rendered":"<div class=\"smania_landing_description_title\">NOWO\u015a\u0106: Przekszta\u0142\u0107 czas k\u0105pieli bez wysi\u0142ku<\/div>\n<div class=\"smania_landing_description_txt\">Podnie\u015b swoje wra\u017cenia z k\u0105pieli w kilka sekund!<\/div>\n<div class=\"smania_landing_description_subtitle\">Ulepsz swoj\u0105 gr\u0119 relaksacyjn\u0105 dzi\u0119ki FoldTub\u2122! Nie musisz sk\u0142ada\u0107 w skomplikowanych instrukcjach &#8211; roz\u0142\u00f3\u017c j\u0105 w kilka sekund i zanurz si\u0119 w \u015bwiecie komfortu.<\/div>\n<div class=\"smania_landing_description_list\">\n<ul>\n<li>\u0141atwa instalacja w mniej ni\u017c 5 sekund<\/li>\n<li>Oszcz\u0119dno\u015b\u0107 miejsca dzi\u0119ki sk\u0142adanej konstrukcji<\/li>\n<li>Utrzymuje temperatur\u0119 do 2 godzin<\/li>\n<li>Wysokiej jako\u015bci materia\u0142y zapewniaj\u0105 d\u0142ugotrwa\u0142\u0105 wytrzyma\u0142o\u015b\u0107<\/li>\n<li>Przyjazny dla \u015brodowiska dzi\u0119ki termoizolacyjnej bawe\u0142nie per\u0142owej<\/li>\n<li>Wszechstronno\u015b\u0107: moczenie, k\u0105piel lodowa, basen dla dzieci<\/li>\n<\/ul><\/div>\n","protected":false},"excerpt":{"rendered":"<p>Szybka i \u0142atwa konfiguracja|Wydajny podw\u00f3jny system odprowadzania wody|Utrzymuje temperatur\u0119 do 2 godzin|Idealny do relaksu i terapii zimnem|Idealny do u\u017cytku wewn\u0105trz i na zewn\u0105trz|Kolor: gwia\u017adzisty niebieski|Materia\u0142: Pearl Cotton + PVC|Wymiary: 70 x 65 cm|Waga: 3,1 kg|Metoda instalacji: wolnostoj\u0105cy<\/p>\n","protected":false},"featured_media":92955,"template":"","meta":[],"product_cat":[16,21],"product_tag":[1527,1503],"acf":[],"_links":{"self":[{"href":"https:\/\/smania.store\/pl\/wp-json\/wp\/v2\/product\/92968"}],"collection":[{"href":"https:\/\/smania.store\/pl\/wp-json\/wp\/v2\/product"}],"about":[{"href":"https:\/\/smania.store\/pl\/wp-json\/wp\/v2\/types\/product"}],"wp:featuredmedia":[{"embeddable":true,"href":"https:\/\/smania.store\/pl\/wp-json\/wp\/v2\/media\/92955"}],"wp:attachment":[{"href":"https:\/\/smania.store\/pl\/wp-json\/wp\/v2\/media?parent=92968"}],"wp:term":[{"taxonomy":"product_cat","embeddable":true,"href":"https:\/\/smania.store\/pl\/wp-json\/wp\/v2\/product_cat?post=92968"},{"taxonomy":"product_tag","embeddable":true,"href":"https:\/\/smania.store\/pl\/wp-json\/wp\/v2\/product_tag?post=92968"}],"curies":[{"name":"wp","href":"https:\/\/api.w.org\/{rel}","templated":true}]}}