{"id":92716,"date":"2025-10-21T07:42:41","date_gmt":"2025-10-21T05:42:41","guid":{"rendered":"https:\/\/smania.store\/pl\/produkt\/nutcracker-2-w-1-otwieracz-do-kasztanow-i-orzechow\/"},"modified":"2025-10-21T07:42:41","modified_gmt":"2025-10-21T05:42:41","slug":"nutcracker-2-w-1-otwieracz-do-kasztanow-i-orzechow","status":"publish","type":"product","link":"https:\/\/smania.store\/pl\/produkt\/nutcracker-2-w-1-otwieracz-do-kasztanow-i-orzechow\/","title":{"rendered":"NutCracker\u2122 2 w 1 otwieracz do kasztan\u00f3w i orzech\u00f3w"},"content":{"rendered":"<div class=\"smania_landing_description_title\">NOWO\u015a\u0106: Narz\u0119dzie do \u0142amania orzech\u00f3w bez wysi\u0142ku<\/div>\n<div class=\"smania_landing_description_txt\">P\u0119kanie bez wysi\u0142ku w kilka sekund!<\/div>\n<div class=\"smania_landing_description_subtitle\">Przedstawiamy NutCracker\u2122 &#8211; najlepszy dziadek do orzech\u00f3w, na jaki czeka\u0142e\u015b! Po\u017cegnaj si\u0119 z upartymi \u0142upinami i przywitaj pyszne orzechy w kilka sekund.<\/div>\n<div class=\"smania_landing_description_list\">\n<ul>\n<li>Sto\u017ckowy kszta\u0142t pasuje do wszystkich nakr\u0119tek<\/li>\n<li>Wysokiej jako\u015bci konstrukcja ze stali nierdzewnej<\/li>\n<li>Ergonomiczna konstrukcja spr\u0119\u017cynowa<\/li>\n<li>Antypo\u015blizgowy uchwyt zapewnia pewny chwyt<\/li>\n<li>Konstrukcja d\u017awigni oszcz\u0119dza wysi\u0142ek<\/li>\n<\/ul><\/div>\n","protected":false},"excerpt":{"rendered":"<p>Jednocz\u0119\u015bciowa, bezszwowa konstrukcja|Odporno\u015b\u0107 na rdz\u0119 i korozj\u0119|Idealna do wszystkich nakr\u0119tek|Szybkie i \u0142atwe \u0142amanie|Kolor: srebrny|Waga: 200 g|D\u0142ugo\u015b\u0107: 21 cm|Materia\u0142: Stal nierdzewna<\/p>\n","protected":false},"featured_media":92704,"template":"","meta":[],"product_cat":[223],"product_tag":[1496],"acf":[],"_links":{"self":[{"href":"https:\/\/smania.store\/pl\/wp-json\/wp\/v2\/product\/92716"}],"collection":[{"href":"https:\/\/smania.store\/pl\/wp-json\/wp\/v2\/product"}],"about":[{"href":"https:\/\/smania.store\/pl\/wp-json\/wp\/v2\/types\/product"}],"wp:featuredmedia":[{"embeddable":true,"href":"https:\/\/smania.store\/pl\/wp-json\/wp\/v2\/media\/92704"}],"wp:attachment":[{"href":"https:\/\/smania.store\/pl\/wp-json\/wp\/v2\/media?parent=92716"}],"wp:term":[{"taxonomy":"product_cat","embeddable":true,"href":"https:\/\/smania.store\/pl\/wp-json\/wp\/v2\/product_cat?post=92716"},{"taxonomy":"product_tag","embeddable":true,"href":"https:\/\/smania.store\/pl\/wp-json\/wp\/v2\/product_tag?post=92716"}],"curies":[{"name":"wp","href":"https:\/\/api.w.org\/{rel}","templated":true}]}}