{"id":92511,"date":"2025-10-13T04:33:24","date_gmt":"2025-10-13T02:33:24","guid":{"rendered":"https:\/\/smania.store\/pl\/produkt\/steplad-regulowana-platforma-drabinowa\/"},"modified":"2026-03-12T14:40:50","modified_gmt":"2026-03-12T13:40:50","slug":"steplad-regulowana-platforma-drabinowa","status":"publish","type":"product","link":"https:\/\/smania.store\/pl\/produkt\/steplad-regulowana-platforma-drabinowa\/","title":{"rendered":"StepLad\u2122 regulowana platforma drabinowa"},"content":{"rendered":"<div class=\"smania_landing_description_title\">NOWO\u015a\u0106, Zwi\u0119ksz swoje bezpiecze\u0144stwo<\/div>\n<div class=\"smania_landing_description_txt\">Bezpieczny i niezawodny krok do ka\u017cdego zadania!<\/div>\n<div class=\"smania_landing_description_subtitle\">Poznaj StepLad\u2122, najlepszego towarzysza drabin, zaprojektowanego, aby zrewolucjonizowa\u0107 Twoj\u0105 prac\u0119. Poczuj si\u0119 bezpiecznie dzi\u0119ki solidnej no\u015bno\u015bci 170 kg i przestronnej powierzchni. Bezpiecznie st\u00f3j, balansuj i pokonuj swoje zadania szybciej i wydajniej ni\u017c kiedykolwiek!<\/div>\n<div class=\"smania_landing_description_list\">\n<ul>\n<li>Solidna stabilno\u015b\u0107 do 170 kg<\/li>\n<li>\u0141atwy dost\u0119p do narz\u0119dzi i materia\u0142\u00f3w<\/li>\n<li>Przeno\u015bna i lekka konstrukcja<\/li>\n<li>Dwa razy szybsze wykonywanie zada\u0144<\/li>\n<li>Idealny do malowania, konserwacji i nie tylko<\/li>\n<\/ul><\/div>\n","protected":false},"excerpt":{"rendered":"<p>Zwi\u0119kszone bezpiecze\u0144stwo na wszystkich wysoko\u015bciach|Idealny dla entuzjast\u00f3w majsterkowania|Obs\u0142uguje ci\u0119\u017ckie zadania|\u0141atwy monta\u017c i demonta\u017c|Pasuje do ka\u017cdej drabiny|Materia\u0142: \u017belazo|Maks. ud\u017awig: 170 kg|Waga przedmiotu: 2 kg|Wymiary: 48 x 31 x 13 cm|Cecha szczeg\u00f3lna: Dodatkowy stopie\u0144, sk\u0142adany<\/p>\n","protected":false},"featured_media":92500,"template":"","meta":[],"product_cat":[16,222],"product_tag":[1484],"acf":[],"_links":{"self":[{"href":"https:\/\/smania.store\/pl\/wp-json\/wp\/v2\/product\/92511"}],"collection":[{"href":"https:\/\/smania.store\/pl\/wp-json\/wp\/v2\/product"}],"about":[{"href":"https:\/\/smania.store\/pl\/wp-json\/wp\/v2\/types\/product"}],"wp:featuredmedia":[{"embeddable":true,"href":"https:\/\/smania.store\/pl\/wp-json\/wp\/v2\/media\/92500"}],"wp:attachment":[{"href":"https:\/\/smania.store\/pl\/wp-json\/wp\/v2\/media?parent=92511"}],"wp:term":[{"taxonomy":"product_cat","embeddable":true,"href":"https:\/\/smania.store\/pl\/wp-json\/wp\/v2\/product_cat?post=92511"},{"taxonomy":"product_tag","embeddable":true,"href":"https:\/\/smania.store\/pl\/wp-json\/wp\/v2\/product_tag?post=92511"}],"curies":[{"name":"wp","href":"https:\/\/api.w.org\/{rel}","templated":true}]}}