{"id":92247,"date":"2025-10-01T15:01:13","date_gmt":"2025-10-01T13:01:13","guid":{"rendered":"https:\/\/smania.store\/pl\/produkt\/pattyslumber-uspokajajaca-pluszowa-zabawka-dla-niemowlat\/"},"modified":"2026-01-22T14:53:08","modified_gmt":"2026-01-22T13:53:08","slug":"pattyslumber-uspokajajaca-pluszowa-zabawka-dla-niemowlat","status":"publish","type":"product","link":"https:\/\/smania.store\/pl\/produkt\/pattyslumber-uspokajajaca-pluszowa-zabawka-dla-niemowlat\/","title":{"rendered":"PattySlumber\u2122 uspokajaj\u0105ca pluszowa zabawka dla niemowl\u0105t"},"content":{"rendered":"<div class=\"smania_landing_description_title\">NOWO\u015a\u0106: Spokojny sen dla Twojego dziecka<\/div>\n<div class=\"smania_landing_description_txt\">Koj\u0105cy dotyk, kt\u00f3ry nigdy si\u0119 nie m\u0119czy<\/div>\n<div class=\"smania_landing_description_subtitle\"> Dzi\u0119ki mi\u0119kkim, rytmicznym ruchom, ten pluszowy mi\u015b pociesza malucha jak w\u0142asna r\u0119ka &#8211; dzi\u0119ki czemu oboje mo\u017cecie spa\u0107 spokojnie<\/div>\n<div class=\"smania_landing_description_list\">\n<ul>\n<li>Na\u015bladuje delikatny dotyk rodzica, aby uspokoi\u0107 i pocieszy\u0107<\/li>\n<li>Regulowane poklepywanie z trzema koj\u0105cymi poziomami pr\u0119dko\u015bci<\/li>\n<li>Zdalne sterowanie dla \u0142atwego u\u017cytkowania na odleg\u0142o\u015b\u0107<\/li>\n<li>Pomaga z\u0142agodzi\u0107 l\u0119k separacyjny podczas odpoczynku lub drzemki<\/li>\n<li>Mi\u0119kkie, bezpieczne dla dziecka materia\u0142y zapewniaj\u0105 beztroskie przytulanie<\/li>\n<\/ul><\/div>\n","protected":false},"excerpt":{"rendered":"<p>Delikatnie usypia dziecko|Zmniejsza marudno\u015b\u0107 i nocny p\u0142acz|Regulowane poklepywanie z 3 poziomami pr\u0119dko\u015bci|Zast\u0119puje obecno\u015b\u0107 mamy|Idealny do \u0142\u00f3\u017ceczka, \u0142\u00f3\u017cka lub w\u00f3zka|Przeno\u015bny do podr\u00f3\u017cy rodzinnych|Pakiet zawiera: bezprzewodowy pilot zdalnego sterowania|Materia\u0142y: w\u0142\u00f3kno poliestrowe i wype\u0142nienie z bawe\u0142ny per\u0142owej|Wariant: Be\u017cowy kolor w uroczy wz\u00f3r misia|Wymiary: 68 \u00d7 25 cm<\/p>\n","protected":false},"featured_media":92237,"template":"","meta":[],"product_cat":[17],"product_tag":[1622],"acf":[],"_links":{"self":[{"href":"https:\/\/smania.store\/pl\/wp-json\/wp\/v2\/product\/92247"}],"collection":[{"href":"https:\/\/smania.store\/pl\/wp-json\/wp\/v2\/product"}],"about":[{"href":"https:\/\/smania.store\/pl\/wp-json\/wp\/v2\/types\/product"}],"wp:featuredmedia":[{"embeddable":true,"href":"https:\/\/smania.store\/pl\/wp-json\/wp\/v2\/media\/92237"}],"wp:attachment":[{"href":"https:\/\/smania.store\/pl\/wp-json\/wp\/v2\/media?parent=92247"}],"wp:term":[{"taxonomy":"product_cat","embeddable":true,"href":"https:\/\/smania.store\/pl\/wp-json\/wp\/v2\/product_cat?post=92247"},{"taxonomy":"product_tag","embeddable":true,"href":"https:\/\/smania.store\/pl\/wp-json\/wp\/v2\/product_tag?post=92247"}],"curies":[{"name":"wp","href":"https:\/\/api.w.org\/{rel}","templated":true}]}}