{"id":92081,"date":"2025-09-23T07:23:25","date_gmt":"2025-09-23T05:23:25","guid":{"rendered":"https:\/\/smania.store\/pl\/produkt\/dryhut-inteligentna-skladana-suszarka-do-ubran\/"},"modified":"2025-11-12T11:38:11","modified_gmt":"2025-11-12T10:38:11","slug":"dryhut-inteligentna-skladana-suszarka-do-ubran","status":"publish","type":"product","link":"https:\/\/smania.store\/pl\/produkt\/dryhut-inteligentna-skladana-suszarka-do-ubran\/","title":{"rendered":"Dryhut\u2122 Inteligentna sk\u0142adana suszarka do ubra\u0144"},"content":{"rendered":"<div class=\"smania_landing_description_title\">NOWO\u015a\u0106! Zrewolucjonizuj swoje pranie<\/div>\n<div class=\"smania_landing_description_txt\">Susz pranie w zaledwie 20 minut!<\/div>\n<div class=\"smania_landing_description_subtitle\">Dryhut\u2122 sprawi, \u017ce pranie stanie si\u0119 dziecinnie proste. Nie ma potrzeby stosowania ci\u0119\u017ckich urz\u0105dze\u0144 &#8211; ta przeno\u015bna suszarka b\u0142yskawicznie suszy do 9 ubra\u0144. Po\u017cegnaj si\u0119 z k\u0142opotami i przywitaj si\u0119 z innowacj\u0105 &#8211; natychmiast!<\/div>\n<div class=\"smania_landing_description_list\">\n<ul>\n<li>Ultraszybkie suszenie w zaledwie 20 minut<\/li>\n<li>Mie\u015bci do 9 sztuk odzie\u017cy<\/li>\n<li>Kompaktowa konstrukcja, idealna do ma\u0142ych przestrzeni<\/li>\n<li>Przyjazny dla \u015brodowiska, zmniejszaj\u0105cy zu\u017cycie energii<\/li>\n<li>\u0141atwa konfiguracja, gotowa do u\u017cycia w dowolnym miejscu<\/li>\n<li>Zachowuje jako\u015b\u0107 tkanin<\/li>\n<\/ul><\/div>\n","protected":false},"excerpt":{"rendered":"<p>Suszy bez marszczenia si\u0119|Przeno\u015bna i przyjazna w podr\u00f3\u017cy konstrukcja|Wygodny do szybkiego suszenia|Nie jest wymagana linka do prania|Energooszcz\u0119dna technologia|Nowoczesny i elegancki wygl\u0105d|Idealny do mieszka\u0144|Wspiera zr\u00f3wnowa\u017cony styl \u017cycia<\/p>\n","protected":false},"featured_media":92072,"template":"","meta":[],"product_cat":[16],"product_tag":[1527],"acf":[],"_links":{"self":[{"href":"https:\/\/smania.store\/pl\/wp-json\/wp\/v2\/product\/92081"}],"collection":[{"href":"https:\/\/smania.store\/pl\/wp-json\/wp\/v2\/product"}],"about":[{"href":"https:\/\/smania.store\/pl\/wp-json\/wp\/v2\/types\/product"}],"wp:featuredmedia":[{"embeddable":true,"href":"https:\/\/smania.store\/pl\/wp-json\/wp\/v2\/media\/92072"}],"wp:attachment":[{"href":"https:\/\/smania.store\/pl\/wp-json\/wp\/v2\/media?parent=92081"}],"wp:term":[{"taxonomy":"product_cat","embeddable":true,"href":"https:\/\/smania.store\/pl\/wp-json\/wp\/v2\/product_cat?post=92081"},{"taxonomy":"product_tag","embeddable":true,"href":"https:\/\/smania.store\/pl\/wp-json\/wp\/v2\/product_tag?post=92081"}],"curies":[{"name":"wp","href":"https:\/\/api.w.org\/{rel}","templated":true}]}}