{"id":91825,"date":"2025-09-03T09:28:22","date_gmt":"2025-09-03T07:28:22","guid":{"rendered":"https:\/\/smania.store\/pl\/produkt\/srodek-do-renowacji-asfaltu-drivewaypro-1-l-2-m%c2%b2\/"},"modified":"2025-10-26T12:51:20","modified_gmt":"2025-10-26T11:51:20","slug":"srodek-do-renowacji-asfaltu-drivewaypro-1-l-2-m%c2%b2","status":"publish","type":"product","link":"https:\/\/smania.store\/pl\/produkt\/srodek-do-renowacji-asfaltu-drivewaypro-1-l-2-m%c2%b2\/","title":{"rendered":"\u015arodek do renowacji asfaltu DrivewayPRO\u2122 &#8211; 1 L \/ 4-6 m\u00b2"},"content":{"rendered":"<div class=\"smania_landing_description_title\">NOWO\u015a\u0106: \u015arodek do renowacji asfaltu DrivewayPRO<\/div>\n<div class=\"smania_landing_description_txt\">Odn\u00f3w sw\u00f3j podjazd w mgnieniu oka<\/div>\n<div class=\"smania_landing_description_subtitle\">Czy Tw\u00f3j podjazd wygl\u0105da na zu\u017cyty? DrivewayPRO\u2122 to najlepsze rozwi\u0105zanie do renowacji i ochrony powierzchni asfaltowych i betonowych. Dzi\u0119ki odporno\u015bci na niekorzystne warunki pogodowe, zmiany temperatury, p\u0119kanie i uszkodzenia spowodowane promieniowaniem UV, DrivewayPRO\u2122 nie tylko poprawia wygl\u0105d podjazdu, ale tak\u017ce zapewnia d\u0142ugotrwa\u0142\u0105 wodoodporno\u015b\u0107 i ochron\u0119.<\/div>\n<div class=\"smania_landing_description_list\">\n<ul>\n<li>Uszczelnia i wzmacnia powierzchni\u0119<\/li>\n<li>Odporny na deszcz, upa\u0142 i mr\u00f3z<\/li>\n<li>Odnawia podjazdy &#8211; oryginalny wygl\u0105d asfaltu i betonu<\/li>\n<li>Ochrona przed promieniowaniem UV &#8211; zapobiega blakni\u0119ciu i uszkodzeniom<\/li>\n<li>Hydrofobowo\u015b\u0107 &#8211; zapobiega wnikaniu wilgoci<\/li>\n<li>Wyd\u0142u\u017cona \u017cywotno\u015b\u0107 &#8211; konserwuje i wzmacnia powierzchni\u0119<\/li>\n<\/ul><\/div>\n","protected":false},"excerpt":{"rendered":"<p>WYSOKA WYDAJNO\u015a\u0106 &#8211; Specjalnie opracowana dla dr\u00f3g asfaltowych|TRWA\u0141O\u015a\u0106 &#8211; Trwa\u0142a czarna warstwa o niskim po\u0142ysku|OCHRONA &#8211; chroni przed czynnikami atmosferycznymi, wyciekami i wzrostem chwast\u00f3w|\u0141ATWY W U\u017bYCIU &#8211; Prosta aplikacja zapewniaj\u0105ca bezproblemowe rezultaty|SZYBKIE SCHNI\u0118CIE &#8211; gotowy do u\u017cycia w zaledwie 4 godziny|Kolor &#8211; czarny|Pojemno\u015b\u0107 p\u0142ynu &#8211; 1 l|Pokrycie &#8211; do 6 m\u00b2|Czas schni\u0119cia &#8211; 4 godziny do u\u017cycia|Aplikacja &#8211; P\u0119dzel, wa\u0142ek lub natrysk<\/p>\n","protected":false},"featured_media":91971,"template":"","meta":[],"product_cat":[2739],"product_tag":[2755,2754],"acf":[],"_links":{"self":[{"href":"https:\/\/smania.store\/pl\/wp-json\/wp\/v2\/product\/91825"}],"collection":[{"href":"https:\/\/smania.store\/pl\/wp-json\/wp\/v2\/product"}],"about":[{"href":"https:\/\/smania.store\/pl\/wp-json\/wp\/v2\/types\/product"}],"wp:featuredmedia":[{"embeddable":true,"href":"https:\/\/smania.store\/pl\/wp-json\/wp\/v2\/media\/91971"}],"wp:attachment":[{"href":"https:\/\/smania.store\/pl\/wp-json\/wp\/v2\/media?parent=91825"}],"wp:term":[{"taxonomy":"product_cat","embeddable":true,"href":"https:\/\/smania.store\/pl\/wp-json\/wp\/v2\/product_cat?post=91825"},{"taxonomy":"product_tag","embeddable":true,"href":"https:\/\/smania.store\/pl\/wp-json\/wp\/v2\/product_tag?post=91825"}],"curies":[{"name":"wp","href":"https:\/\/api.w.org\/{rel}","templated":true}]}}