{"id":91527,"date":"2025-08-19T10:58:51","date_gmt":"2025-08-19T08:58:51","guid":{"rendered":"https:\/\/smania.store\/pl\/produkt\/nadmuchiwana-poduszka-ciazowa-cozymama\/"},"modified":"2026-03-26T22:12:12","modified_gmt":"2026-03-26T21:12:12","slug":"nadmuchiwana-poduszka-ciazowa-cozymama","status":"publish","type":"product","link":"https:\/\/smania.store\/pl\/produkt\/nadmuchiwana-poduszka-ciazowa-cozymama\/","title":{"rendered":"Nadmuchiwana poduszka ci\u0105\u017cowa CozyMama\u2122"},"content":{"rendered":"<div class=\"smania_landing_description_title\">NOWO\u015a\u0106: Komfort dla przysz\u0142ych mam<\/div>\n<div class=\"smania_landing_description_txt\">Do\u015bwiadcz niezr\u00f3wnanego komfortu i ulgi dla brzucha!<\/div>\n<div class=\"smania_landing_description_subtitle\">Po\u017cegnajcie niespokojne noce i b\u00f3le plec\u00f3w, przysz\u0142e mamy!<\/div>\n<div class=\"smania_landing_description_list\">\n<ul>\n<li>Wspiera optymalne u\u0142o\u017cenie p\u0142odu<\/li>\n<li>Natychmiast \u0142agodzi b\u00f3l w dolnej cz\u0119\u015bci plec\u00f3w<\/li>\n<li>Zwi\u0119ksza pojemno\u015b\u0107 p\u0142uc<\/li>\n<li>Zmniejsza liczb\u0119 ci\u0119\u0107 cesarskich i b\u00f3l porodowy<\/li>\n<li>Idealny rozmiar dla maksymalnego wsparcia<\/li>\n<\/ul><\/div>\n","protected":false},"excerpt":{"rendered":"<p>Poprawia jako\u015b\u0107 snu|Poprawia zdrowie matki i p\u0142odu|Zach\u0119ca do odpoczynku w zrelaksowanej pozycji|\u0141atwy w czyszczeniu i konserwacji|Kolor: r\u00f3\u017cowy|Materia\u0142: PVC, bawe\u0142na|Wymiary: 170 x 65 x 22 cm|No\u015bno\u015b\u0107: 125 kg<\/p>\n","protected":false},"featured_media":91514,"template":"","meta":[],"product_cat":[16,17],"product_tag":[1481],"acf":[],"_links":{"self":[{"href":"https:\/\/smania.store\/pl\/wp-json\/wp\/v2\/product\/91527"}],"collection":[{"href":"https:\/\/smania.store\/pl\/wp-json\/wp\/v2\/product"}],"about":[{"href":"https:\/\/smania.store\/pl\/wp-json\/wp\/v2\/types\/product"}],"wp:featuredmedia":[{"embeddable":true,"href":"https:\/\/smania.store\/pl\/wp-json\/wp\/v2\/media\/91514"}],"wp:attachment":[{"href":"https:\/\/smania.store\/pl\/wp-json\/wp\/v2\/media?parent=91527"}],"wp:term":[{"taxonomy":"product_cat","embeddable":true,"href":"https:\/\/smania.store\/pl\/wp-json\/wp\/v2\/product_cat?post=91527"},{"taxonomy":"product_tag","embeddable":true,"href":"https:\/\/smania.store\/pl\/wp-json\/wp\/v2\/product_tag?post=91527"}],"curies":[{"name":"wp","href":"https:\/\/api.w.org\/{rel}","templated":true}]}}