{"id":91338,"date":"2025-08-11T08:11:07","date_gmt":"2025-08-11T06:11:07","guid":{"rendered":"https:\/\/smania.store\/pl\/produkt\/stepfit-stepper-schodowy-z-uchwytem\/"},"modified":"2026-04-26T10:04:50","modified_gmt":"2026-04-26T08:04:50","slug":"stepfit-stepper-schodowy-z-uchwytem","status":"publish","type":"product","link":"https:\/\/smania.store\/pl\/produkt\/stepfit-stepper-schodowy-z-uchwytem\/","title":{"rendered":"StepFIT\u2122 stepper schodowy z uchwytem"},"content":{"rendered":"<div class=\"smania_landing_description_title\">NOWO\u015a\u0106: Wyrze\u017ab i uj\u0119drnij w kilka minut<\/div>\n<div class=\"smania_landing_description_txt\">Przekszta\u0142\u0107 swoje cia\u0142o w zaciszu w\u0142asnego domu!<\/div>\n<div class=\"smania_landing_description_subtitle\">Odkryj StepFIT\u2122 &#8211; najlepsz\u0105 maszyn\u0119 do \u0107wicze\u0144 w domu!<\/div>\n<div class=\"smania_landing_description_list\">\n<ul>\n<li>Innowacyjne nachylenie 45\u00b0 dla doskona\u0142ego spalania t\u0142uszczu<\/li>\n<li>rozstaw 46 cm dla pe\u0142nego wyprostu n\u00f3g<\/li>\n<li>Stalowa rama klasy komercyjnej wytrzymuje obci\u0105\u017cenie 136 kg<\/li>\n<li>Regulowana wysoko\u015b\u0107 kierownicy dla wszechstronnych trening\u00f3w<\/li>\n<li>Mo\u017cliwo\u015b\u0107 dostosowania k\u0105ta nachylenia peda\u0142\u00f3w do konkretnych mi\u0119\u015bni<\/li>\n<li>Kompaktowa konstrukcja sk\u0142adana w 30 sekund<\/li>\n<li>Minimalny nacisk na stawy kolanowe<\/li>\n<\/ul><\/div>\n","protected":false},"excerpt":{"rendered":"<p>Dok\u0142adne dane treningowe w czasie rzeczywistym|Dostosowane treningi dla wszystkich poziom\u00f3w sprawno\u015bci|Zwi\u0119kszona wydajno\u015b\u0107 spalania t\u0142uszczu w ca\u0142ym ciele|Wytrzyma\u0142a i stabilna konstrukcja z podw\u00f3jnym tr\u00f3jk\u0105tem|Kolor: bia\u0142y \/ czarny|Materia\u0142y: stal stopowa, tworzywo sztuczne|Wymiary po roz\u0142o\u017ceniu: 114 cm (wysoko\u015b\u0107) x 63,5 cm (g\u0142\u0119boko\u015b\u0107) x 50,8 cm (szeroko\u015b\u0107)|Wy\u015bwietlacz LCD: kroki, kalorie, czas, pr\u0119dko\u015b\u0107|Zasilanie: 1 bateria AA (brak w zestawie)<\/p>\n","protected":false},"featured_media":92760,"template":"","meta":[],"product_cat":[16,21],"product_tag":[1651],"acf":[],"_links":{"self":[{"href":"https:\/\/smania.store\/pl\/wp-json\/wp\/v2\/product\/91338"}],"collection":[{"href":"https:\/\/smania.store\/pl\/wp-json\/wp\/v2\/product"}],"about":[{"href":"https:\/\/smania.store\/pl\/wp-json\/wp\/v2\/types\/product"}],"wp:featuredmedia":[{"embeddable":true,"href":"https:\/\/smania.store\/pl\/wp-json\/wp\/v2\/media\/92760"}],"wp:attachment":[{"href":"https:\/\/smania.store\/pl\/wp-json\/wp\/v2\/media?parent=91338"}],"wp:term":[{"taxonomy":"product_cat","embeddable":true,"href":"https:\/\/smania.store\/pl\/wp-json\/wp\/v2\/product_cat?post=91338"},{"taxonomy":"product_tag","embeddable":true,"href":"https:\/\/smania.store\/pl\/wp-json\/wp\/v2\/product_tag?post=91338"}],"curies":[{"name":"wp","href":"https:\/\/api.w.org\/{rel}","templated":true}]}}