{"id":91183,"date":"2025-08-01T15:04:23","date_gmt":"2025-08-01T13:04:23","guid":{"rendered":"https:\/\/smania.store\/pl\/produkt\/solidmax-srodek-do-usuwania-kamienia\/"},"modified":"2026-04-16T17:38:52","modified_gmt":"2026-04-16T15:38:52","slug":"solidmax-srodek-do-usuwania-kamienia","status":"publish","type":"product","link":"https:\/\/smania.store\/pl\/produkt\/solidmax-srodek-do-usuwania-kamienia\/","title":{"rendered":"SolidMax &#8211; \u015arodek do usuwania kamienia"},"content":{"rendered":"<div class=\"smania_landing_description_title\">NOWO\u015a\u0106! Wr\u00f3g upartego skalowania!<\/div>\n<div class=\"smania_landing_description_txt\">Niesamowita czysto\u015b\u0107 w 3 krokach<\/div>\n<div class=\"smania_landing_description_subtitle\">Zm\u0119czony wielogodzinnym szorowaniem? SolidMax sprawia, \u017ce czyszczenie staje si\u0119 przyjemno\u015bci\u0105! Ta innowacyjna formu\u0142a z \u0142atwo\u015bci\u0105 rozpuszcza kamie\u0144, wap\u0144 i inne plamy z twardej wody, a nawet tworzy warstw\u0119 ochronn\u0105, aby zapobiec przysz\u0142ym osadom! Po prostu na\u0142\u00f3\u017c, pozw\u00f3l mu dzia\u0142a\u0107 i zetrzyj plamy bez wysi\u0142ku. Spraw, aby czyszczenie by\u0142o \u0142atwe i przyjemne dzi\u0119ki SolidMax!<\/div>\n<div class=\"smania_landing_description_list\">\n<ul>\n<li>\u0141atwo rozpuszcza kamie\u0144<\/li>\n<li>Usuwa wap\u0144 i plamy z twardej wody<\/li>\n<li>Warstwa ochronna przed kolejnymi osadami<\/li>\n<li>\u0141atwy w u\u017cyciu, nie wymaga szorowania<\/li>\n<li>Szybkie i skuteczne rezultaty<\/li>\n<li>Czy\u015bci wanny, krany, zlewy i bidety<\/li>\n<\/ul><\/div>\n","protected":false},"excerpt":{"rendered":"<p>Natychmiastowy efekt w kilka minut|Delikatny dla powierzchni|D\u0142ugotrwa\u0142a czysto\u015b\u0107|\u0141atwa aplikacja|Profesjonalne czyszczenie w domu|Koniec z uporczywymi plamami|Wi\u0119ksza ochrona, mniej pracy|Radzi sobie z najtrudniejszymi kamieniami wodnymi<\/p>\n","protected":false},"featured_media":91172,"template":"","meta":[],"product_cat":[2739],"product_tag":[2740],"acf":[],"_links":{"self":[{"href":"https:\/\/smania.store\/pl\/wp-json\/wp\/v2\/product\/91183"}],"collection":[{"href":"https:\/\/smania.store\/pl\/wp-json\/wp\/v2\/product"}],"about":[{"href":"https:\/\/smania.store\/pl\/wp-json\/wp\/v2\/types\/product"}],"wp:featuredmedia":[{"embeddable":true,"href":"https:\/\/smania.store\/pl\/wp-json\/wp\/v2\/media\/91172"}],"wp:attachment":[{"href":"https:\/\/smania.store\/pl\/wp-json\/wp\/v2\/media?parent=91183"}],"wp:term":[{"taxonomy":"product_cat","embeddable":true,"href":"https:\/\/smania.store\/pl\/wp-json\/wp\/v2\/product_cat?post=91183"},{"taxonomy":"product_tag","embeddable":true,"href":"https:\/\/smania.store\/pl\/wp-json\/wp\/v2\/product_tag?post=91183"}],"curies":[{"name":"wp","href":"https:\/\/api.w.org\/{rel}","templated":true}]}}