{"id":90786,"date":"2025-07-08T11:36:08","date_gmt":"2025-07-08T09:36:08","guid":{"rendered":"https:\/\/smania.store\/pl\/produkt\/campmate-skladany-aluminiowy-stol-kempingowy-z-4-krzeslami\/"},"modified":"2025-08-22T16:31:12","modified_gmt":"2025-08-22T14:31:12","slug":"campmate-skladany-aluminiowy-stol-kempingowy-z-4-krzeslami","status":"publish","type":"product","link":"https:\/\/smania.store\/pl\/produkt\/campmate-skladany-aluminiowy-stol-kempingowy-z-4-krzeslami\/","title":{"rendered":"CampMate\u2122 Sk\u0142adany aluminiowy st\u00f3\u0142 kempingowy z 4 krzes\u0142ami"},"content":{"rendered":"<div class=\"smania_landing_description_title\">NOWO\u015a\u0106, bardzo wytrzyma\u0142e krzes\u0142o sk\u0142adane<\/div>\n<div class=\"smania_landing_description_txt\">Ob\u00f3z gdziekolwiek i kiedykolwiek!<\/div>\n<div class=\"smania_landing_description_subtitle\">Dzi\u0119ki CampMate\u2122 mo\u017cesz stworzy\u0107 w\u0142asn\u0105 przygod\u0119 podczas wakacji!<\/div>\n<div class=\"smania_landing_description_list\">\n<ul>\n<li>Idealny na kemping, piknik, do ogrodu lub domu<\/li>\n<li>Sk\u0142adana konstrukcja, jednostanowiskowa, gdziekolwiek jeste\u015b<\/li>\n<li>Kompaktowa konstrukcja o du\u017cej \u0142adowno\u015bci<\/li>\n<li>Idealny dla 4 os\u00f3b<\/li>\n<\/ul><\/div>\n","protected":false},"excerpt":{"rendered":"<p>Utwardzenie lakieru zajmuje kilka sekund|Wykonany z wytrzyma\u0142ego stopu aluminium|Sk\u0142adana konstrukcja u\u0142atwiaj\u0105ca przenoszenie|Wodoodporny do u\u017cytku przez ca\u0142y rok|Nadaje si\u0119 do u\u017cytku wewn\u0119trznego i zewn\u0119trznego|Materia\u0142: aluminium|Wymiary umieszczonego sto\u0142u: 120 x 60 cm|Regulowana wysoko\u015b\u0107 sto\u0142u: 55 cm, 62 cm, 70 cm|Wymiary po z\u0142o\u017ceniu: 60 x 60 x 8 cm|No\u015bno\u015b\u0107 sto\u0142u: 50 kg|No\u015bno\u015b\u0107 krzes\u0142a: 100 kg|Waga produktu: 6,7 kg<\/p>\n","protected":false},"featured_media":90774,"template":"","meta":[],"product_cat":[16,21],"product_tag":[],"acf":[],"_links":{"self":[{"href":"https:\/\/smania.store\/pl\/wp-json\/wp\/v2\/product\/90786"}],"collection":[{"href":"https:\/\/smania.store\/pl\/wp-json\/wp\/v2\/product"}],"about":[{"href":"https:\/\/smania.store\/pl\/wp-json\/wp\/v2\/types\/product"}],"wp:featuredmedia":[{"embeddable":true,"href":"https:\/\/smania.store\/pl\/wp-json\/wp\/v2\/media\/90774"}],"wp:attachment":[{"href":"https:\/\/smania.store\/pl\/wp-json\/wp\/v2\/media?parent=90786"}],"wp:term":[{"taxonomy":"product_cat","embeddable":true,"href":"https:\/\/smania.store\/pl\/wp-json\/wp\/v2\/product_cat?post=90786"},{"taxonomy":"product_tag","embeddable":true,"href":"https:\/\/smania.store\/pl\/wp-json\/wp\/v2\/product_tag?post=90786"}],"curies":[{"name":"wp","href":"https:\/\/api.w.org\/{rel}","templated":true}]}}