{"id":90684,"date":"2025-07-01T11:18:20","date_gmt":"2025-07-01T09:18:20","guid":{"rendered":"https:\/\/smania.store\/pl\/produkt\/bechair-skladane-tapicerowane-oparcie-plazowe\/"},"modified":"2025-08-06T07:51:46","modified_gmt":"2025-08-06T05:51:46","slug":"bechair-skladane-tapicerowane-oparcie-plazowe","status":"publish","type":"product","link":"https:\/\/smania.store\/pl\/produkt\/bechair-skladane-tapicerowane-oparcie-plazowe\/","title":{"rendered":"BECHAIR\u2122 sk\u0142adane tapicerowane oparcie pla\u017cowe"},"content":{"rendered":"<div class=\"smania_landing_description_title\">NOWO\u015a\u0106, wy\u017cszy komfort i relaks na wszystkich typach pla\u017c<\/div>\n<div class=\"smania_landing_description_txt\">Roz\u0142\u00f3\u017c si\u0119 lub usi\u0105d\u017a wygodnie podczas relaksu na pla\u017cy!<\/div>\n<div class=\"smania_landing_description_subtitle\">  Wiele regulowanych pozycji z ekstra wygodn\u0105 poduszk\u0105, idealne na wszystkie rodzaje powierzchni pla\u017cowych!  <\/div>\n<div class=\"smania_landing_description_list\">\n<ul>\n<li>Sk\u0142adana konstrukcja, regulowana w 5 wygodnych pozycjach<\/li>\n<li>Gruba i wygodna poduszka, idealna na nier\u00f3wny teren<\/li>\n<li>Trwa\u0142a, wzmocniona podstawa na wi\u0119ksze obci\u0105\u017cenie<\/li>\n<li>Od\u0142\u0105czany, zmywalny, wodoodporny pokrowiec<\/li>\n<li>Z 2 bocznymi kieszeniami na pla\u017cowe niezb\u0119dniki<\/li>\n<li>Lekki i \u0142atwy do przenoszenia<\/li>\n<\/ul><\/div>\n","protected":false},"excerpt":{"rendered":"<p>System noszenia plecaka dla \u0142atwego transportu|Tkanina szybko schnie \u2013 bez problemu|Dwie praktyczne boczne kieszenie na niezb\u0119dniki|Ud\u017awig do 125 kg|Kolor: niebieski \/ r\u00f3\u017cowy|Materia\u0142: stal nierdzewna, poliester 600D, pianka|Waga: 4 kg|No\u015bno\u015b\u0107: 125 kg|Wymiary po z\u0142o\u017ceniu: 55 \u00d7 45 \u00d7 15 cm|Wymiary po roz\u0142o\u017ceniu: 102 \u00d7 45 \u00d7 7 cm|Regulowane k\u0105ty: 15\u00b0, 30\u00b0, 45\u00b0, 60\u00b0, 75\u00b0<\/p>\n","protected":false},"featured_media":90672,"template":"","meta":[],"product_cat":[16,21],"product_tag":[1503],"acf":[],"_links":{"self":[{"href":"https:\/\/smania.store\/pl\/wp-json\/wp\/v2\/product\/90684"}],"collection":[{"href":"https:\/\/smania.store\/pl\/wp-json\/wp\/v2\/product"}],"about":[{"href":"https:\/\/smania.store\/pl\/wp-json\/wp\/v2\/types\/product"}],"wp:featuredmedia":[{"embeddable":true,"href":"https:\/\/smania.store\/pl\/wp-json\/wp\/v2\/media\/90672"}],"wp:attachment":[{"href":"https:\/\/smania.store\/pl\/wp-json\/wp\/v2\/media?parent=90684"}],"wp:term":[{"taxonomy":"product_cat","embeddable":true,"href":"https:\/\/smania.store\/pl\/wp-json\/wp\/v2\/product_cat?post=90684"},{"taxonomy":"product_tag","embeddable":true,"href":"https:\/\/smania.store\/pl\/wp-json\/wp\/v2\/product_tag?post=90684"}],"curies":[{"name":"wp","href":"https:\/\/api.w.org\/{rel}","templated":true}]}}