{"id":90540,"date":"2025-06-10T14:05:00","date_gmt":"2025-06-10T12:05:00","guid":{"rendered":"https:\/\/smania.store\/pl\/produkt\/deskcart-ruchomy-stolik-kawowy-w-ksztalcie-litery-c\/"},"modified":"2026-04-16T14:13:35","modified_gmt":"2026-04-16T12:13:35","slug":"deskcart-ruchomy-stolik-kawowy-w-ksztalcie-litery-c","status":"publish","type":"product","link":"https:\/\/smania.store\/pl\/produkt\/deskcart-ruchomy-stolik-kawowy-w-ksztalcie-litery-c\/","title":{"rendered":"DeskCart\u2122 Ruchomy stolik kawowy w kszta\u0142cie litery C"},"content":{"rendered":"<div class=\"smania_landing_description_title\">NOWO\u015a\u0106, poprawia wystr\u00f3j domu<\/div>\n<div class=\"smania_landing_description_txt\">TWOJA PRZESTRZE\u0143, TW\u00d3J STYL, TW\u00d3J STOLIK KAWOWY<\/div>\n<div class=\"smania_landing_description_subtitle\">Mebel, kt\u00f3ry idealnie pasuje do Twoich potrzeb.<\/div>\n<div class=\"smania_landing_description_list\">\n<ul>\n<li>Kompaktowa konstrukcja oszcz\u0119dzaj\u0105ca miejsce<\/li>\n<li>Idealny do salonu, sypialni i biura<\/li>\n<li>\u0141atwy do przemieszczania dzi\u0119ki uniwersalnym k\u00f3\u0142kom<\/li>\n<li>Idealna wysoko\u015b\u0107 dla sof i \u0142\u00f3\u017cek<\/li>\n<li>Szybki monta\u017c bez u\u017cycia narz\u0119dzi<\/li>\n<\/ul><\/div>\n","protected":false},"excerpt":{"rendered":"<p>Solidna konstrukcja z trwa\u0142ych materia\u0142\u00f3w|k\u00f3\u0142ka 360 stopni dla \u0142atwego przemieszczania|Idealny do ma\u0142ych przestrzeni i ciasnych naro\u017cnik\u00f3w|\u0141atwa do czyszczenia i trwa\u0142a powierzchnia|Kolor: Ciemnobr\u0105zowy|Kolor metalowej ramy: czarny|Waga: 3 kg|Wymiary: 40 \u00d7 28 \u00d7 62 cm<\/p>\n","protected":false},"featured_media":90531,"template":"","meta":[],"product_cat":[16],"product_tag":[2484],"acf":[],"_links":{"self":[{"href":"https:\/\/smania.store\/pl\/wp-json\/wp\/v2\/product\/90540"}],"collection":[{"href":"https:\/\/smania.store\/pl\/wp-json\/wp\/v2\/product"}],"about":[{"href":"https:\/\/smania.store\/pl\/wp-json\/wp\/v2\/types\/product"}],"wp:featuredmedia":[{"embeddable":true,"href":"https:\/\/smania.store\/pl\/wp-json\/wp\/v2\/media\/90531"}],"wp:attachment":[{"href":"https:\/\/smania.store\/pl\/wp-json\/wp\/v2\/media?parent=90540"}],"wp:term":[{"taxonomy":"product_cat","embeddable":true,"href":"https:\/\/smania.store\/pl\/wp-json\/wp\/v2\/product_cat?post=90540"},{"taxonomy":"product_tag","embeddable":true,"href":"https:\/\/smania.store\/pl\/wp-json\/wp\/v2\/product_tag?post=90540"}],"curies":[{"name":"wp","href":"https:\/\/api.w.org\/{rel}","templated":true}]}}