{"id":90121,"date":"2025-05-14T11:11:09","date_gmt":"2025-05-14T09:11:09","guid":{"rendered":"https:\/\/smania.store\/pl\/produkt\/collastick-koreanski-sztyft-kolagenowy-o-dzialaniu-przeciwstarzeniowym\/"},"modified":"2025-10-03T22:37:59","modified_gmt":"2025-10-03T20:37:59","slug":"collastick-koreanski-sztyft-kolagenowy-o-dzialaniu-przeciwstarzeniowym","status":"publish","type":"product","link":"https:\/\/smania.store\/pl\/produkt\/collastick-koreanski-sztyft-kolagenowy-o-dzialaniu-przeciwstarzeniowym\/","title":{"rendered":"CollaStick\u2122 korea\u0144ski sztyft kolagenowy o dzia\u0142aniu przeciwstarzeniowym"},"content":{"rendered":"<div class=\"smania_landing_description_title\">NOWO\u015a\u0106: G\u0142\u0119bokie nawil\u017cenie, naturalny blask i dzia\u0142anie przeciwstarzeniowe dla sk\u00f3ry<\/div>\n<div class=\"smania_landing_description_txt\">Odkryj swoje naturalne pi\u0119kno: G\u0142\u0119bokie nawil\u017cenie i natychmiastowy blask!<\/div>\n<div class=\"smania_landing_description_subtitle\">Odkryj korea\u0144ski sztyft kolagenowy CollaStick\u2122, sekret mi\u0119kkiej i promiennej sk\u00f3ry. Nasza wyj\u0105tkowa formu\u0142a kolagenowa zapewnia g\u0142\u0119bokie nawil\u017cenie, zamieniaj\u0105c ka\u017cd\u0105 aplikacj\u0119 w wyj\u0105tkowy rytua\u0142 piel\u0119gnacyjny. Nie przegap okazji, by podarowa\u0107 swojej sk\u00f3rze piel\u0119gnacj\u0119, na jak\u0105 zas\u0142uguje &#8211; poczujesz r\u00f3\u017cnic\u0119!<\/div>\n<div class=\"smania_landing_description_list\">\n<ul>\n<li>Odpowiedni dla wszystkich rodzaj\u00f3w sk\u00f3ry, nawet najbardziej wra\u017cliwej<\/li>\n<li>Zawiera kwas hialuronowy<\/li>\n<li>Intensywne nawil\u017cenie dla mi\u0119kkiej, g\u0142adkiej sk\u00f3ry<\/li>\n<li>Wspomaga naturaln\u0105 produkcj\u0119 kolagenu<\/li>\n<li>Redukuje zmarszczki i poprawia elastyczno\u015b\u0107<\/li>\n<li>Idealny do twarzy i cia\u0142a, kompleksowe nawil\u017cenie<\/li>\n<li>Zwalcza zmarszczki i drobne linie, zapewniaj\u0105c m\u0142odzie\u0144czy wygl\u0105d<\/li>\n<\/ul><\/div>\n","protected":false},"excerpt":{"rendered":"<p>formu\u0142a 3 w 1: nawil\u017ca, rozja\u015bnia i nadaje naturalny kolor|Szybko si\u0119 wch\u0142ania bez pozostawiania \u015blad\u00f3w|Kompaktowy i praktyczny|Nak\u0142ada\u0107 na czyst\u0105, such\u0105 sk\u00f3r\u0119, wmasowa\u0107 do wch\u0142oni\u0119cia|Stosowa\u0107 rano i wieczorem dla uzyskania najlepszych rezultat\u00f3w|Widoczne rezultaty po kilku tygodniach ci\u0105g\u0142ego stosowania|Kolagen dla elastyczno\u015bci i j\u0119drno\u015bci sk\u00f3ry|Wega\u0144ska formu\u0142a z bezpiecznymi i skutecznymi sk\u0142adnikami|Zawiera: Kolagen, Kwas hialuronowy, Gliceryn\u0119, Tokoferol, Niacynamid|Kompaktowy rozmiar 9 g, idealny do poprawek w dowolnym miejscu|Trwa\u0142o\u015b\u0107 oko\u0142o 2-3 miesi\u0119cy regularnego stosowania<\/p>\n","protected":false},"featured_media":90287,"template":"","meta":[],"product_cat":[19],"product_tag":[1616,1840,1855],"acf":[],"_links":{"self":[{"href":"https:\/\/smania.store\/pl\/wp-json\/wp\/v2\/product\/90121"}],"collection":[{"href":"https:\/\/smania.store\/pl\/wp-json\/wp\/v2\/product"}],"about":[{"href":"https:\/\/smania.store\/pl\/wp-json\/wp\/v2\/types\/product"}],"wp:featuredmedia":[{"embeddable":true,"href":"https:\/\/smania.store\/pl\/wp-json\/wp\/v2\/media\/90287"}],"wp:attachment":[{"href":"https:\/\/smania.store\/pl\/wp-json\/wp\/v2\/media?parent=90121"}],"wp:term":[{"taxonomy":"product_cat","embeddable":true,"href":"https:\/\/smania.store\/pl\/wp-json\/wp\/v2\/product_cat?post=90121"},{"taxonomy":"product_tag","embeddable":true,"href":"https:\/\/smania.store\/pl\/wp-json\/wp\/v2\/product_tag?post=90121"}],"curies":[{"name":"wp","href":"https:\/\/api.w.org\/{rel}","templated":true}]}}